{"id":111,"date":"2018-05-08T10:28:05","date_gmt":"2018-05-08T10:28:05","guid":{"rendered":"http:\/\/koirasalmi.com\/?page_id=111"},"modified":"2020-08-26T10:06:06","modified_gmt":"2020-08-26T10:06:06","slug":"luonnollisesti-mm","status":"publish","type":"page","link":"https:\/\/koirasalmi.com\/index.php\/ota-yhteytta\/luonnollisesti-mm\/","title":{"rendered":"Luonnollisesti M&#038;M"},"content":{"rendered":"<h4>Toiminimi <a href=\"https:\/\/www.facebook.com\/luonnollisestimm\/\" target=\"_blank\" rel=\"noopener noreferrer\">Luonnollisesti M&amp;M<\/a> palvelee asiakkaita Koirasalmen luontotuvalla, Mets\u00e4hallitukselta vuokratuissa tiloissa Koirasalmen alueella.<\/h4>\n<ul>\n<li>Toimintaamme kuuluvat suurella syd\u00e4mell\u00e4 tehty opastus, muonitus, kahvitus ja majoitus.<\/li>\n<li>Palvelemme luonnollisesti kaikkia jotka tuntevat samaa vetoa Salamaj\u00e4rven kansallispuistoon ja Koirasalmeen kuin mekin. \ud83d\ude42 \ud83d\ude42<\/li>\n<\/ul>\n<p><img decoding=\"async\" class=\"wp-image-598 size-large lazyload\" title=\"Meren \u00e4\u00e4rell\u00e4 lomailemassa luonnollisesti rauhasta nauttien,kallioilla istuskellen\" data-src=\"https:\/\/koirasalmi.com\/wp-content\/uploads\/2018\/05\/DSC_0012_1-e1527434725737-1024x399.jpg\" alt=\"Meren \u00e4\u00e4rell\u00e4 lomailemassa luonnollisesti rauhasta nauttien\" width=\"1024\" height=\"399\" data-srcset=\"https:\/\/koirasalmi.com\/wp-content\/uploads\/2018\/05\/DSC_0012_1-e1527434725737-1024x399.jpg 1024w, https:\/\/koirasalmi.com\/wp-content\/uploads\/2018\/05\/DSC_0012_1-e1527434725737-300x117.jpg 300w, https:\/\/koirasalmi.com\/wp-content\/uploads\/2018\/05\/DSC_0012_1-e1527434725737-768x300.jpg 768w, https:\/\/koirasalmi.com\/wp-content\/uploads\/2018\/05\/DSC_0012_1-e1527434725737.jpg 1500w\" data-sizes=\"(max-width: 1024px) 100vw, 1024px\" src=\"data:image\/svg+xml;base64,PHN2ZyB3aWR0aD0iMSIgaGVpZ2h0PSIxIiB4bWxucz0iaHR0cDovL3d3dy53My5vcmcvMjAwMC9zdmciPjwvc3ZnPg==\" style=\"--smush-placeholder-width: 1024px; --smush-placeholder-aspect-ratio: 1024\/399;\" \/><\/p>\n<p>&nbsp;<\/p>\n<p><a href=\"https:\/\/www.facebook.com\/luonnollisestimm\/\" target=\"_blank\" rel=\"noopener noreferrer\">Facebook: Luonnollisesti M&amp;M<\/a><\/p>\n<div id=\"attachment_599\" style=\"width: 632px\" class=\"wp-caption aligncenter\"><img decoding=\"async\" aria-describedby=\"caption-attachment-599\" class=\"wp-image-599 lazyload\" title=\"Salamaj\u00e4rven kansallispuisto. Kahvitauolla lumikenk\u00e4retkell\u00e4\" data-src=\"http:\/\/koirasalmi.com\/wp-content\/uploads\/2018\/05\/P3213726-1024x768.jpg\" alt=\"Salamaj\u00e4rven kansallispuisto. Kahvitauolla\" width=\"622\" height=\"467\" data-srcset=\"https:\/\/koirasalmi.com\/wp-content\/uploads\/2018\/05\/P3213726-1024x768.jpg 1024w, https:\/\/koirasalmi.com\/wp-content\/uploads\/2018\/05\/P3213726-300x225.jpg 300w, https:\/\/koirasalmi.com\/wp-content\/uploads\/2018\/05\/P3213726-768x576.jpg 768w\" data-sizes=\"(max-width: 622px) 100vw, 622px\" src=\"data:image\/svg+xml;base64,PHN2ZyB3aWR0aD0iMSIgaGVpZ2h0PSIxIiB4bWxucz0iaHR0cDovL3d3dy53My5vcmcvMjAwMC9zdmciPjwvc3ZnPg==\" style=\"--smush-placeholder-width: 622px; --smush-placeholder-aspect-ratio: 622\/467;\" \/><p id=\"caption-attachment-599\" class=\"wp-caption-text\"><a href=\"https:\/\/www.luontoon.fi\/salamajarvi\" target=\"_blank\" rel=\"noopener noreferrer\">Salamaj\u00e4rven kansallispuisto<\/a>. Kahvitauolla.<\/p><\/div>\n<p>&nbsp;<\/p>\n<div id=\"attachment_600\" style=\"width: 632px\" class=\"wp-caption aligncenter\"><img decoding=\"async\" aria-describedby=\"caption-attachment-600\" class=\"wp-image-600 lazyload\" title=\"Salamaj\u00e4rven kansallispuisto , Koirasalmen luontotupa. Luonnollisesti kahvion ja kioskin takana Maarit ja Markku\" data-src=\"http:\/\/koirasalmi.com\/wp-content\/uploads\/2018\/05\/unnamed-5-1024x683.jpg\" alt=\"Salamaj\u00e4rven kansallispuisto , Koirasalmen luontotupa. Kahvio ja kioski\" width=\"622\" height=\"415\" data-srcset=\"https:\/\/koirasalmi.com\/wp-content\/uploads\/2018\/05\/unnamed-5-1024x683.jpg 1024w, https:\/\/koirasalmi.com\/wp-content\/uploads\/2018\/05\/unnamed-5-300x200.jpg 300w, https:\/\/koirasalmi.com\/wp-content\/uploads\/2018\/05\/unnamed-5-768x512.jpg 768w, https:\/\/koirasalmi.com\/wp-content\/uploads\/2018\/05\/unnamed-5.jpg 1155w\" data-sizes=\"(max-width: 622px) 100vw, 622px\" src=\"data:image\/svg+xml;base64,PHN2ZyB3aWR0aD0iMSIgaGVpZ2h0PSIxIiB4bWxucz0iaHR0cDovL3d3dy53My5vcmcvMjAwMC9zdmciPjwvc3ZnPg==\" style=\"--smush-placeholder-width: 622px; --smush-placeholder-aspect-ratio: 622\/415;\" \/><p id=\"caption-attachment-600\" class=\"wp-caption-text\"><a href=\"https:\/\/www.luontoon.fi\/salamajarvi\" target=\"_blank\" rel=\"noopener noreferrer\">Salamaj\u00e4rven kansallispuisto<\/a>. Koirasalmen luontotupa. Kahvio ja kioski.<\/p><\/div>\n<p>&nbsp;<\/p>\n<p>&nbsp;<\/p>\n<p>&nbsp;<\/p>\n","protected":false},"excerpt":{"rendered":"<p>Toiminimi Luonnollisesti M&amp;M palvelee asiakkaita Koirasalmen luontotuvalla, Mets\u00e4hallitukselta vuokratuissa tiloissa Koirasalmen alueella. Toimintaamme kuuluvat suurella syd\u00e4mell\u00e4 tehty opastus, muonitus, kahvitus ja majoitus. Palvelemme luonnollisesti kaikkia jotka tuntevat samaa vetoa Salamaj\u00e4rven kansallispuistoon ja Koirasalmeen kuin&#46;&#46;&#46;<\/p>\n","protected":false},"author":1,"featured_media":0,"parent":84,"menu_order":0,"comment_status":"closed","ping_status":"closed","template":"","meta":{"_exactmetrics_skip_tracking":false,"_exactmetrics_sitenote_active":false,"_exactmetrics_sitenote_note":"","_exactmetrics_sitenote_category":0,"footnotes":""},"class_list":["post-111","page","type-page","status-publish","hentry"],"yoast_head":"<!-- This site is optimized with the Yoast SEO plugin v26.8 - https:\/\/yoast.com\/product\/yoast-seo-wordpress\/ -->\n<title>Luonnollisesti M&amp;M - Koirasalmi.com<\/title>\n<meta name=\"description\" content=\"Toiminimi Luonnollisesti M&amp;M palvelee asiakkaita luonnollisesti Koirasalmen luontotuvalla, Mets\u00e4hallitukselta vuokratuissa tiloissa Koirasalmen alueella..\" \/>\n<meta name=\"robots\" content=\"index, follow, max-snippet:-1, max-image-preview:large, max-video-preview:-1\" \/>\n<link rel=\"canonical\" href=\"https:\/\/koirasalmi.com\/index.php\/ota-yhteytta\/luonnollisesti-mm\/\" \/>\n<meta property=\"og:locale\" content=\"fi_FI\" \/>\n<meta property=\"og:type\" content=\"article\" \/>\n<meta property=\"og:title\" content=\"Luonnollisesti M&amp;M - Koirasalmi.com\" \/>\n<meta property=\"og:description\" content=\"Toiminimi Luonnollisesti M&amp;M palvelee asiakkaita luonnollisesti Koirasalmen luontotuvalla, Mets\u00e4hallitukselta vuokratuissa tiloissa Koirasalmen alueella..\" \/>\n<meta property=\"og:url\" content=\"https:\/\/koirasalmi.com\/index.php\/ota-yhteytta\/luonnollisesti-mm\/\" \/>\n<meta property=\"og:site_name\" content=\"Koirasalmi.com\" \/>\n<meta property=\"article:publisher\" content=\"https:\/\/www.facebook.com\/koirasalmi\/\" \/>\n<meta property=\"article:modified_time\" content=\"2020-08-26T10:06:06+00:00\" \/>\n<meta property=\"og:image\" content=\"https:\/\/koirasalmi.com\/wp-content\/uploads\/2018\/05\/DSC_0012_1-e1527434725737-1024x399.jpg\" \/>\n<meta name=\"twitter:card\" content=\"summary_large_image\" \/>\n<script type=\"application\/ld+json\" class=\"yoast-schema-graph\">{\"@context\":\"https:\/\/schema.org\",\"@graph\":[{\"@type\":\"WebPage\",\"@id\":\"https:\/\/koirasalmi.com\/index.php\/ota-yhteytta\/luonnollisesti-mm\/\",\"url\":\"https:\/\/koirasalmi.com\/index.php\/ota-yhteytta\/luonnollisesti-mm\/\",\"name\":\"Luonnollisesti M&M - Koirasalmi.com\",\"isPartOf\":{\"@id\":\"https:\/\/koirasalmi.com\/#website\"},\"primaryImageOfPage\":{\"@id\":\"https:\/\/koirasalmi.com\/index.php\/ota-yhteytta\/luonnollisesti-mm\/#primaryimage\"},\"image\":{\"@id\":\"https:\/\/koirasalmi.com\/index.php\/ota-yhteytta\/luonnollisesti-mm\/#primaryimage\"},\"thumbnailUrl\":\"https:\/\/koirasalmi.com\/wp-content\/uploads\/2018\/05\/DSC_0012_1-e1527434725737-1024x399.jpg\",\"datePublished\":\"2018-05-08T10:28:05+00:00\",\"dateModified\":\"2020-08-26T10:06:06+00:00\",\"description\":\"Toiminimi Luonnollisesti M&M palvelee asiakkaita luonnollisesti Koirasalmen luontotuvalla, Mets\u00e4hallitukselta vuokratuissa tiloissa Koirasalmen alueella..\",\"breadcrumb\":{\"@id\":\"https:\/\/koirasalmi.com\/index.php\/ota-yhteytta\/luonnollisesti-mm\/#breadcrumb\"},\"inLanguage\":\"fi\",\"potentialAction\":[{\"@type\":\"ReadAction\",\"target\":[\"https:\/\/koirasalmi.com\/index.php\/ota-yhteytta\/luonnollisesti-mm\/\"]}]},{\"@type\":\"ImageObject\",\"inLanguage\":\"fi\",\"@id\":\"https:\/\/koirasalmi.com\/index.php\/ota-yhteytta\/luonnollisesti-mm\/#primaryimage\",\"url\":\"https:\/\/koirasalmi.com\/wp-content\/uploads\/2018\/05\/DSC_0012_1-e1527434725737.jpg\",\"contentUrl\":\"https:\/\/koirasalmi.com\/wp-content\/uploads\/2018\/05\/DSC_0012_1-e1527434725737.jpg\",\"width\":1500,\"height\":585,\"caption\":\"Salamaj\u00e4rven kansallispuisto, Koirasalmi tarjoaa luonnosta nauttimista ilman tekemisen suorituspaineita , hiljaisuudesta nauttien.\"},{\"@type\":\"BreadcrumbList\",\"@id\":\"https:\/\/koirasalmi.com\/index.php\/ota-yhteytta\/luonnollisesti-mm\/#breadcrumb\",\"itemListElement\":[{\"@type\":\"ListItem\",\"position\":1,\"name\":\"Home\",\"item\":\"https:\/\/koirasalmi.com\/\"},{\"@type\":\"ListItem\",\"position\":2,\"name\":\"Ota yhteytt\u00e4\",\"item\":\"https:\/\/koirasalmi.com\/index.php\/ota-yhteytta\/\"},{\"@type\":\"ListItem\",\"position\":3,\"name\":\"Luonnollisesti M&#038;M\"}]},{\"@type\":\"WebSite\",\"@id\":\"https:\/\/koirasalmi.com\/#website\",\"url\":\"https:\/\/koirasalmi.com\/\",\"name\":\"Koirasalmi.com\",\"description\":\"Koirasalmen luontotupa | Majoitusta, kahvio-\/ruokapalveluita, sauna, aktiviteetteja Salamaj\u00e4rven kansallispuistossa\",\"publisher\":{\"@id\":\"https:\/\/koirasalmi.com\/#organization\"},\"potentialAction\":[{\"@type\":\"SearchAction\",\"target\":{\"@type\":\"EntryPoint\",\"urlTemplate\":\"https:\/\/koirasalmi.com\/?s={search_term_string}\"},\"query-input\":{\"@type\":\"PropertyValueSpecification\",\"valueRequired\":true,\"valueName\":\"search_term_string\"}}],\"inLanguage\":\"fi\"},{\"@type\":\"Organization\",\"@id\":\"https:\/\/koirasalmi.com\/#organization\",\"name\":\"Koirasalmi, Luonnollisesti M&M\",\"url\":\"https:\/\/koirasalmi.com\/\",\"logo\":{\"@type\":\"ImageObject\",\"inLanguage\":\"fi\",\"@id\":\"https:\/\/koirasalmi.com\/#\/schema\/logo\/image\/\",\"url\":\"https:\/\/koirasalmi.com\/wp-content\/uploads\/2019\/10\/Koirasalmi-logo.jpg\",\"contentUrl\":\"https:\/\/koirasalmi.com\/wp-content\/uploads\/2019\/10\/Koirasalmi-logo.jpg\",\"width\":417,\"height\":184,\"caption\":\"Koirasalmi, Luonnollisesti M&M\"},\"image\":{\"@id\":\"https:\/\/koirasalmi.com\/#\/schema\/logo\/image\/\"},\"sameAs\":[\"https:\/\/www.facebook.com\/koirasalmi\/\",\"https:\/\/www.instagram.com\/koirasalmi\/\",\"https:\/\/www.youtube.com\/channel\/UCq4an76hM_pKMTv76pjXW5A?guided_help_flow=3\"]}]}<\/script>\n<!-- \/ Yoast SEO plugin. -->","yoast_head_json":{"title":"Luonnollisesti M&M - Koirasalmi.com","description":"Toiminimi Luonnollisesti M&M palvelee asiakkaita luonnollisesti Koirasalmen luontotuvalla, Mets\u00e4hallitukselta vuokratuissa tiloissa Koirasalmen alueella..","robots":{"index":"index","follow":"follow","max-snippet":"max-snippet:-1","max-image-preview":"max-image-preview:large","max-video-preview":"max-video-preview:-1"},"canonical":"https:\/\/koirasalmi.com\/index.php\/ota-yhteytta\/luonnollisesti-mm\/","og_locale":"fi_FI","og_type":"article","og_title":"Luonnollisesti M&M - Koirasalmi.com","og_description":"Toiminimi Luonnollisesti M&M palvelee asiakkaita luonnollisesti Koirasalmen luontotuvalla, Mets\u00e4hallitukselta vuokratuissa tiloissa Koirasalmen alueella..","og_url":"https:\/\/koirasalmi.com\/index.php\/ota-yhteytta\/luonnollisesti-mm\/","og_site_name":"Koirasalmi.com","article_publisher":"https:\/\/www.facebook.com\/koirasalmi\/","article_modified_time":"2020-08-26T10:06:06+00:00","og_image":[{"url":"https:\/\/koirasalmi.com\/wp-content\/uploads\/2018\/05\/DSC_0012_1-e1527434725737-1024x399.jpg","type":"","width":"","height":""}],"twitter_card":"summary_large_image","schema":{"@context":"https:\/\/schema.org","@graph":[{"@type":"WebPage","@id":"https:\/\/koirasalmi.com\/index.php\/ota-yhteytta\/luonnollisesti-mm\/","url":"https:\/\/koirasalmi.com\/index.php\/ota-yhteytta\/luonnollisesti-mm\/","name":"Luonnollisesti M&M - Koirasalmi.com","isPartOf":{"@id":"https:\/\/koirasalmi.com\/#website"},"primaryImageOfPage":{"@id":"https:\/\/koirasalmi.com\/index.php\/ota-yhteytta\/luonnollisesti-mm\/#primaryimage"},"image":{"@id":"https:\/\/koirasalmi.com\/index.php\/ota-yhteytta\/luonnollisesti-mm\/#primaryimage"},"thumbnailUrl":"https:\/\/koirasalmi.com\/wp-content\/uploads\/2018\/05\/DSC_0012_1-e1527434725737-1024x399.jpg","datePublished":"2018-05-08T10:28:05+00:00","dateModified":"2020-08-26T10:06:06+00:00","description":"Toiminimi Luonnollisesti M&M palvelee asiakkaita luonnollisesti Koirasalmen luontotuvalla, Mets\u00e4hallitukselta vuokratuissa tiloissa Koirasalmen alueella..","breadcrumb":{"@id":"https:\/\/koirasalmi.com\/index.php\/ota-yhteytta\/luonnollisesti-mm\/#breadcrumb"},"inLanguage":"fi","potentialAction":[{"@type":"ReadAction","target":["https:\/\/koirasalmi.com\/index.php\/ota-yhteytta\/luonnollisesti-mm\/"]}]},{"@type":"ImageObject","inLanguage":"fi","@id":"https:\/\/koirasalmi.com\/index.php\/ota-yhteytta\/luonnollisesti-mm\/#primaryimage","url":"https:\/\/koirasalmi.com\/wp-content\/uploads\/2018\/05\/DSC_0012_1-e1527434725737.jpg","contentUrl":"https:\/\/koirasalmi.com\/wp-content\/uploads\/2018\/05\/DSC_0012_1-e1527434725737.jpg","width":1500,"height":585,"caption":"Salamaj\u00e4rven kansallispuisto, Koirasalmi tarjoaa luonnosta nauttimista ilman tekemisen suorituspaineita , hiljaisuudesta nauttien."},{"@type":"BreadcrumbList","@id":"https:\/\/koirasalmi.com\/index.php\/ota-yhteytta\/luonnollisesti-mm\/#breadcrumb","itemListElement":[{"@type":"ListItem","position":1,"name":"Home","item":"https:\/\/koirasalmi.com\/"},{"@type":"ListItem","position":2,"name":"Ota yhteytt\u00e4","item":"https:\/\/koirasalmi.com\/index.php\/ota-yhteytta\/"},{"@type":"ListItem","position":3,"name":"Luonnollisesti M&#038;M"}]},{"@type":"WebSite","@id":"https:\/\/koirasalmi.com\/#website","url":"https:\/\/koirasalmi.com\/","name":"Koirasalmi.com","description":"Koirasalmen luontotupa | Majoitusta, kahvio-\/ruokapalveluita, sauna, aktiviteetteja Salamaj\u00e4rven kansallispuistossa","publisher":{"@id":"https:\/\/koirasalmi.com\/#organization"},"potentialAction":[{"@type":"SearchAction","target":{"@type":"EntryPoint","urlTemplate":"https:\/\/koirasalmi.com\/?s={search_term_string}"},"query-input":{"@type":"PropertyValueSpecification","valueRequired":true,"valueName":"search_term_string"}}],"inLanguage":"fi"},{"@type":"Organization","@id":"https:\/\/koirasalmi.com\/#organization","name":"Koirasalmi, Luonnollisesti M&M","url":"https:\/\/koirasalmi.com\/","logo":{"@type":"ImageObject","inLanguage":"fi","@id":"https:\/\/koirasalmi.com\/#\/schema\/logo\/image\/","url":"https:\/\/koirasalmi.com\/wp-content\/uploads\/2019\/10\/Koirasalmi-logo.jpg","contentUrl":"https:\/\/koirasalmi.com\/wp-content\/uploads\/2019\/10\/Koirasalmi-logo.jpg","width":417,"height":184,"caption":"Koirasalmi, Luonnollisesti M&M"},"image":{"@id":"https:\/\/koirasalmi.com\/#\/schema\/logo\/image\/"},"sameAs":["https:\/\/www.facebook.com\/koirasalmi\/","https:\/\/www.instagram.com\/koirasalmi\/","https:\/\/www.youtube.com\/channel\/UCq4an76hM_pKMTv76pjXW5A?guided_help_flow=3"]}]}},"_links":{"self":[{"href":"https:\/\/koirasalmi.com\/index.php\/wp-json\/wp\/v2\/pages\/111","targetHints":{"allow":["GET"]}}],"collection":[{"href":"https:\/\/koirasalmi.com\/index.php\/wp-json\/wp\/v2\/pages"}],"about":[{"href":"https:\/\/koirasalmi.com\/index.php\/wp-json\/wp\/v2\/types\/page"}],"author":[{"embeddable":true,"href":"https:\/\/koirasalmi.com\/index.php\/wp-json\/wp\/v2\/users\/1"}],"replies":[{"embeddable":true,"href":"https:\/\/koirasalmi.com\/index.php\/wp-json\/wp\/v2\/comments?post=111"}],"version-history":[{"count":18,"href":"https:\/\/koirasalmi.com\/index.php\/wp-json\/wp\/v2\/pages\/111\/revisions"}],"predecessor-version":[{"id":1424,"href":"https:\/\/koirasalmi.com\/index.php\/wp-json\/wp\/v2\/pages\/111\/revisions\/1424"}],"up":[{"embeddable":true,"href":"https:\/\/koirasalmi.com\/index.php\/wp-json\/wp\/v2\/pages\/84"}],"wp:attachment":[{"href":"https:\/\/koirasalmi.com\/index.php\/wp-json\/wp\/v2\/media?parent=111"}],"curies":[{"name":"wp","href":"https:\/\/api.w.org\/{rel}","templated":true}]}}