{"id":2151,"date":"2022-11-12T15:53:18","date_gmt":"2022-11-12T15:53:18","guid":{"rendered":"https:\/\/koirasalmi.com\/?page_id=2151"},"modified":"2023-11-30T17:39:45","modified_gmt":"2023-11-30T17:39:45","slug":"koirasalmen-caravanpaikat","status":"publish","type":"page","link":"https:\/\/koirasalmi.com\/index.php\/koirasalmen-caravanpaikat\/","title":{"rendered":"Karavaanipaikat"},"content":{"rendered":"<p><strong>Karavaanipaikat<\/strong><\/p>\n<ul>\n<li>Koirasalmen luontotuvan piha-alueella on kuusi numeroitua (1-6 ) s\u00e4hk\u00f6paikkaa asuntoautoille ja -vaunuille. Osa s\u00e4hk\u00f6paikoista on k\u00e4yt\u00f6ss\u00e4 ymp\u00e4ri vuoden. Talviaikaan Koirasalmeen p\u00e4\u00e4see ainoastaan tien 6520 kautta Perhon puoleisesta liittym\u00e4st\u00e4 (Sysilammentie-Koirasalmentie).<\/li>\n<li>S\u00e4hk\u00f6tt\u00f6m\u00e4t numeroidut paikat (5-10) sijaitsevat Koirasalmen kotalaavun ymp\u00e4rist\u00f6ss\u00e4 sek\u00e4 Heikinlammentien varressa (11-16).<\/li>\n<li>Karavaanareilla ovat k\u00e4yt\u00f6ss\u00e4 ulkovessat, nuotiopaikat, vesipiste luontotuvan sein\u00e4ss\u00e4, tiskauspaikka tallin kuistilla, j\u00e4teastiat sek\u00e4 ajokaivo jonne voi tyhjent\u00e4\u00e4 harmaat- ja wc vedet. Rantasauna on erikseen vuokrattavissa.<\/li>\n<li>Karavaanipaikan voi varata etuk\u00e4teen soittamalla tai s\u00e4hk\u00f6postitse.<\/li>\n<li>Autoissa ja vaunuissa y\u00f6pyminen on sallittua ainoastaan numeroiduilla karavaanipaikoilla .<\/li>\n<\/ul>\n<p><img decoding=\"async\" class=\"alignnone size-medium lazyload\" data-src=\"https:\/\/koirasalmi.com\/wp-content\/uploads\/2018\/05\/DSC_0120-e1527423758412.jpg\" alt=\"S\u00e4hk\u00f6paikat 1-6\" width=\"1034\" height=\"518\" src=\"data:image\/svg+xml;base64,PHN2ZyB3aWR0aD0iMSIgaGVpZ2h0PSIxIiB4bWxucz0iaHR0cDovL3d3dy53My5vcmcvMjAwMC9zdmciPjwvc3ZnPg==\" style=\"--smush-placeholder-width: 1034px; --smush-placeholder-aspect-ratio: 1034\/518;\" \/><\/p>\n<ul>\n<li><strong>Mik\u00e4li saavut ennakkoon ilmoittamatta kahvion aukioloaikojen ulkopuolella, <\/strong><strong>ilmoitathan paikkanumerosi ja nimesi soittamalla tai viestill\u00e4 jolloin sovitaan maksut ja mahdolliset muut tarpeet.<\/strong><\/li>\n<\/ul>\n<p>Karavaanipaikkojen hinnat<\/p>\n<ul>\n<li>S\u00e4hk\u00f6paikka: 20 \u20ac\/vrk valos\u00e4hk\u00f6ll\u00e4. L\u00e4mmitys s\u00e4hk\u00f6 +5\u20ac\/vrk<\/li>\n<li>S\u00e4hk\u00f6t\u00f6n paikka: 15 \u20ac\/vrk.<br \/>\n(Hinnat sis\u00e4lt\u00e4v\u00e4t 2 henkil\u00f6\u00e4, lis\u00e4henkil\u00f6t 2 \u20ac\/vrk.)<\/li>\n<\/ul>\n<p>Karavaanipaikkojen karttalinkit alla<\/p>\n<p><a href=\"https:\/\/koirasalmi.com\/wp-content\/uploads\/2022\/11\/Koirasalmi-paikat-1-10.jpg\" target=\"_blank\" rel=\"noopener\">Koirasalmi\u00a0 paikat 1-10<\/a><\/p>\n<p><a href=\"https:\/\/koirasalmi.com\/index.php\/koirasalmen-caravanpaikat\/heikinlampi-paikat-11-16\/\" target=\"_blank\" rel=\"noopener\">Heikinlampi paikat 11-16<\/a><\/p>\n<p>&nbsp;<\/p>\n","protected":false},"excerpt":{"rendered":"<p>Karavaanipaikat Koirasalmen luontotuvan piha-alueella on kuusi numeroitua (1-6 ) s\u00e4hk\u00f6paikkaa asuntoautoille ja -vaunuille. Osa s\u00e4hk\u00f6paikoista on k\u00e4yt\u00f6ss\u00e4 ymp\u00e4ri vuoden. Talviaikaan Koirasalmeen p\u00e4\u00e4see ainoastaan tien 6520 kautta Perhon puoleisesta liittym\u00e4st\u00e4 (Sysilammentie-Koirasalmentie). S\u00e4hk\u00f6tt\u00f6m\u00e4t numeroidut paikat (5-10)&#46;&#46;&#46;<\/p>\n","protected":false},"author":3,"featured_media":0,"parent":0,"menu_order":0,"comment_status":"closed","ping_status":"closed","template":"","meta":{"_exactmetrics_skip_tracking":false,"_exactmetrics_sitenote_active":false,"_exactmetrics_sitenote_note":"","_exactmetrics_sitenote_category":0,"footnotes":""},"class_list":["post-2151","page","type-page","status-publish","hentry"],"yoast_head":"<!-- This site is optimized with the Yoast SEO plugin v26.8 - https:\/\/yoast.com\/product\/yoast-seo-wordpress\/ -->\n<title>Karavaanipaikat - Koirasalmi.com<\/title>\n<meta name=\"description\" content=\"Koirasalmen luontotuvan piha-alueella on kuusi numeroitua (1-6 ) s\u00e4hk\u00f6paikkaa asuntoautoille ja -vaunuille. S\u00e4hk\u00f6tt\u00f6m\u00e4t numeroidut paikat (5-10) sijaitsevat Koirasalmen kotalaavun ymp\u00e4rist\u00f6ss\u00e4 sek\u00e4 Heikinlammentien varressa (11-16). Karavaanareilla ovat k\u00e4yt\u00f6ss\u00e4 ulkovessat, nuotiopaikat, vesipiste luontotuvan sein\u00e4ss\u00e4, tiskauspaikka tallin kuistilla, j\u00e4teastiat sek\u00e4 ajokaivo jonne voi tyhjent\u00e4\u00e4 harmaat- ja wc vedet. Rantasauna on erikseen vuokrattavissa. Karavaanipaikan voi varata etuk\u00e4teen soittamalla tai s\u00e4hk\u00f6postitse. Y\u00f6pyminen muualla kuin numeroiduilla paikoilla ei ole turvallisuuden vuoksi sallittua.\" \/>\n<meta name=\"robots\" content=\"index, follow, max-snippet:-1, max-image-preview:large, max-video-preview:-1\" \/>\n<link rel=\"canonical\" href=\"https:\/\/koirasalmi.com\/index.php\/koirasalmen-caravanpaikat\/\" \/>\n<meta property=\"og:locale\" content=\"fi_FI\" \/>\n<meta property=\"og:type\" content=\"article\" \/>\n<meta property=\"og:title\" content=\"Karavaanipaikat - Koirasalmi.com\" \/>\n<meta property=\"og:description\" content=\"Koirasalmen luontotuvan piha-alueella on kuusi numeroitua (1-6 ) s\u00e4hk\u00f6paikkaa asuntoautoille ja -vaunuille. S\u00e4hk\u00f6tt\u00f6m\u00e4t numeroidut paikat (5-10) sijaitsevat Koirasalmen kotalaavun ymp\u00e4rist\u00f6ss\u00e4 sek\u00e4 Heikinlammentien varressa (11-16). Karavaanareilla ovat k\u00e4yt\u00f6ss\u00e4 ulkovessat, nuotiopaikat, vesipiste luontotuvan sein\u00e4ss\u00e4, tiskauspaikka tallin kuistilla, j\u00e4teastiat sek\u00e4 ajokaivo jonne voi tyhjent\u00e4\u00e4 harmaat- ja wc vedet. Rantasauna on erikseen vuokrattavissa. Karavaanipaikan voi varata etuk\u00e4teen soittamalla tai s\u00e4hk\u00f6postitse. Y\u00f6pyminen muualla kuin numeroiduilla paikoilla ei ole turvallisuuden vuoksi sallittua.\" \/>\n<meta property=\"og:url\" content=\"https:\/\/koirasalmi.com\/index.php\/koirasalmen-caravanpaikat\/\" \/>\n<meta property=\"og:site_name\" content=\"Koirasalmi.com\" \/>\n<meta property=\"article:publisher\" content=\"https:\/\/www.facebook.com\/koirasalmi\/\" \/>\n<meta property=\"article:modified_time\" content=\"2023-11-30T17:39:45+00:00\" \/>\n<meta property=\"og:image\" content=\"https:\/\/koirasalmi.com\/wp-content\/uploads\/2018\/05\/DSC_0120-e1527423758412.jpg\" \/>\n<meta name=\"twitter:card\" content=\"summary_large_image\" \/>\n<meta name=\"twitter:label1\" content=\"Arvioitu lukuaika\" \/>\n\t<meta name=\"twitter:data1\" content=\"2 minuuttia\" \/>\n<script type=\"application\/ld+json\" class=\"yoast-schema-graph\">{\"@context\":\"https:\/\/schema.org\",\"@graph\":[{\"@type\":\"WebPage\",\"@id\":\"https:\/\/koirasalmi.com\/index.php\/koirasalmen-caravanpaikat\/\",\"url\":\"https:\/\/koirasalmi.com\/index.php\/koirasalmen-caravanpaikat\/\",\"name\":\"Karavaanipaikat - Koirasalmi.com\",\"isPartOf\":{\"@id\":\"https:\/\/koirasalmi.com\/#website\"},\"primaryImageOfPage\":{\"@id\":\"https:\/\/koirasalmi.com\/index.php\/koirasalmen-caravanpaikat\/#primaryimage\"},\"image\":{\"@id\":\"https:\/\/koirasalmi.com\/index.php\/koirasalmen-caravanpaikat\/#primaryimage\"},\"thumbnailUrl\":\"https:\/\/koirasalmi.com\/wp-content\/uploads\/2018\/05\/DSC_0120-e1527423758412.jpg\",\"datePublished\":\"2022-11-12T15:53:18+00:00\",\"dateModified\":\"2023-11-30T17:39:45+00:00\",\"description\":\"Koirasalmen luontotuvan piha-alueella on kuusi numeroitua (1-6 ) s\u00e4hk\u00f6paikkaa asuntoautoille ja -vaunuille. S\u00e4hk\u00f6tt\u00f6m\u00e4t numeroidut paikat (5-10) sijaitsevat Koirasalmen kotalaavun ymp\u00e4rist\u00f6ss\u00e4 sek\u00e4 Heikinlammentien varressa (11-16). Karavaanareilla ovat k\u00e4yt\u00f6ss\u00e4 ulkovessat, nuotiopaikat, vesipiste luontotuvan sein\u00e4ss\u00e4, tiskauspaikka tallin kuistilla, j\u00e4teastiat sek\u00e4 ajokaivo jonne voi tyhjent\u00e4\u00e4 harmaat- ja wc vedet. Rantasauna on erikseen vuokrattavissa. Karavaanipaikan voi varata etuk\u00e4teen soittamalla tai s\u00e4hk\u00f6postitse. Y\u00f6pyminen muualla kuin numeroiduilla paikoilla ei ole turvallisuuden vuoksi sallittua.\",\"breadcrumb\":{\"@id\":\"https:\/\/koirasalmi.com\/index.php\/koirasalmen-caravanpaikat\/#breadcrumb\"},\"inLanguage\":\"fi\",\"potentialAction\":[{\"@type\":\"ReadAction\",\"target\":[\"https:\/\/koirasalmi.com\/index.php\/koirasalmen-caravanpaikat\/\"]}]},{\"@type\":\"ImageObject\",\"inLanguage\":\"fi\",\"@id\":\"https:\/\/koirasalmi.com\/index.php\/koirasalmen-caravanpaikat\/#primaryimage\",\"url\":\"https:\/\/koirasalmi.com\/wp-content\/uploads\/2018\/05\/DSC_0120-e1527423758412.jpg\",\"contentUrl\":\"https:\/\/koirasalmi.com\/wp-content\/uploads\/2018\/05\/DSC_0120-e1527423758412.jpg\",\"width\":1034,\"height\":518,\"caption\":\"Salamaj\u00e4rven kansallispuisto,Caravanalueen s\u00e4hk\u00f6paikat 6kpl.\"},{\"@type\":\"BreadcrumbList\",\"@id\":\"https:\/\/koirasalmi.com\/index.php\/koirasalmen-caravanpaikat\/#breadcrumb\",\"itemListElement\":[{\"@type\":\"ListItem\",\"position\":1,\"name\":\"Home\",\"item\":\"https:\/\/koirasalmi.com\/\"},{\"@type\":\"ListItem\",\"position\":2,\"name\":\"Karavaanipaikat\"}]},{\"@type\":\"WebSite\",\"@id\":\"https:\/\/koirasalmi.com\/#website\",\"url\":\"https:\/\/koirasalmi.com\/\",\"name\":\"Koirasalmi.com\",\"description\":\"Koirasalmen luontotupa | Majoitusta, kahvio-\/ruokapalveluita, sauna, aktiviteetteja Salamaj\u00e4rven kansallispuistossa\",\"publisher\":{\"@id\":\"https:\/\/koirasalmi.com\/#organization\"},\"potentialAction\":[{\"@type\":\"SearchAction\",\"target\":{\"@type\":\"EntryPoint\",\"urlTemplate\":\"https:\/\/koirasalmi.com\/?s={search_term_string}\"},\"query-input\":{\"@type\":\"PropertyValueSpecification\",\"valueRequired\":true,\"valueName\":\"search_term_string\"}}],\"inLanguage\":\"fi\"},{\"@type\":\"Organization\",\"@id\":\"https:\/\/koirasalmi.com\/#organization\",\"name\":\"Koirasalmi, Luonnollisesti M&M\",\"url\":\"https:\/\/koirasalmi.com\/\",\"logo\":{\"@type\":\"ImageObject\",\"inLanguage\":\"fi\",\"@id\":\"https:\/\/koirasalmi.com\/#\/schema\/logo\/image\/\",\"url\":\"https:\/\/koirasalmi.com\/wp-content\/uploads\/2019\/10\/Koirasalmi-logo.jpg\",\"contentUrl\":\"https:\/\/koirasalmi.com\/wp-content\/uploads\/2019\/10\/Koirasalmi-logo.jpg\",\"width\":417,\"height\":184,\"caption\":\"Koirasalmi, Luonnollisesti M&M\"},\"image\":{\"@id\":\"https:\/\/koirasalmi.com\/#\/schema\/logo\/image\/\"},\"sameAs\":[\"https:\/\/www.facebook.com\/koirasalmi\/\",\"https:\/\/www.instagram.com\/koirasalmi\/\",\"https:\/\/www.youtube.com\/channel\/UCq4an76hM_pKMTv76pjXW5A?guided_help_flow=3\"]}]}<\/script>\n<!-- \/ Yoast SEO plugin. -->","yoast_head_json":{"title":"Karavaanipaikat - Koirasalmi.com","description":"Koirasalmen luontotuvan piha-alueella on kuusi numeroitua (1-6 ) s\u00e4hk\u00f6paikkaa asuntoautoille ja -vaunuille. S\u00e4hk\u00f6tt\u00f6m\u00e4t numeroidut paikat (5-10) sijaitsevat Koirasalmen kotalaavun ymp\u00e4rist\u00f6ss\u00e4 sek\u00e4 Heikinlammentien varressa (11-16). Karavaanareilla ovat k\u00e4yt\u00f6ss\u00e4 ulkovessat, nuotiopaikat, vesipiste luontotuvan sein\u00e4ss\u00e4, tiskauspaikka tallin kuistilla, j\u00e4teastiat sek\u00e4 ajokaivo jonne voi tyhjent\u00e4\u00e4 harmaat- ja wc vedet. Rantasauna on erikseen vuokrattavissa. Karavaanipaikan voi varata etuk\u00e4teen soittamalla tai s\u00e4hk\u00f6postitse. Y\u00f6pyminen muualla kuin numeroiduilla paikoilla ei ole turvallisuuden vuoksi sallittua.","robots":{"index":"index","follow":"follow","max-snippet":"max-snippet:-1","max-image-preview":"max-image-preview:large","max-video-preview":"max-video-preview:-1"},"canonical":"https:\/\/koirasalmi.com\/index.php\/koirasalmen-caravanpaikat\/","og_locale":"fi_FI","og_type":"article","og_title":"Karavaanipaikat - Koirasalmi.com","og_description":"Koirasalmen luontotuvan piha-alueella on kuusi numeroitua (1-6 ) s\u00e4hk\u00f6paikkaa asuntoautoille ja -vaunuille. S\u00e4hk\u00f6tt\u00f6m\u00e4t numeroidut paikat (5-10) sijaitsevat Koirasalmen kotalaavun ymp\u00e4rist\u00f6ss\u00e4 sek\u00e4 Heikinlammentien varressa (11-16). Karavaanareilla ovat k\u00e4yt\u00f6ss\u00e4 ulkovessat, nuotiopaikat, vesipiste luontotuvan sein\u00e4ss\u00e4, tiskauspaikka tallin kuistilla, j\u00e4teastiat sek\u00e4 ajokaivo jonne voi tyhjent\u00e4\u00e4 harmaat- ja wc vedet. Rantasauna on erikseen vuokrattavissa. Karavaanipaikan voi varata etuk\u00e4teen soittamalla tai s\u00e4hk\u00f6postitse. Y\u00f6pyminen muualla kuin numeroiduilla paikoilla ei ole turvallisuuden vuoksi sallittua.","og_url":"https:\/\/koirasalmi.com\/index.php\/koirasalmen-caravanpaikat\/","og_site_name":"Koirasalmi.com","article_publisher":"https:\/\/www.facebook.com\/koirasalmi\/","article_modified_time":"2023-11-30T17:39:45+00:00","og_image":[{"url":"https:\/\/koirasalmi.com\/wp-content\/uploads\/2018\/05\/DSC_0120-e1527423758412.jpg","type":"","width":"","height":""}],"twitter_card":"summary_large_image","twitter_misc":{"Arvioitu lukuaika":"2 minuuttia"},"schema":{"@context":"https:\/\/schema.org","@graph":[{"@type":"WebPage","@id":"https:\/\/koirasalmi.com\/index.php\/koirasalmen-caravanpaikat\/","url":"https:\/\/koirasalmi.com\/index.php\/koirasalmen-caravanpaikat\/","name":"Karavaanipaikat - Koirasalmi.com","isPartOf":{"@id":"https:\/\/koirasalmi.com\/#website"},"primaryImageOfPage":{"@id":"https:\/\/koirasalmi.com\/index.php\/koirasalmen-caravanpaikat\/#primaryimage"},"image":{"@id":"https:\/\/koirasalmi.com\/index.php\/koirasalmen-caravanpaikat\/#primaryimage"},"thumbnailUrl":"https:\/\/koirasalmi.com\/wp-content\/uploads\/2018\/05\/DSC_0120-e1527423758412.jpg","datePublished":"2022-11-12T15:53:18+00:00","dateModified":"2023-11-30T17:39:45+00:00","description":"Koirasalmen luontotuvan piha-alueella on kuusi numeroitua (1-6 ) s\u00e4hk\u00f6paikkaa asuntoautoille ja -vaunuille. S\u00e4hk\u00f6tt\u00f6m\u00e4t numeroidut paikat (5-10) sijaitsevat Koirasalmen kotalaavun ymp\u00e4rist\u00f6ss\u00e4 sek\u00e4 Heikinlammentien varressa (11-16). Karavaanareilla ovat k\u00e4yt\u00f6ss\u00e4 ulkovessat, nuotiopaikat, vesipiste luontotuvan sein\u00e4ss\u00e4, tiskauspaikka tallin kuistilla, j\u00e4teastiat sek\u00e4 ajokaivo jonne voi tyhjent\u00e4\u00e4 harmaat- ja wc vedet. Rantasauna on erikseen vuokrattavissa. Karavaanipaikan voi varata etuk\u00e4teen soittamalla tai s\u00e4hk\u00f6postitse. Y\u00f6pyminen muualla kuin numeroiduilla paikoilla ei ole turvallisuuden vuoksi sallittua.","breadcrumb":{"@id":"https:\/\/koirasalmi.com\/index.php\/koirasalmen-caravanpaikat\/#breadcrumb"},"inLanguage":"fi","potentialAction":[{"@type":"ReadAction","target":["https:\/\/koirasalmi.com\/index.php\/koirasalmen-caravanpaikat\/"]}]},{"@type":"ImageObject","inLanguage":"fi","@id":"https:\/\/koirasalmi.com\/index.php\/koirasalmen-caravanpaikat\/#primaryimage","url":"https:\/\/koirasalmi.com\/wp-content\/uploads\/2018\/05\/DSC_0120-e1527423758412.jpg","contentUrl":"https:\/\/koirasalmi.com\/wp-content\/uploads\/2018\/05\/DSC_0120-e1527423758412.jpg","width":1034,"height":518,"caption":"Salamaj\u00e4rven kansallispuisto,Caravanalueen s\u00e4hk\u00f6paikat 6kpl."},{"@type":"BreadcrumbList","@id":"https:\/\/koirasalmi.com\/index.php\/koirasalmen-caravanpaikat\/#breadcrumb","itemListElement":[{"@type":"ListItem","position":1,"name":"Home","item":"https:\/\/koirasalmi.com\/"},{"@type":"ListItem","position":2,"name":"Karavaanipaikat"}]},{"@type":"WebSite","@id":"https:\/\/koirasalmi.com\/#website","url":"https:\/\/koirasalmi.com\/","name":"Koirasalmi.com","description":"Koirasalmen luontotupa | Majoitusta, kahvio-\/ruokapalveluita, sauna, aktiviteetteja Salamaj\u00e4rven kansallispuistossa","publisher":{"@id":"https:\/\/koirasalmi.com\/#organization"},"potentialAction":[{"@type":"SearchAction","target":{"@type":"EntryPoint","urlTemplate":"https:\/\/koirasalmi.com\/?s={search_term_string}"},"query-input":{"@type":"PropertyValueSpecification","valueRequired":true,"valueName":"search_term_string"}}],"inLanguage":"fi"},{"@type":"Organization","@id":"https:\/\/koirasalmi.com\/#organization","name":"Koirasalmi, Luonnollisesti M&M","url":"https:\/\/koirasalmi.com\/","logo":{"@type":"ImageObject","inLanguage":"fi","@id":"https:\/\/koirasalmi.com\/#\/schema\/logo\/image\/","url":"https:\/\/koirasalmi.com\/wp-content\/uploads\/2019\/10\/Koirasalmi-logo.jpg","contentUrl":"https:\/\/koirasalmi.com\/wp-content\/uploads\/2019\/10\/Koirasalmi-logo.jpg","width":417,"height":184,"caption":"Koirasalmi, Luonnollisesti M&M"},"image":{"@id":"https:\/\/koirasalmi.com\/#\/schema\/logo\/image\/"},"sameAs":["https:\/\/www.facebook.com\/koirasalmi\/","https:\/\/www.instagram.com\/koirasalmi\/","https:\/\/www.youtube.com\/channel\/UCq4an76hM_pKMTv76pjXW5A?guided_help_flow=3"]}]}},"_links":{"self":[{"href":"https:\/\/koirasalmi.com\/index.php\/wp-json\/wp\/v2\/pages\/2151","targetHints":{"allow":["GET"]}}],"collection":[{"href":"https:\/\/koirasalmi.com\/index.php\/wp-json\/wp\/v2\/pages"}],"about":[{"href":"https:\/\/koirasalmi.com\/index.php\/wp-json\/wp\/v2\/types\/page"}],"author":[{"embeddable":true,"href":"https:\/\/koirasalmi.com\/index.php\/wp-json\/wp\/v2\/users\/3"}],"replies":[{"embeddable":true,"href":"https:\/\/koirasalmi.com\/index.php\/wp-json\/wp\/v2\/comments?post=2151"}],"version-history":[{"count":17,"href":"https:\/\/koirasalmi.com\/index.php\/wp-json\/wp\/v2\/pages\/2151\/revisions"}],"predecessor-version":[{"id":2393,"href":"https:\/\/koirasalmi.com\/index.php\/wp-json\/wp\/v2\/pages\/2151\/revisions\/2393"}],"wp:attachment":[{"href":"https:\/\/koirasalmi.com\/index.php\/wp-json\/wp\/v2\/media?parent=2151"}],"curies":[{"name":"wp","href":"https:\/\/api.w.org\/{rel}","templated":true}]}}