{"id":234,"date":"2018-05-09T13:44:41","date_gmt":"2018-05-09T13:44:41","guid":{"rendered":"http:\/\/koirasalmi.com\/?page_id=234"},"modified":"2025-02-27T11:14:35","modified_gmt":"2025-02-27T11:14:35","slug":"english","status":"publish","type":"page","link":"https:\/\/koirasalmi.com\/index.php\/english\/","title":{"rendered":"English"},"content":{"rendered":"<h3>Koirasalmi Nature Information Hut<\/h3>\n<p>Koirasalmi offers you the opportunity to enjoy the tranquility of Lapland-like wilderness and explore signposted routes at Salamaj\u00e4rvi National Park. Salamaj\u00e4rvi National Park\u00a0\u00a0is located in the regions of Central Finland and Central Ostrobothnia\u00a0 (see map below).<\/p>\n<div id=\"attachment_718\" style=\"width: 1034px\" class=\"wp-caption aligncenter\"><img decoding=\"async\" aria-describedby=\"caption-attachment-718\" class=\"wp-image-718 size-large lazyload\" title=\"Salamaj\u00e4rvi National Park. Koirasalmi Nature Information Hut\" data-src=\"https:\/\/koirasalmi.com\/wp-content\/uploads\/2018\/06\/P5244986-e1527951022622-1024x575.jpg\" alt=\"Salamaj\u00e4rvi National Park. Koirasalmi Nature Information Hut\" width=\"1024\" height=\"575\" data-srcset=\"https:\/\/koirasalmi.com\/wp-content\/uploads\/2018\/06\/P5244986-e1527951022622-1024x575.jpg 1024w, https:\/\/koirasalmi.com\/wp-content\/uploads\/2018\/06\/P5244986-e1527951022622-300x169.jpg 300w, https:\/\/koirasalmi.com\/wp-content\/uploads\/2018\/06\/P5244986-e1527951022622-768x432.jpg 768w, https:\/\/koirasalmi.com\/wp-content\/uploads\/2018\/06\/P5244986-e1527951022622.jpg 1500w\" data-sizes=\"(max-width: 1024px) 100vw, 1024px\" src=\"data:image\/svg+xml;base64,PHN2ZyB3aWR0aD0iMSIgaGVpZ2h0PSIxIiB4bWxucz0iaHR0cDovL3d3dy53My5vcmcvMjAwMC9zdmciPjwvc3ZnPg==\" style=\"--smush-placeholder-width: 1024px; --smush-placeholder-aspect-ratio: 1024\/575;\" \/><p id=\"caption-attachment-718\" class=\"wp-caption-text\">Salamaj\u00e4rvi National Park. Koirasalmi Nature Information Hut.<\/p><\/div>\n<p>If you are lucky, you may see Finnish forest reindeer while exploring the national park. You can stay also overnight at the Nature Information Hut with its spectacular scenery\u00a0 \u2013 the Hut is located on an isthmus between two lakes.<\/p>\n<p>&nbsp;<\/p>\n<div id=\"attachment_1143\" style=\"width: 862px\" class=\"wp-caption aligncenter\"><img decoding=\"async\" aria-describedby=\"caption-attachment-1143\" class=\"wp-image-1143 size-full lazyload\" title=\"Salamaj\u00e4rvi National Park. Koirasalmi. Finnish forest reindeer\" data-src=\"https:\/\/koirasalmi.com\/wp-content\/uploads\/2020\/02\/Finnish-forest-reindeer.jpg\" alt=\"Salamaj\u00e4rvi National Park. Koirasalmi. Finnish forest reindeer\" width=\"852\" height=\"473\" data-srcset=\"https:\/\/koirasalmi.com\/wp-content\/uploads\/2020\/02\/Finnish-forest-reindeer.jpg 852w, https:\/\/koirasalmi.com\/wp-content\/uploads\/2020\/02\/Finnish-forest-reindeer-300x167.jpg 300w, https:\/\/koirasalmi.com\/wp-content\/uploads\/2020\/02\/Finnish-forest-reindeer-768x426.jpg 768w\" data-sizes=\"(max-width: 852px) 100vw, 852px\" src=\"data:image\/svg+xml;base64,PHN2ZyB3aWR0aD0iMSIgaGVpZ2h0PSIxIiB4bWxucz0iaHR0cDovL3d3dy53My5vcmcvMjAwMC9zdmciPjwvc3ZnPg==\" style=\"--smush-placeholder-width: 852px; --smush-placeholder-aspect-ratio: 852\/473;\" \/><p id=\"caption-attachment-1143\" class=\"wp-caption-text\">Salamaj\u00e4rvi National Park. Koirasalmi. Finnish forest reindeer.<\/p><\/div>\n<ul>\n<li>Services at Koirasalmi Nature Information Hut<\/li>\n<li>Accommodation for 22 persons, rooms for 1-4 person<\/li>\n<li>A shower, toilet and shared kitchen<\/li>\n<li>Lakeside sauna (wood burning stove)<\/li>\n<li><span style=\"vertical-align: inherit;\"><span style=\"vertical-align: inherit;\">Rental of premisies for courses, meetings and parties<\/span><\/span><\/li>\n<li><span style=\"vertical-align: inherit;\"><span style=\"vertical-align: inherit;\">Dining and banguet servises on request<\/span><\/span><\/li>\n<li><span style=\"vertical-align: inherit;\"><span style=\"vertical-align: inherit;\">Caravan places, with and without electricity<\/span><\/span><\/li>\n<li><span style=\"vertical-align: inherit;\"><span style=\"vertical-align: inherit;\">Cafe and kiosk, <a href=\"https:\/\/koirasalmi.com\/index.php\/palvelut\/kahvio-ja-kioski\/kahvion-aukioloajat-ja-tapahtumat\/\" target=\"_blank\" rel=\"noopener noreferrer\">opening hours<\/a><\/span><\/span><\/li>\n<li><span style=\"vertical-align: inherit;\"><span style=\"vertical-align: inherit;\">Rowing boat and canoe rentals and sale fishing licenses<\/span><\/span><\/li>\n<li><span style=\"vertical-align: inherit;\"><span style=\"vertical-align: inherit;\">Snowshoes, skis and kickleds<\/span><\/span><\/li>\n<\/ul>\n<p><strong><span style=\"vertical-align: inherit;\"><span style=\"vertical-align: inherit;\">In addition<\/span><\/span><\/strong><\/p>\n<ul>\n<li style=\"list-style-type: none;\">\n<ul>\n<li style=\"list-style-type: none;\">\n<ul>\n<li><span style=\"vertical-align: inherit;\"><span style=\"vertical-align: inherit;\">Through us reservable of the Sysilampi and Pieni S\u00e4\u00e4ksj\u00e4rvi rental huts and sauna<\/span><\/span><\/li>\n<li><a href=\"https:\/\/koirasalmi.com\/index.php\/vuokratuvat\/\" target=\"_blank\" rel=\"noopener\">https:\/\/koirasalmi.com\/index.php\/vuokratuvat\/<\/a><\/li>\n<li><span style=\"vertical-align: inherit;\"><span style=\"vertical-align: inherit;\">Sysilampi 1 (2\u00a0 persons) 65 \u20ac<\/span><\/span><\/li>\n<li>Sysilampi 2 ( 6 persons ) 95\u20ac with sauna.<\/li>\n<li>Sysilampi 3 ( 6 persons ) 95\u20ac with sauna.<\/li>\n<li>Pieni S\u00e4\u00e4ksj\u00e4rvi ( 6 persons ) 95\u20ac with sauna.<\/li>\n<li><span style=\"vertical-align: inherit;\"><span style=\"vertical-align: inherit;\">Rental lapp hut (max. 30-40 person )<\/span><\/span><\/li>\n<li><a href=\"https:\/\/koirasalmi.com\/wp-content\/uploads\/2025\/02\/Maahisenkodan-majoituspaketti_EN.pdf\">Maahisenkodan-majoituspaketti_EN<\/a><\/li>\n<\/ul>\n<\/li>\n<\/ul>\n<\/li>\n<\/ul>\n<p>&nbsp;<\/p>\n<p><a href=\"https:\/\/koirasalmi.com\/index.php\/palvelut\/hinnasto\/\" target=\"_blank\" rel=\"noopener noreferrer\"><strong>Price list<\/strong><\/a><\/p>\n<h4><span style=\"vertical-align: inherit;\"><span style=\"vertical-align: inherit;\">Bookings and inquiries<\/span><\/span><\/h4>\n<p><a href=\"https:\/\/koirasalmi.com\/index.php\/ota-yhteytta\/\" target=\"_blank\" rel=\"noopener noreferrer\"><span style=\"vertical-align: inherit;\"><span style=\"vertical-align: inherit;\">koirasalmi@gmail.com<\/span><\/span><\/a><br \/>\n<span style=\"vertical-align: inherit;\"><span style=\"vertical-align: inherit;\"> www.koirasalmi.com <\/span><\/span><br \/>\n<span style=\"vertical-align: inherit;\"><span style=\"vertical-align: inherit;\">or call us\u00a0 <\/span><\/span><a href=\"tel:+358-40-9398147\"><span style=\"vertical-align: inherit;\"><span style=\"vertical-align: inherit;\">040 939 8147<\/span><\/span><\/a><\/p>\n<p><strong>Contact us:<\/strong><\/p>\n<p><a href=\"https:\/\/koirasalmi.com\/index.php\/ota-yhteytta\/\" target=\"_blank\" rel=\"noopener\">https:\/\/koirasalmi.com\/index.php\/ota-yhteytta\/<\/a><\/p>\n<h4><a href=\"https:\/\/koirasalmi.com\/index.php\/ota-yhteytta\/kulkuyhteydet-ja-kartta\/\" target=\"_blank\" rel=\"noopener noreferrer\"><span style=\"vertical-align: inherit;\"><span style=\"vertical-align: inherit;\">How you find us \/ Map<\/span><\/span><\/a><\/h4>\n<p><iframe style=\"border: 0;\" data-src=\"https:\/\/www.google.com\/maps\/embed?pb=!1m14!1m8!1m3!1d20326.60786129891!2d24.83915081875467!3d63.23674357698082!3m2!1i1024!2i768!4f13.1!3m3!1m2!1s0x0%3A0x55a578c468066f60!2sLuonnollisesti+M%26M%2C+Koirasalmen+luontotupa!5e0!3m2!1sfi!2sus!4v1526282443304\" width=\"400\" height=\"300\" frameborder=\"0\" allowfullscreen=\"allowfullscreen\" src=\"data:image\/svg+xml;base64,PHN2ZyB3aWR0aD0iMSIgaGVpZ2h0PSIxIiB4bWxucz0iaHR0cDovL3d3dy53My5vcmcvMjAwMC9zdmciPjwvc3ZnPg==\" class=\"lazyload\" data-load-mode=\"1\"><\/iframe><\/p>\n","protected":false},"excerpt":{"rendered":"<p>Koirasalmi Nature Information Hut Koirasalmi offers you the opportunity to enjoy the tranquility of Lapland-like wilderness and explore signposted routes at Salamaj\u00e4rvi National Park. Salamaj\u00e4rvi National Park\u00a0\u00a0is located in the regions of Central Finland&#46;&#46;&#46;<\/p>\n","protected":false},"author":2,"featured_media":0,"parent":0,"menu_order":0,"comment_status":"closed","ping_status":"closed","template":"","meta":{"_exactmetrics_skip_tracking":false,"_exactmetrics_sitenote_active":false,"_exactmetrics_sitenote_note":"","_exactmetrics_sitenote_category":0,"footnotes":""},"class_list":["post-234","page","type-page","status-publish","hentry"],"yoast_head":"<!-- This site is optimized with the Yoast SEO plugin v26.8 - https:\/\/yoast.com\/product\/yoast-seo-wordpress\/ -->\n<title>English - Koirasalmi.com<\/title>\n<meta name=\"description\" content=\"Koirasalmi offers you the opportunity to enjoy the tranquility of Lapland-like wilderness and explore signposted routes at Salamaj\u00e4rvi National Park.\" \/>\n<meta name=\"robots\" content=\"index, follow, max-snippet:-1, max-image-preview:large, max-video-preview:-1\" \/>\n<link rel=\"canonical\" href=\"https:\/\/koirasalmi.com\/index.php\/english\/\" \/>\n<meta property=\"og:locale\" content=\"fi_FI\" \/>\n<meta property=\"og:type\" content=\"article\" \/>\n<meta property=\"og:title\" content=\"English - Koirasalmi.com\" \/>\n<meta property=\"og:description\" content=\"Koirasalmi offers you the opportunity to enjoy the tranquility of Lapland-like wilderness and explore signposted routes at Salamaj\u00e4rvi National Park.\" \/>\n<meta property=\"og:url\" content=\"https:\/\/koirasalmi.com\/index.php\/english\/\" \/>\n<meta property=\"og:site_name\" content=\"Koirasalmi.com\" \/>\n<meta property=\"article:publisher\" content=\"https:\/\/www.facebook.com\/koirasalmi\/\" \/>\n<meta property=\"article:modified_time\" content=\"2025-02-27T11:14:35+00:00\" \/>\n<meta property=\"og:image\" content=\"https:\/\/koirasalmi.com\/wp-content\/uploads\/2018\/06\/P5244986-e1527951022622.jpg\" \/>\n\t<meta property=\"og:image:width\" content=\"1500\" \/>\n\t<meta property=\"og:image:height\" content=\"843\" \/>\n\t<meta property=\"og:image:type\" content=\"image\/jpeg\" \/>\n<meta name=\"twitter:card\" content=\"summary_large_image\" \/>\n<meta name=\"twitter:label1\" content=\"Arvioitu lukuaika\" \/>\n\t<meta name=\"twitter:data1\" content=\"2 minuuttia\" \/>\n<script type=\"application\/ld+json\" class=\"yoast-schema-graph\">{\"@context\":\"https:\/\/schema.org\",\"@graph\":[{\"@type\":\"WebPage\",\"@id\":\"https:\/\/koirasalmi.com\/index.php\/english\/\",\"url\":\"https:\/\/koirasalmi.com\/index.php\/english\/\",\"name\":\"English - Koirasalmi.com\",\"isPartOf\":{\"@id\":\"https:\/\/koirasalmi.com\/#website\"},\"primaryImageOfPage\":{\"@id\":\"https:\/\/koirasalmi.com\/index.php\/english\/#primaryimage\"},\"image\":{\"@id\":\"https:\/\/koirasalmi.com\/index.php\/english\/#primaryimage\"},\"thumbnailUrl\":\"https:\/\/koirasalmi.com\/wp-content\/uploads\/2018\/06\/P5244986-e1527951022622-1024x575.jpg\",\"datePublished\":\"2018-05-09T13:44:41+00:00\",\"dateModified\":\"2025-02-27T11:14:35+00:00\",\"description\":\"Koirasalmi offers you the opportunity to enjoy the tranquility of Lapland-like wilderness and explore signposted routes at Salamaj\u00e4rvi National Park.\",\"breadcrumb\":{\"@id\":\"https:\/\/koirasalmi.com\/index.php\/english\/#breadcrumb\"},\"inLanguage\":\"fi\",\"potentialAction\":[{\"@type\":\"ReadAction\",\"target\":[\"https:\/\/koirasalmi.com\/index.php\/english\/\"]}]},{\"@type\":\"ImageObject\",\"inLanguage\":\"fi\",\"@id\":\"https:\/\/koirasalmi.com\/index.php\/english\/#primaryimage\",\"url\":\"https:\/\/koirasalmi.com\/wp-content\/uploads\/2018\/06\/P5244986-e1527951022622-1024x575.jpg\",\"contentUrl\":\"https:\/\/koirasalmi.com\/wp-content\/uploads\/2018\/06\/P5244986-e1527951022622-1024x575.jpg\"},{\"@type\":\"BreadcrumbList\",\"@id\":\"https:\/\/koirasalmi.com\/index.php\/english\/#breadcrumb\",\"itemListElement\":[{\"@type\":\"ListItem\",\"position\":1,\"name\":\"Home\",\"item\":\"https:\/\/koirasalmi.com\/\"},{\"@type\":\"ListItem\",\"position\":2,\"name\":\"English\"}]},{\"@type\":\"WebSite\",\"@id\":\"https:\/\/koirasalmi.com\/#website\",\"url\":\"https:\/\/koirasalmi.com\/\",\"name\":\"Koirasalmi.com\",\"description\":\"Koirasalmen luontotupa | Majoitusta, kahvio-\/ruokapalveluita, sauna, aktiviteetteja Salamaj\u00e4rven kansallispuistossa\",\"publisher\":{\"@id\":\"https:\/\/koirasalmi.com\/#organization\"},\"potentialAction\":[{\"@type\":\"SearchAction\",\"target\":{\"@type\":\"EntryPoint\",\"urlTemplate\":\"https:\/\/koirasalmi.com\/?s={search_term_string}\"},\"query-input\":{\"@type\":\"PropertyValueSpecification\",\"valueRequired\":true,\"valueName\":\"search_term_string\"}}],\"inLanguage\":\"fi\"},{\"@type\":\"Organization\",\"@id\":\"https:\/\/koirasalmi.com\/#organization\",\"name\":\"Koirasalmi, Luonnollisesti M&M\",\"url\":\"https:\/\/koirasalmi.com\/\",\"logo\":{\"@type\":\"ImageObject\",\"inLanguage\":\"fi\",\"@id\":\"https:\/\/koirasalmi.com\/#\/schema\/logo\/image\/\",\"url\":\"https:\/\/koirasalmi.com\/wp-content\/uploads\/2019\/10\/Koirasalmi-logo.jpg\",\"contentUrl\":\"https:\/\/koirasalmi.com\/wp-content\/uploads\/2019\/10\/Koirasalmi-logo.jpg\",\"width\":417,\"height\":184,\"caption\":\"Koirasalmi, Luonnollisesti M&M\"},\"image\":{\"@id\":\"https:\/\/koirasalmi.com\/#\/schema\/logo\/image\/\"},\"sameAs\":[\"https:\/\/www.facebook.com\/koirasalmi\/\",\"https:\/\/www.instagram.com\/koirasalmi\/\",\"https:\/\/www.youtube.com\/channel\/UCq4an76hM_pKMTv76pjXW5A?guided_help_flow=3\"]}]}<\/script>\n<!-- \/ Yoast SEO plugin. -->","yoast_head_json":{"title":"English - Koirasalmi.com","description":"Koirasalmi offers you the opportunity to enjoy the tranquility of Lapland-like wilderness and explore signposted routes at Salamaj\u00e4rvi National Park.","robots":{"index":"index","follow":"follow","max-snippet":"max-snippet:-1","max-image-preview":"max-image-preview:large","max-video-preview":"max-video-preview:-1"},"canonical":"https:\/\/koirasalmi.com\/index.php\/english\/","og_locale":"fi_FI","og_type":"article","og_title":"English - Koirasalmi.com","og_description":"Koirasalmi offers you the opportunity to enjoy the tranquility of Lapland-like wilderness and explore signposted routes at Salamaj\u00e4rvi National Park.","og_url":"https:\/\/koirasalmi.com\/index.php\/english\/","og_site_name":"Koirasalmi.com","article_publisher":"https:\/\/www.facebook.com\/koirasalmi\/","article_modified_time":"2025-02-27T11:14:35+00:00","og_image":[{"width":1500,"height":843,"url":"https:\/\/koirasalmi.com\/wp-content\/uploads\/2018\/06\/P5244986-e1527951022622.jpg","type":"image\/jpeg"}],"twitter_card":"summary_large_image","twitter_misc":{"Arvioitu lukuaika":"2 minuuttia"},"schema":{"@context":"https:\/\/schema.org","@graph":[{"@type":"WebPage","@id":"https:\/\/koirasalmi.com\/index.php\/english\/","url":"https:\/\/koirasalmi.com\/index.php\/english\/","name":"English - Koirasalmi.com","isPartOf":{"@id":"https:\/\/koirasalmi.com\/#website"},"primaryImageOfPage":{"@id":"https:\/\/koirasalmi.com\/index.php\/english\/#primaryimage"},"image":{"@id":"https:\/\/koirasalmi.com\/index.php\/english\/#primaryimage"},"thumbnailUrl":"https:\/\/koirasalmi.com\/wp-content\/uploads\/2018\/06\/P5244986-e1527951022622-1024x575.jpg","datePublished":"2018-05-09T13:44:41+00:00","dateModified":"2025-02-27T11:14:35+00:00","description":"Koirasalmi offers you the opportunity to enjoy the tranquility of Lapland-like wilderness and explore signposted routes at Salamaj\u00e4rvi National Park.","breadcrumb":{"@id":"https:\/\/koirasalmi.com\/index.php\/english\/#breadcrumb"},"inLanguage":"fi","potentialAction":[{"@type":"ReadAction","target":["https:\/\/koirasalmi.com\/index.php\/english\/"]}]},{"@type":"ImageObject","inLanguage":"fi","@id":"https:\/\/koirasalmi.com\/index.php\/english\/#primaryimage","url":"https:\/\/koirasalmi.com\/wp-content\/uploads\/2018\/06\/P5244986-e1527951022622-1024x575.jpg","contentUrl":"https:\/\/koirasalmi.com\/wp-content\/uploads\/2018\/06\/P5244986-e1527951022622-1024x575.jpg"},{"@type":"BreadcrumbList","@id":"https:\/\/koirasalmi.com\/index.php\/english\/#breadcrumb","itemListElement":[{"@type":"ListItem","position":1,"name":"Home","item":"https:\/\/koirasalmi.com\/"},{"@type":"ListItem","position":2,"name":"English"}]},{"@type":"WebSite","@id":"https:\/\/koirasalmi.com\/#website","url":"https:\/\/koirasalmi.com\/","name":"Koirasalmi.com","description":"Koirasalmen luontotupa | Majoitusta, kahvio-\/ruokapalveluita, sauna, aktiviteetteja Salamaj\u00e4rven kansallispuistossa","publisher":{"@id":"https:\/\/koirasalmi.com\/#organization"},"potentialAction":[{"@type":"SearchAction","target":{"@type":"EntryPoint","urlTemplate":"https:\/\/koirasalmi.com\/?s={search_term_string}"},"query-input":{"@type":"PropertyValueSpecification","valueRequired":true,"valueName":"search_term_string"}}],"inLanguage":"fi"},{"@type":"Organization","@id":"https:\/\/koirasalmi.com\/#organization","name":"Koirasalmi, Luonnollisesti M&M","url":"https:\/\/koirasalmi.com\/","logo":{"@type":"ImageObject","inLanguage":"fi","@id":"https:\/\/koirasalmi.com\/#\/schema\/logo\/image\/","url":"https:\/\/koirasalmi.com\/wp-content\/uploads\/2019\/10\/Koirasalmi-logo.jpg","contentUrl":"https:\/\/koirasalmi.com\/wp-content\/uploads\/2019\/10\/Koirasalmi-logo.jpg","width":417,"height":184,"caption":"Koirasalmi, Luonnollisesti M&M"},"image":{"@id":"https:\/\/koirasalmi.com\/#\/schema\/logo\/image\/"},"sameAs":["https:\/\/www.facebook.com\/koirasalmi\/","https:\/\/www.instagram.com\/koirasalmi\/","https:\/\/www.youtube.com\/channel\/UCq4an76hM_pKMTv76pjXW5A?guided_help_flow=3"]}]}},"_links":{"self":[{"href":"https:\/\/koirasalmi.com\/index.php\/wp-json\/wp\/v2\/pages\/234","targetHints":{"allow":["GET"]}}],"collection":[{"href":"https:\/\/koirasalmi.com\/index.php\/wp-json\/wp\/v2\/pages"}],"about":[{"href":"https:\/\/koirasalmi.com\/index.php\/wp-json\/wp\/v2\/types\/page"}],"author":[{"embeddable":true,"href":"https:\/\/koirasalmi.com\/index.php\/wp-json\/wp\/v2\/users\/2"}],"replies":[{"embeddable":true,"href":"https:\/\/koirasalmi.com\/index.php\/wp-json\/wp\/v2\/comments?post=234"}],"version-history":[{"count":21,"href":"https:\/\/koirasalmi.com\/index.php\/wp-json\/wp\/v2\/pages\/234\/revisions"}],"predecessor-version":[{"id":2716,"href":"https:\/\/koirasalmi.com\/index.php\/wp-json\/wp\/v2\/pages\/234\/revisions\/2716"}],"wp:attachment":[{"href":"https:\/\/koirasalmi.com\/index.php\/wp-json\/wp\/v2\/media?parent=234"}],"curies":[{"name":"wp","href":"https:\/\/api.w.org\/{rel}","templated":true}]}}