{"id":277,"date":"2018-05-14T07:17:44","date_gmt":"2018-05-14T07:17:44","guid":{"rendered":"http:\/\/koirasalmi.com\/?page_id=277"},"modified":"2024-01-15T09:35:31","modified_gmt":"2024-01-15T09:35:31","slug":"kulkuyhteydet-ja-kartta","status":"publish","type":"page","link":"https:\/\/koirasalmi.com\/index.php\/ota-yhteytta\/kulkuyhteydet-ja-kartta\/","title":{"rendered":"Yhteystiedot \/ Contact information"},"content":{"rendered":"<h2>Kulkuyhteydet ja kartta \/ How to find us and map<\/h2>\n<p>Koirasalmen luontotuvalle on noin 20-25 kilometri\u00e4 Kivij\u00e4rven, Kinnulan ja Perhon kuntien taajamista. \/ Koirasalmi is located about 20-25 km from Kivij\u00e4rvi, Kinnula and Perho towns.<\/p>\n<p>L\u00f6yd\u00e4t Koirasalmeen parhaiten kirjoittamalla google mapsiin &#8221;Koirasalmen luontotupa&#8221;. <strong>Huomioi ett\u00e4 1.1.2024 alkaen Koirasalmeen on talvikunnossapito ainoastaan tien 6520 kautta Perhon puoleisesta liittym\u00e4st\u00e4 (Sysilammentie-Koirasalmentie). Google Maps tunnistaa liittym\u00e4n nimell\u00e4 &#8221;Kuusj\u00e4rvi, Perho&#8221;.<\/strong><\/p>\n<p>The best way to find Koirasalmi is by typing &#8221;Koirasalmen luontotupa&#8221; in google Maps. <strong>Please note that from January 1, 2024, to Koirasalmi will only have winter maintenance via road 6520 from the exit on the Perho side (Sysilammentie-Koirasalmentie).\u00a0 Google Maps recognizes the junction as &#8221;Kuusj\u00e4rvi, Perho&#8221;<\/strong><\/p>\n<h4>Liikenneyhteydet \/ Public transportation<\/h4>\n<p><strong>Linja-auto: <\/strong><\/p>\n<ul>\n<li>Katso aikataulut\u00a0<a href=\"https:\/\/liput.matkahuolto.fi\/connectionsearch#breadcrumb\" target=\"_blank\" rel=\"noopener noreferrer\">Matkahuollon<\/a>\u00a0sivuilta.<\/li>\n<li><a href=\"http:\/\/www.onnibus.com\/fi\/aikataulut.htm\" target=\"_blank\" rel=\"noopener noreferrer\">Onnibussilla<\/a>\u00a0(reitti F13), p\u00e4\u00e4set\u00a0<a href=\"http:\/\/www.st1perho.com\/\" target=\"_blank\" rel=\"noopener noreferrer\">Perhon St1 aseman matkahuoltoon<\/a>, josta on matkaa 26 km Koirasalmen luontotuvalle.<\/li>\n<li><strong>Taksin<\/strong> saat k\u00e4tev\u00e4sti Seo huoltamo<a href=\"http:\/\/www.aptaipale.fi\/\" target=\"_blank\" rel=\"noopener noreferrer\">\u00a0A&amp;P Taipaleelta<\/a>\u00a0M\u00f6tt\u00f6sest\u00e4, joka tuo sinut Koirasalmeen tai Sysilammen tuvalle.<\/li>\n<li>My\u00f6s vuoroilla Jyv\u00e4skyl\u00e4-Kivij\u00e4rvi p\u00e4\u00e4see noin 20 kilometrin p\u00e4\u00e4h\u00e4n luontotuvasta, Kivij\u00e4rvelle. Katso aikataulut\u00a0<a title=\"Matkahuollon\" href=\"http:\/\/www.matkahuolto.fi\/\" target=\"_blank\" rel=\"noopener noreferrer\">Matkahuollon<\/a>\u00a0sivuilta.<\/li>\n<\/ul>\n<p><strong>By coach:\u00a0\u00a0<\/strong><\/p>\n<ul id=\"yui_3_4_0_2_1526283618274_9\">\n<li id=\"yui_3_4_0_2_1526283618274_7\">There are\u00a0<a href=\"http:\/\/www.matkahuolto.fi\/en\" target=\"_blank\" rel=\"noopener noreferrer\">coach services<\/a>\u00a0(www.matkahuolto.fi) from Jyv\u00e4skyl\u00e4 to Kivij\u00e4rvi, Perho and the village of M\u00f6tt\u00f6nen in Perho. From Kokkola there is coach service to Perho and the village of M\u00f6tt\u00f6nen in Perho.\u00a0 From M\u00f6tt\u00f6nen you need to take a<strong> taxi<\/strong> from the Seo petrol station to get to Koirasalmi or Sysilampi hut. If you take a coach (<a href=\"https:\/\/www.onnibus.com\/home\" target=\"_blank\" rel=\"noopener noreferrer\">Onnibus,<\/a> service F13) to Perho (stop at St1 petrol station), you also need to continue by taxi to Koirasalmi (distance: 26 km).<\/li>\n<li><span style=\"vertical-align: inherit;\"><span style=\"vertical-align: inherit;\">Perholta ja Kinnululta l\u00e4htev\u00e4t\u00a0 <\/span><\/span><a href=\"http:\/\/www.matkahuolto.fi\/en\" target=\"_blank\" rel=\"noopener noreferrer\"><span style=\"vertical-align: inherit;\"><span style=\"vertical-align: inherit;\">bussiyhteydet<\/span><\/span><\/a><span style=\"vertical-align: inherit;\"><span style=\"vertical-align: inherit;\"> \u00a0(www.matkahuolto.fi) arkisin Salamaj\u00e4rven kyl\u00e4\u00e4n, l\u00e4hell\u00e4 kansallispuiston l\u00e4nsip\u00e4\u00e4t\u00e4.<\/span><\/span><\/li>\n<li><span style=\"vertical-align: inherit;\"><span style=\"vertical-align: inherit;\">Lis\u00e4tietoja\u00a0 <\/span><\/span><a href=\"https:\/\/opas.matka.fi\/-\/-\/lahellasi\" target=\"_blank\" rel=\"noopener noreferrer\"><span style=\"vertical-align: inherit;\"><span style=\"vertical-align: inherit;\">julkisesta liikenteest\u00e4 Salamaj\u00e4rvelle\u00a0<\/span><\/span><\/a><\/li>\n<\/ul>\n<p>&nbsp;<\/p>\n<h4>Osoitteet ja koordinaatit \/ Addresses and coordinates<\/h4>\n<h5>Koirasalmen luontotupa<\/h5>\n<p>Osoite \/ Address: Koirasalmentie 1220, 43800 Kivij\u00e4rvi<\/p>\n<p>Postiosoite \/ Postal address : Koirasalmentie 1220, 69980, M\u00f6tt\u00f6nen<\/p>\n<p>Koordinaatit \/ Coordinates: N 63\u00b0 14.146\u2032 E 024\u00b0 49.388\u2032 (WGS84)<\/p>\n<h5>Sysilammen vuokratuvat \/ Sysilampi rental huts<\/h5>\n<p>Osoite \/ Address: Sysilammentie 770, 69970 Perho<\/p>\n<p>Koordinaatit \/ Coordinates: N 63\u00b0 16.628\u2032 E 024\u00b0 40.560\u2032 (WGS84)<\/p>\n<h5><strong>Pieni S\u00e4\u00e4ksj\u00e4rvi vuokratupa \/ Pieni S\u00e4\u00e4ksj\u00e4rvi rental hut<\/strong><\/h5>\n<p>Osoite: Rajatie (tielt\u00e4 58), Kankaanp\u00e4\u00e4ntie (tielt\u00e4 7520)<\/p>\n<p>Koordinaatit: Euref-Fin (~ WGS84) lat: 63\u00b0 20.8320&#8242; lon: 24\u00b0 47.3040&#8242;\u00a0 ETRS-TM35FIN: N: 7026184 E: 389326<\/p>\n<p><a href=\"http:\/\/www.luontoon.fi\/salamajarvi\/kartatjakulkuyhteydet\" target=\"_blank\" rel=\"noopener noreferrer\">Lis\u00e4tietoja kulkuyhteyksist\u00e4 ja\u00a0 kartoista (Luontoon.fi)<\/a><\/p>\n<p><a href=\"http:\/\/www.nationalparks.fi\/en\/salamajarvinp\/directionsandmaps\" target=\"_blank\" rel=\"noopener noreferrer\"><span style=\"vertical-align: inherit;\"><span style=\"vertical-align: inherit;\">More information (nationalparks.fi)<\/span><\/span><\/a><\/p>\n<h4>Kartta \/ Map<\/h4>\n<p><iframe data-src=\"https:\/\/maps.google.fi\/maps?f=q&amp;source=s_q&amp;hl=fi&amp;geocode=&amp;q=Koirasalmi,+Kivij%C3%A4rvi&amp;aq=2&amp;oq=koirasalmi&amp;ie=UTF8&amp;hq=&amp;hnear=Koirasalmi&amp;t=m&amp;ll=63.240932,24.823008&amp;spn=0.013526,0.036478&amp;z=14&amp;iwloc=lyrftr:m,4725819708791628789,63.235947,24.823608&amp;output=embed\" width=\"425\" height=\"350\" frameborder=\"0\" marginwidth=\"0\" marginheight=\"0\" scrolling=\"no\" src=\"data:image\/svg+xml;base64,PHN2ZyB3aWR0aD0iMSIgaGVpZ2h0PSIxIiB4bWxucz0iaHR0cDovL3d3dy53My5vcmcvMjAwMC9zdmciPjwvc3ZnPg==\" class=\"lazyload\" data-load-mode=\"1\"><\/iframe><br \/>\n<small><a style=\"color: #0000ff; text-align: left;\" href=\"https:\/\/maps.google.fi\/maps?f=q&amp;source=embed&amp;hl=fi&amp;geocode=&amp;q=Koirasalmi,+Kivij%C3%A4rvi&amp;aq=2&amp;oq=koirasalmi&amp;ie=UTF8&amp;hq=&amp;hnear=Koirasalmi&amp;t=m&amp;ll=63.240932,24.823008&amp;spn=0.013526,0.036478&amp;z=14&amp;iwloc=lyrftr:m,4725819708791628789,63.235947,24.823608\">N\u00e4yt\u00e4 suurempi kartta<\/a><\/small><\/p>\n","protected":false},"excerpt":{"rendered":"<p>Kulkuyhteydet ja kartta \/ How to find us and map Koirasalmen luontotuvalle on noin 20-25 kilometri\u00e4 Kivij\u00e4rven, Kinnulan ja Perhon kuntien taajamista. \/ Koirasalmi is located about 20-25 km from Kivij\u00e4rvi, Kinnula and Perho&#46;&#46;&#46;<\/p>\n","protected":false},"author":2,"featured_media":0,"parent":84,"menu_order":0,"comment_status":"closed","ping_status":"closed","template":"","meta":{"_exactmetrics_skip_tracking":false,"_exactmetrics_sitenote_active":false,"_exactmetrics_sitenote_note":"","_exactmetrics_sitenote_category":0,"footnotes":""},"class_list":["post-277","page","type-page","status-publish","hentry"],"yoast_head":"<!-- This site is optimized with the Yoast SEO plugin v26.8 - https:\/\/yoast.com\/product\/yoast-seo-wordpress\/ -->\n<title>Yhteystiedot \/ Contact information - Koirasalmi.com<\/title>\n<meta name=\"description\" content=\"Koirasalmen luontotuvalle on noin 20-25 kilometri\u00e4 Kivij\u00e4rven, Kinnulan ja Perhon kuntien taajamista. \/ Koirasalmi is located about 20-25 km from Kivij\u00e4rvi, Kinnula and Perho towns.\" \/>\n<meta name=\"robots\" content=\"index, follow, max-snippet:-1, max-image-preview:large, max-video-preview:-1\" \/>\n<link rel=\"canonical\" href=\"https:\/\/koirasalmi.com\/index.php\/ota-yhteytta\/kulkuyhteydet-ja-kartta\/\" \/>\n<meta property=\"og:locale\" content=\"fi_FI\" \/>\n<meta property=\"og:type\" content=\"article\" \/>\n<meta property=\"og:title\" content=\"Yhteystiedot \/ Contact information - Koirasalmi.com\" \/>\n<meta property=\"og:description\" content=\"Koirasalmen luontotuvalle on noin 20-25 kilometri\u00e4 Kivij\u00e4rven, Kinnulan ja Perhon kuntien taajamista. \/ Koirasalmi is located about 20-25 km from Kivij\u00e4rvi, Kinnula and Perho towns.\" \/>\n<meta property=\"og:url\" content=\"https:\/\/koirasalmi.com\/index.php\/ota-yhteytta\/kulkuyhteydet-ja-kartta\/\" \/>\n<meta property=\"og:site_name\" content=\"Koirasalmi.com\" \/>\n<meta property=\"article:publisher\" content=\"https:\/\/www.facebook.com\/koirasalmi\/\" \/>\n<meta property=\"article:modified_time\" content=\"2024-01-15T09:35:31+00:00\" \/>\n<meta name=\"twitter:card\" content=\"summary_large_image\" \/>\n<meta name=\"twitter:label1\" content=\"Arvioitu lukuaika\" \/>\n\t<meta name=\"twitter:data1\" content=\"3 minuuttia\" \/>\n<script type=\"application\/ld+json\" class=\"yoast-schema-graph\">{\"@context\":\"https:\/\/schema.org\",\"@graph\":[{\"@type\":\"WebPage\",\"@id\":\"https:\/\/koirasalmi.com\/index.php\/ota-yhteytta\/kulkuyhteydet-ja-kartta\/\",\"url\":\"https:\/\/koirasalmi.com\/index.php\/ota-yhteytta\/kulkuyhteydet-ja-kartta\/\",\"name\":\"Yhteystiedot \/ Contact information - Koirasalmi.com\",\"isPartOf\":{\"@id\":\"https:\/\/koirasalmi.com\/#website\"},\"datePublished\":\"2018-05-14T07:17:44+00:00\",\"dateModified\":\"2024-01-15T09:35:31+00:00\",\"description\":\"Koirasalmen luontotuvalle on noin 20-25 kilometri\u00e4 Kivij\u00e4rven, Kinnulan ja Perhon kuntien taajamista. \/ Koirasalmi is located about 20-25 km from Kivij\u00e4rvi, Kinnula and Perho towns.\",\"breadcrumb\":{\"@id\":\"https:\/\/koirasalmi.com\/index.php\/ota-yhteytta\/kulkuyhteydet-ja-kartta\/#breadcrumb\"},\"inLanguage\":\"fi\",\"potentialAction\":[{\"@type\":\"ReadAction\",\"target\":[\"https:\/\/koirasalmi.com\/index.php\/ota-yhteytta\/kulkuyhteydet-ja-kartta\/\"]}]},{\"@type\":\"BreadcrumbList\",\"@id\":\"https:\/\/koirasalmi.com\/index.php\/ota-yhteytta\/kulkuyhteydet-ja-kartta\/#breadcrumb\",\"itemListElement\":[{\"@type\":\"ListItem\",\"position\":1,\"name\":\"Home\",\"item\":\"https:\/\/koirasalmi.com\/\"},{\"@type\":\"ListItem\",\"position\":2,\"name\":\"Ota yhteytt\u00e4\",\"item\":\"https:\/\/koirasalmi.com\/index.php\/ota-yhteytta\/\"},{\"@type\":\"ListItem\",\"position\":3,\"name\":\"Yhteystiedot \/ Contact information\"}]},{\"@type\":\"WebSite\",\"@id\":\"https:\/\/koirasalmi.com\/#website\",\"url\":\"https:\/\/koirasalmi.com\/\",\"name\":\"Koirasalmi.com\",\"description\":\"Koirasalmen luontotupa | Majoitusta, kahvio-\/ruokapalveluita, sauna, aktiviteetteja Salamaj\u00e4rven kansallispuistossa\",\"publisher\":{\"@id\":\"https:\/\/koirasalmi.com\/#organization\"},\"potentialAction\":[{\"@type\":\"SearchAction\",\"target\":{\"@type\":\"EntryPoint\",\"urlTemplate\":\"https:\/\/koirasalmi.com\/?s={search_term_string}\"},\"query-input\":{\"@type\":\"PropertyValueSpecification\",\"valueRequired\":true,\"valueName\":\"search_term_string\"}}],\"inLanguage\":\"fi\"},{\"@type\":\"Organization\",\"@id\":\"https:\/\/koirasalmi.com\/#organization\",\"name\":\"Koirasalmi, Luonnollisesti M&M\",\"url\":\"https:\/\/koirasalmi.com\/\",\"logo\":{\"@type\":\"ImageObject\",\"inLanguage\":\"fi\",\"@id\":\"https:\/\/koirasalmi.com\/#\/schema\/logo\/image\/\",\"url\":\"https:\/\/koirasalmi.com\/wp-content\/uploads\/2019\/10\/Koirasalmi-logo.jpg\",\"contentUrl\":\"https:\/\/koirasalmi.com\/wp-content\/uploads\/2019\/10\/Koirasalmi-logo.jpg\",\"width\":417,\"height\":184,\"caption\":\"Koirasalmi, Luonnollisesti M&M\"},\"image\":{\"@id\":\"https:\/\/koirasalmi.com\/#\/schema\/logo\/image\/\"},\"sameAs\":[\"https:\/\/www.facebook.com\/koirasalmi\/\",\"https:\/\/www.instagram.com\/koirasalmi\/\",\"https:\/\/www.youtube.com\/channel\/UCq4an76hM_pKMTv76pjXW5A?guided_help_flow=3\"]}]}<\/script>\n<!-- \/ Yoast SEO plugin. -->","yoast_head_json":{"title":"Yhteystiedot \/ Contact information - Koirasalmi.com","description":"Koirasalmen luontotuvalle on noin 20-25 kilometri\u00e4 Kivij\u00e4rven, Kinnulan ja Perhon kuntien taajamista. \/ Koirasalmi is located about 20-25 km from Kivij\u00e4rvi, Kinnula and Perho towns.","robots":{"index":"index","follow":"follow","max-snippet":"max-snippet:-1","max-image-preview":"max-image-preview:large","max-video-preview":"max-video-preview:-1"},"canonical":"https:\/\/koirasalmi.com\/index.php\/ota-yhteytta\/kulkuyhteydet-ja-kartta\/","og_locale":"fi_FI","og_type":"article","og_title":"Yhteystiedot \/ Contact information - Koirasalmi.com","og_description":"Koirasalmen luontotuvalle on noin 20-25 kilometri\u00e4 Kivij\u00e4rven, Kinnulan ja Perhon kuntien taajamista. \/ Koirasalmi is located about 20-25 km from Kivij\u00e4rvi, Kinnula and Perho towns.","og_url":"https:\/\/koirasalmi.com\/index.php\/ota-yhteytta\/kulkuyhteydet-ja-kartta\/","og_site_name":"Koirasalmi.com","article_publisher":"https:\/\/www.facebook.com\/koirasalmi\/","article_modified_time":"2024-01-15T09:35:31+00:00","twitter_card":"summary_large_image","twitter_misc":{"Arvioitu lukuaika":"3 minuuttia"},"schema":{"@context":"https:\/\/schema.org","@graph":[{"@type":"WebPage","@id":"https:\/\/koirasalmi.com\/index.php\/ota-yhteytta\/kulkuyhteydet-ja-kartta\/","url":"https:\/\/koirasalmi.com\/index.php\/ota-yhteytta\/kulkuyhteydet-ja-kartta\/","name":"Yhteystiedot \/ Contact information - Koirasalmi.com","isPartOf":{"@id":"https:\/\/koirasalmi.com\/#website"},"datePublished":"2018-05-14T07:17:44+00:00","dateModified":"2024-01-15T09:35:31+00:00","description":"Koirasalmen luontotuvalle on noin 20-25 kilometri\u00e4 Kivij\u00e4rven, Kinnulan ja Perhon kuntien taajamista. \/ Koirasalmi is located about 20-25 km from Kivij\u00e4rvi, Kinnula and Perho towns.","breadcrumb":{"@id":"https:\/\/koirasalmi.com\/index.php\/ota-yhteytta\/kulkuyhteydet-ja-kartta\/#breadcrumb"},"inLanguage":"fi","potentialAction":[{"@type":"ReadAction","target":["https:\/\/koirasalmi.com\/index.php\/ota-yhteytta\/kulkuyhteydet-ja-kartta\/"]}]},{"@type":"BreadcrumbList","@id":"https:\/\/koirasalmi.com\/index.php\/ota-yhteytta\/kulkuyhteydet-ja-kartta\/#breadcrumb","itemListElement":[{"@type":"ListItem","position":1,"name":"Home","item":"https:\/\/koirasalmi.com\/"},{"@type":"ListItem","position":2,"name":"Ota yhteytt\u00e4","item":"https:\/\/koirasalmi.com\/index.php\/ota-yhteytta\/"},{"@type":"ListItem","position":3,"name":"Yhteystiedot \/ Contact information"}]},{"@type":"WebSite","@id":"https:\/\/koirasalmi.com\/#website","url":"https:\/\/koirasalmi.com\/","name":"Koirasalmi.com","description":"Koirasalmen luontotupa | Majoitusta, kahvio-\/ruokapalveluita, sauna, aktiviteetteja Salamaj\u00e4rven kansallispuistossa","publisher":{"@id":"https:\/\/koirasalmi.com\/#organization"},"potentialAction":[{"@type":"SearchAction","target":{"@type":"EntryPoint","urlTemplate":"https:\/\/koirasalmi.com\/?s={search_term_string}"},"query-input":{"@type":"PropertyValueSpecification","valueRequired":true,"valueName":"search_term_string"}}],"inLanguage":"fi"},{"@type":"Organization","@id":"https:\/\/koirasalmi.com\/#organization","name":"Koirasalmi, Luonnollisesti M&M","url":"https:\/\/koirasalmi.com\/","logo":{"@type":"ImageObject","inLanguage":"fi","@id":"https:\/\/koirasalmi.com\/#\/schema\/logo\/image\/","url":"https:\/\/koirasalmi.com\/wp-content\/uploads\/2019\/10\/Koirasalmi-logo.jpg","contentUrl":"https:\/\/koirasalmi.com\/wp-content\/uploads\/2019\/10\/Koirasalmi-logo.jpg","width":417,"height":184,"caption":"Koirasalmi, Luonnollisesti M&M"},"image":{"@id":"https:\/\/koirasalmi.com\/#\/schema\/logo\/image\/"},"sameAs":["https:\/\/www.facebook.com\/koirasalmi\/","https:\/\/www.instagram.com\/koirasalmi\/","https:\/\/www.youtube.com\/channel\/UCq4an76hM_pKMTv76pjXW5A?guided_help_flow=3"]}]}},"_links":{"self":[{"href":"https:\/\/koirasalmi.com\/index.php\/wp-json\/wp\/v2\/pages\/277","targetHints":{"allow":["GET"]}}],"collection":[{"href":"https:\/\/koirasalmi.com\/index.php\/wp-json\/wp\/v2\/pages"}],"about":[{"href":"https:\/\/koirasalmi.com\/index.php\/wp-json\/wp\/v2\/types\/page"}],"author":[{"embeddable":true,"href":"https:\/\/koirasalmi.com\/index.php\/wp-json\/wp\/v2\/users\/2"}],"replies":[{"embeddable":true,"href":"https:\/\/koirasalmi.com\/index.php\/wp-json\/wp\/v2\/comments?post=277"}],"version-history":[{"count":20,"href":"https:\/\/koirasalmi.com\/index.php\/wp-json\/wp\/v2\/pages\/277\/revisions"}],"predecessor-version":[{"id":2406,"href":"https:\/\/koirasalmi.com\/index.php\/wp-json\/wp\/v2\/pages\/277\/revisions\/2406"}],"up":[{"embeddable":true,"href":"https:\/\/koirasalmi.com\/index.php\/wp-json\/wp\/v2\/pages\/84"}],"wp:attachment":[{"href":"https:\/\/koirasalmi.com\/index.php\/wp-json\/wp\/v2\/media?parent=277"}],"curies":[{"name":"wp","href":"https:\/\/api.w.org\/{rel}","templated":true}]}}