{"id":36,"date":"2018-03-05T13:59:06","date_gmt":"2018-03-05T13:59:06","guid":{"rendered":"http:\/\/koirasalmi.com\/?page_id=36"},"modified":"2025-05-18T08:29:54","modified_gmt":"2025-05-18T08:29:54","slug":"koirasalmen-luontotupa-salamajarven-kansallispuistossa","status":"publish","type":"page","link":"https:\/\/koirasalmi.com\/","title":{"rendered":"Koirasalmen luontotupa"},"content":{"rendered":"<p><strong>Tervetuloa Salamaj\u00e4rven kansallispuistoon Koirasalmen luontotuvalle\u00a0<\/strong><\/p>\n<p>Tervetuloa <a href=\"https:\/\/www.luontoon.fi\/salamajarvi\" target=\"_blank\" rel=\"noopener noreferrer\">Salamaj\u00e4rven kansallispuistoon<\/a> Koirasalmen luontotuvalle jossa tarjoamme sinulle\u00a0 <a href=\"https:\/\/koirasalmi.com\/index.php\/majoitus\/\" target=\"_blank\" rel=\"noopener noreferrer\">majoitusta<\/a>, karavaanipaikkoja, <a href=\"https:\/\/koirasalmi.com\/index.php\/palvelut\/ruokailut\/\" target=\"_blank\" rel=\"noopener noreferrer\">ruokapalveluita<\/a>, <a href=\"https:\/\/koirasalmi.com\/index.php\/palvelut\/vuokrattavat-tilat\/\" target=\"_blank\" rel=\"noopener noreferrer\">kokous, kurssi- ja juhlatiloja<\/a> sek\u00e4 <a href=\"https:\/\/koirasalmi.com\/index.php\/aktiviteetit\/\" target=\"_blank\" rel=\"noopener noreferrer\">erilaisia aktiviteetteja<\/a> ymp\u00e4ri vuoden.<\/p>\n<p>Vuokraamme <a href=\"https:\/\/koirasalmi.com\/index.php\/palvelut\/vuokrattavat-tilat\/\" target=\"_blank\" rel=\"noopener noreferrer\">tunnelmallista rantasaunaa<\/a>, <a href=\"https:\/\/koirasalmi.com\/index.php\/palvelut\/vuokrattavat-tilat\/\" target=\"_blank\" rel=\"noopener noreferrer\">Maahisen varauskotaa.<\/a><\/p>\n<p>Varaa t\u00e4\u00e4lt\u00e4 <a href=\"https:\/\/koirasalmi.com\/index.php\/vuokratuvat\/\" target=\"_blank\" rel=\"noopener\">Sysilammen ja Pieni S\u00e4\u00e4ksj\u00e4rven vuokratuvat<\/a>.<\/p>\n<p>Kes\u00e4isin luontotuvalla palvelee<a href=\"https:\/\/koirasalmi.com\/index.php\/palvelut\/kahvio-ja-kioski\/\" target=\"_blank\" rel=\"noopener noreferrer\"> kahvio ja kioski<\/a>.<br \/>\nSalamaj\u00e4rven kansallispuistossa Koirasalmen luontotuvalla kahviossa sijaitsee my\u00f6s info piste josta opastamme k\u00e4vij\u00e4t pihapiirist\u00e4 l\u00e4hteville <a href=\"https:\/\/www.luontoon.fi\/salamajarvi\/reitit\" target=\"_blank\" rel=\"noopener noreferrer\">eri mittaisille retkeilyreiteille<\/a> sek\u00e4 lainaamme ja myymme alueen karttoja.<br \/>\n<a href=\"https:\/\/koirasalmi.com\/index.php\/aktiviteetit\/\" target=\"_blank\" rel=\"noopener noreferrer\">Kalastajille vuokraamme veneit\u00e4<\/a> Isolle Koiraj\u00e4rvelle, melontaan<a href=\"https:\/\/koirasalmi.com\/index.php\/aktiviteetit\/\" target=\"_blank\" rel=\"noopener noreferrer\"> inkkarikanootteja, kajakkeja, polkuvenett\u00e4 ja sup-lautoja<\/a>.<br \/>\n<a href=\"https:\/\/koirasalmi.com\/index.php\/yritykset-ryhmat\/\" target=\"_blank\" rel=\"noopener noreferrer\">Erilaisille ryhmille<\/a> l\u00f6ytyy <a href=\"https:\/\/koirasalmi.com\/index.php\/yritykset-ryhmat\/ohjelmia\/\" target=\"_blank\" rel=\"noopener noreferrer\">ohjelmapalveluita<\/a>, jotka muokkaamme ryhm\u00e4n ja tarpeen mukaan.<br \/>\nKoirasalmella sinua palvelee suurella syd\u00e4mell\u00e4 yritt\u00e4j\u00e4, <a href=\"https:\/\/www.facebook.com\/luonnollisestimm\/\" target=\"_blank\" rel=\"noopener noreferrer\"><strong>Luonnollisesti M&amp;M<\/strong><\/a>.<\/p>\n<p>&nbsp;<\/p>\n<p><strong><img decoding=\"async\" class=\"size-medium wp-image-48 aligncenter lazyload\" data-src=\"http:\/\/koirasalmi.com\/wp-content\/uploads\/2018\/03\/Koirasalmi-tunnus-300x130.png\" alt=\"Koirasalmi-tunnus\" width=\"300\" height=\"130\" data-srcset=\"https:\/\/koirasalmi.com\/wp-content\/uploads\/2018\/03\/Koirasalmi-tunnus-300x130.png 300w, https:\/\/koirasalmi.com\/wp-content\/uploads\/2018\/03\/Koirasalmi-tunnus.png 743w\" data-sizes=\"(max-width: 300px) 100vw, 300px\" src=\"data:image\/svg+xml;base64,PHN2ZyB3aWR0aD0iMSIgaGVpZ2h0PSIxIiB4bWxucz0iaHR0cDovL3d3dy53My5vcmcvMjAwMC9zdmciPjwvc3ZnPg==\" style=\"--smush-placeholder-width: 300px; --smush-placeholder-aspect-ratio: 300\/130;\" \/><\/strong><\/p>\n<h4><a href=\"https:\/\/koirasalmi.com\/index.php\/ota-yhteytta\/\" target=\"_blank\" rel=\"noopener noreferrer\">Tiedustelut ja varaukset<\/a><\/h4>\n<p>Ymp\u00e4ri vuoden puhelimitse <a href=\"tel:+358-40-9398147\">040 9398147<\/a><br \/>\ntai s\u00e4hk\u00f6postilla <a href=\"https:\/\/koirasalmi.com\/index.php\/ota-yhteytta\/\" target=\"_blank\" rel=\"noopener noreferrer\">koirasalmi@gmail.com<\/a>.<\/p>\n<p>Ajankohtaiset kuulumisemme ja <strong><a href=\"https:\/\/www.facebook.com\/pg\/koirasalmi\/events\/?ref=page_internal\" target=\"_blank\" rel=\"noopener noreferrer\">tapahtumat<\/a><\/strong> l\u00f6yd\u00e4t my\u00f6s <strong><a href=\"https:\/\/www.facebook.com\/koirasalmi\" target=\"_blank\" rel=\"noopener noreferrer\">Facebookista<\/a><\/strong>.<\/p>\n<div id=\"attachment_484\" style=\"width: 1034px\" class=\"wp-caption aligncenter\"><img decoding=\"async\" aria-describedby=\"caption-attachment-484\" class=\"wp-image-484 size-full lazyload\" title=\"Salamaj\u00e4rven kansallispuisto , Koirasalmen luontotupa. Luonnollisesti Maarit &amp; Markku istumassa portailla\" data-src=\"https:\/\/koirasalmi.com\/wp-content\/uploads\/2018\/05\/unnamed-4-e1527360300641.jpg\" alt=\"Salamaj\u00e4rven kansallispuisto , Koirasalmen luontotupa. Luonnollisesti Maarit &amp; Markku\" width=\"1024\" height=\"652\" data-srcset=\"https:\/\/koirasalmi.com\/wp-content\/uploads\/2018\/05\/unnamed-4-e1527360300641.jpg 1024w, https:\/\/koirasalmi.com\/wp-content\/uploads\/2018\/05\/unnamed-4-e1527360300641-300x191.jpg 300w, https:\/\/koirasalmi.com\/wp-content\/uploads\/2018\/05\/unnamed-4-e1527360300641-768x489.jpg 768w\" data-sizes=\"(max-width: 1024px) 100vw, 1024px\" src=\"data:image\/svg+xml;base64,PHN2ZyB3aWR0aD0iMSIgaGVpZ2h0PSIxIiB4bWxucz0iaHR0cDovL3d3dy53My5vcmcvMjAwMC9zdmciPjwvc3ZnPg==\" style=\"--smush-placeholder-width: 1024px; --smush-placeholder-aspect-ratio: 1024\/652;\" \/><p id=\"caption-attachment-484\" class=\"wp-caption-text\">Salamaj\u00e4rven kansallispuisto , Koirasalmen luontotupa. Luonnollisesti Maarit &amp; Markku<\/p><\/div>\n<p>&nbsp;<\/p>\n<p>&nbsp;<\/p>\n<div id=\"attachment_28\" style=\"width: 632px\" class=\"wp-caption aligncenter\"><img decoding=\"async\" aria-describedby=\"caption-attachment-28\" class=\"wp-image-28 lazyload\" title=\"Salamaj\u00e4rven kansallispuisto , Koirasalmen luontotuvan kahvio ja kioski sis\u00e4lt\u00e4 takkatilan ovelta katsottuna\" data-src=\"http:\/\/koirasalmi.com\/wp-content\/uploads\/2018\/03\/Koirasalmi-luontotupa-sisalta-1024x576.jpg\" alt=\"Salamaj\u00e4rven kansallispuisto , Koirasalmen luontotuvan kahvio ja kioski\" width=\"622\" height=\"350\" src=\"data:image\/svg+xml;base64,PHN2ZyB3aWR0aD0iMSIgaGVpZ2h0PSIxIiB4bWxucz0iaHR0cDovL3d3dy53My5vcmcvMjAwMC9zdmciPjwvc3ZnPg==\" style=\"--smush-placeholder-width: 622px; --smush-placeholder-aspect-ratio: 622\/350;\" \/><p id=\"caption-attachment-28\" class=\"wp-caption-text\">Salamaj\u00e4rven kansallispuisto , Koirasalmen luontotuvan kahvio ja kioski<\/p><\/div>\n","protected":false},"excerpt":{"rendered":"<p>Tervetuloa Salamaj\u00e4rven kansallispuistoon Koirasalmen luontotuvalle\u00a0 Tervetuloa Salamaj\u00e4rven kansallispuistoon Koirasalmen luontotuvalle jossa tarjoamme sinulle\u00a0 majoitusta, karavaanipaikkoja, ruokapalveluita, kokous, kurssi- ja juhlatiloja sek\u00e4 erilaisia aktiviteetteja ymp\u00e4ri vuoden. Vuokraamme tunnelmallista rantasaunaa, Maahisen varauskotaa. Varaa t\u00e4\u00e4lt\u00e4 Sysilammen ja&#46;&#46;&#46;<\/p>\n","protected":false},"author":1,"featured_media":0,"parent":0,"menu_order":0,"comment_status":"closed","ping_status":"closed","template":"","meta":{"_exactmetrics_skip_tracking":false,"_exactmetrics_sitenote_active":false,"_exactmetrics_sitenote_note":"","_exactmetrics_sitenote_category":0,"footnotes":""},"class_list":["post-36","page","type-page","status-publish","hentry"],"yoast_head":"<!-- This site is optimized with the Yoast SEO plugin v26.8 - https:\/\/yoast.com\/product\/yoast-seo-wordpress\/ -->\n<title>Koirasalmen luontotupa - Koirasalmi.com<\/title>\n<meta name=\"description\" content=\"Koirasalmen luontotupa Salamaj\u00e4rven kansallispuistossa tarjoaa majoitusta ,kahvio- ja ruokailupalveluita, kokous-, kurssi- ja juhlatiloja.\" \/>\n<meta name=\"robots\" content=\"index, follow, max-snippet:-1, max-image-preview:large, max-video-preview:-1\" \/>\n<link rel=\"canonical\" href=\"https:\/\/koirasalmi.com\/\" \/>\n<meta property=\"og:locale\" content=\"fi_FI\" \/>\n<meta property=\"og:type\" content=\"article\" \/>\n<meta property=\"og:title\" content=\"Koirasalmen luontotupa - Koirasalmi.com\" \/>\n<meta property=\"og:description\" content=\"Koirasalmen luontotupa Salamaj\u00e4rven kansallispuistossa tarjoaa majoitusta ,kahvio- ja ruokailupalveluita, kokous-, kurssi- ja juhlatiloja.\" \/>\n<meta property=\"og:url\" content=\"https:\/\/koirasalmi.com\/\" \/>\n<meta property=\"og:site_name\" content=\"Koirasalmi.com\" \/>\n<meta property=\"article:publisher\" content=\"https:\/\/www.facebook.com\/koirasalmi\/\" \/>\n<meta property=\"article:modified_time\" content=\"2025-05-18T08:29:54+00:00\" \/>\n<meta property=\"og:image\" content=\"https:\/\/koirasalmi.com\/wp-content\/uploads\/2018\/03\/Koirasalmi-tunnus.png\" \/>\n\t<meta property=\"og:image:width\" content=\"743\" \/>\n\t<meta property=\"og:image:height\" content=\"322\" \/>\n\t<meta property=\"og:image:type\" content=\"image\/png\" \/>\n<meta name=\"twitter:card\" content=\"summary_large_image\" \/>\n<meta name=\"twitter:label1\" content=\"Arvioitu lukuaika\" \/>\n\t<meta name=\"twitter:data1\" content=\"2 minuuttia\" \/>\n<script type=\"application\/ld+json\" class=\"yoast-schema-graph\">{\"@context\":\"https:\/\/schema.org\",\"@graph\":[{\"@type\":\"WebPage\",\"@id\":\"https:\/\/koirasalmi.com\/\",\"url\":\"https:\/\/koirasalmi.com\/\",\"name\":\"Koirasalmen luontotupa - Koirasalmi.com\",\"isPartOf\":{\"@id\":\"https:\/\/koirasalmi.com\/#website\"},\"primaryImageOfPage\":{\"@id\":\"https:\/\/koirasalmi.com\/#primaryimage\"},\"image\":{\"@id\":\"https:\/\/koirasalmi.com\/#primaryimage\"},\"thumbnailUrl\":\"http:\/\/koirasalmi.com\/wp-content\/uploads\/2018\/03\/Koirasalmi-tunnus-300x130.png\",\"datePublished\":\"2018-03-05T13:59:06+00:00\",\"dateModified\":\"2025-05-18T08:29:54+00:00\",\"description\":\"Koirasalmen luontotupa Salamaj\u00e4rven kansallispuistossa tarjoaa majoitusta ,kahvio- ja ruokailupalveluita, kokous-, kurssi- ja juhlatiloja.\",\"breadcrumb\":{\"@id\":\"https:\/\/koirasalmi.com\/#breadcrumb\"},\"inLanguage\":\"fi\",\"potentialAction\":[{\"@type\":\"ReadAction\",\"target\":[\"https:\/\/koirasalmi.com\/\"]}]},{\"@type\":\"ImageObject\",\"inLanguage\":\"fi\",\"@id\":\"https:\/\/koirasalmi.com\/#primaryimage\",\"url\":\"http:\/\/koirasalmi.com\/wp-content\/uploads\/2018\/03\/Koirasalmi-tunnus-300x130.png\",\"contentUrl\":\"http:\/\/koirasalmi.com\/wp-content\/uploads\/2018\/03\/Koirasalmi-tunnus-300x130.png\"},{\"@type\":\"BreadcrumbList\",\"@id\":\"https:\/\/koirasalmi.com\/#breadcrumb\",\"itemListElement\":[{\"@type\":\"ListItem\",\"position\":1,\"name\":\"Home\",\"item\":\"https:\/\/koirasalmi.com\/\"},{\"@type\":\"ListItem\",\"position\":2,\"name\":\"Koirasalmen luontotupa\"}]},{\"@type\":\"WebSite\",\"@id\":\"https:\/\/koirasalmi.com\/#website\",\"url\":\"https:\/\/koirasalmi.com\/\",\"name\":\"Koirasalmi.com\",\"description\":\"Koirasalmen luontotupa | Majoitusta, kahvio-\/ruokapalveluita, sauna, aktiviteetteja Salamaj\u00e4rven kansallispuistossa\",\"publisher\":{\"@id\":\"https:\/\/koirasalmi.com\/#organization\"},\"potentialAction\":[{\"@type\":\"SearchAction\",\"target\":{\"@type\":\"EntryPoint\",\"urlTemplate\":\"https:\/\/koirasalmi.com\/?s={search_term_string}\"},\"query-input\":{\"@type\":\"PropertyValueSpecification\",\"valueRequired\":true,\"valueName\":\"search_term_string\"}}],\"inLanguage\":\"fi\"},{\"@type\":\"Organization\",\"@id\":\"https:\/\/koirasalmi.com\/#organization\",\"name\":\"Koirasalmi, Luonnollisesti M&M\",\"url\":\"https:\/\/koirasalmi.com\/\",\"logo\":{\"@type\":\"ImageObject\",\"inLanguage\":\"fi\",\"@id\":\"https:\/\/koirasalmi.com\/#\/schema\/logo\/image\/\",\"url\":\"https:\/\/koirasalmi.com\/wp-content\/uploads\/2019\/10\/Koirasalmi-logo.jpg\",\"contentUrl\":\"https:\/\/koirasalmi.com\/wp-content\/uploads\/2019\/10\/Koirasalmi-logo.jpg\",\"width\":417,\"height\":184,\"caption\":\"Koirasalmi, Luonnollisesti M&M\"},\"image\":{\"@id\":\"https:\/\/koirasalmi.com\/#\/schema\/logo\/image\/\"},\"sameAs\":[\"https:\/\/www.facebook.com\/koirasalmi\/\",\"https:\/\/www.instagram.com\/koirasalmi\/\",\"https:\/\/www.youtube.com\/channel\/UCq4an76hM_pKMTv76pjXW5A?guided_help_flow=3\"]}]}<\/script>\n<!-- \/ Yoast SEO plugin. -->","yoast_head_json":{"title":"Koirasalmen luontotupa - Koirasalmi.com","description":"Koirasalmen luontotupa Salamaj\u00e4rven kansallispuistossa tarjoaa majoitusta ,kahvio- ja ruokailupalveluita, kokous-, kurssi- ja juhlatiloja.","robots":{"index":"index","follow":"follow","max-snippet":"max-snippet:-1","max-image-preview":"max-image-preview:large","max-video-preview":"max-video-preview:-1"},"canonical":"https:\/\/koirasalmi.com\/","og_locale":"fi_FI","og_type":"article","og_title":"Koirasalmen luontotupa - Koirasalmi.com","og_description":"Koirasalmen luontotupa Salamaj\u00e4rven kansallispuistossa tarjoaa majoitusta ,kahvio- ja ruokailupalveluita, kokous-, kurssi- ja juhlatiloja.","og_url":"https:\/\/koirasalmi.com\/","og_site_name":"Koirasalmi.com","article_publisher":"https:\/\/www.facebook.com\/koirasalmi\/","article_modified_time":"2025-05-18T08:29:54+00:00","og_image":[{"width":743,"height":322,"url":"https:\/\/koirasalmi.com\/wp-content\/uploads\/2018\/03\/Koirasalmi-tunnus.png","type":"image\/png"}],"twitter_card":"summary_large_image","twitter_misc":{"Arvioitu lukuaika":"2 minuuttia"},"schema":{"@context":"https:\/\/schema.org","@graph":[{"@type":"WebPage","@id":"https:\/\/koirasalmi.com\/","url":"https:\/\/koirasalmi.com\/","name":"Koirasalmen luontotupa - Koirasalmi.com","isPartOf":{"@id":"https:\/\/koirasalmi.com\/#website"},"primaryImageOfPage":{"@id":"https:\/\/koirasalmi.com\/#primaryimage"},"image":{"@id":"https:\/\/koirasalmi.com\/#primaryimage"},"thumbnailUrl":"http:\/\/koirasalmi.com\/wp-content\/uploads\/2018\/03\/Koirasalmi-tunnus-300x130.png","datePublished":"2018-03-05T13:59:06+00:00","dateModified":"2025-05-18T08:29:54+00:00","description":"Koirasalmen luontotupa Salamaj\u00e4rven kansallispuistossa tarjoaa majoitusta ,kahvio- ja ruokailupalveluita, kokous-, kurssi- ja juhlatiloja.","breadcrumb":{"@id":"https:\/\/koirasalmi.com\/#breadcrumb"},"inLanguage":"fi","potentialAction":[{"@type":"ReadAction","target":["https:\/\/koirasalmi.com\/"]}]},{"@type":"ImageObject","inLanguage":"fi","@id":"https:\/\/koirasalmi.com\/#primaryimage","url":"http:\/\/koirasalmi.com\/wp-content\/uploads\/2018\/03\/Koirasalmi-tunnus-300x130.png","contentUrl":"http:\/\/koirasalmi.com\/wp-content\/uploads\/2018\/03\/Koirasalmi-tunnus-300x130.png"},{"@type":"BreadcrumbList","@id":"https:\/\/koirasalmi.com\/#breadcrumb","itemListElement":[{"@type":"ListItem","position":1,"name":"Home","item":"https:\/\/koirasalmi.com\/"},{"@type":"ListItem","position":2,"name":"Koirasalmen luontotupa"}]},{"@type":"WebSite","@id":"https:\/\/koirasalmi.com\/#website","url":"https:\/\/koirasalmi.com\/","name":"Koirasalmi.com","description":"Koirasalmen luontotupa | Majoitusta, kahvio-\/ruokapalveluita, sauna, aktiviteetteja Salamaj\u00e4rven kansallispuistossa","publisher":{"@id":"https:\/\/koirasalmi.com\/#organization"},"potentialAction":[{"@type":"SearchAction","target":{"@type":"EntryPoint","urlTemplate":"https:\/\/koirasalmi.com\/?s={search_term_string}"},"query-input":{"@type":"PropertyValueSpecification","valueRequired":true,"valueName":"search_term_string"}}],"inLanguage":"fi"},{"@type":"Organization","@id":"https:\/\/koirasalmi.com\/#organization","name":"Koirasalmi, Luonnollisesti M&M","url":"https:\/\/koirasalmi.com\/","logo":{"@type":"ImageObject","inLanguage":"fi","@id":"https:\/\/koirasalmi.com\/#\/schema\/logo\/image\/","url":"https:\/\/koirasalmi.com\/wp-content\/uploads\/2019\/10\/Koirasalmi-logo.jpg","contentUrl":"https:\/\/koirasalmi.com\/wp-content\/uploads\/2019\/10\/Koirasalmi-logo.jpg","width":417,"height":184,"caption":"Koirasalmi, Luonnollisesti M&M"},"image":{"@id":"https:\/\/koirasalmi.com\/#\/schema\/logo\/image\/"},"sameAs":["https:\/\/www.facebook.com\/koirasalmi\/","https:\/\/www.instagram.com\/koirasalmi\/","https:\/\/www.youtube.com\/channel\/UCq4an76hM_pKMTv76pjXW5A?guided_help_flow=3"]}]}},"_links":{"self":[{"href":"https:\/\/koirasalmi.com\/index.php\/wp-json\/wp\/v2\/pages\/36","targetHints":{"allow":["GET"]}}],"collection":[{"href":"https:\/\/koirasalmi.com\/index.php\/wp-json\/wp\/v2\/pages"}],"about":[{"href":"https:\/\/koirasalmi.com\/index.php\/wp-json\/wp\/v2\/types\/page"}],"author":[{"embeddable":true,"href":"https:\/\/koirasalmi.com\/index.php\/wp-json\/wp\/v2\/users\/1"}],"replies":[{"embeddable":true,"href":"https:\/\/koirasalmi.com\/index.php\/wp-json\/wp\/v2\/comments?post=36"}],"version-history":[{"count":21,"href":"https:\/\/koirasalmi.com\/index.php\/wp-json\/wp\/v2\/pages\/36\/revisions"}],"predecessor-version":[{"id":2802,"href":"https:\/\/koirasalmi.com\/index.php\/wp-json\/wp\/v2\/pages\/36\/revisions\/2802"}],"wp:attachment":[{"href":"https:\/\/koirasalmi.com\/index.php\/wp-json\/wp\/v2\/media?parent=36"}],"curies":[{"name":"wp","href":"https:\/\/api.w.org\/{rel}","templated":true}]}}