{"id":57,"date":"2018-05-08T09:38:34","date_gmt":"2018-05-08T09:38:34","guid":{"rendered":"http:\/\/koirasalmi.com\/?page_id=57"},"modified":"2025-05-10T18:17:27","modified_gmt":"2025-05-10T18:17:27","slug":"ruokailut","status":"publish","type":"page","link":"https:\/\/koirasalmi.com\/index.php\/palvelut\/ruokailut\/","title":{"rendered":"Ruokailut"},"content":{"rendered":"<p><strong>Salamaj\u00e4rven kansallispuisto, Koirasalmen luontotupa<\/strong><\/p>\n<p>Valmistamme rakkaudella maukasta kotiruokaa ryhmille, hy\u00f6dynt\u00e4en ruoassamme puhtaiden l\u00e4himetsien ja -vesien antimia.<br \/>\nRuokailut r\u00e4\u00e4t\u00e4l\u00f6id\u00e4\u00e4n aina asiakkaan toiveet ja ruokavaliot huomioonottaen ja perusruokalistaamme muokaten.<\/p>\n<p>Ruokailuissa minimi ryhm\u00e4koko on 10 hl\u00f6\u00e4. Pienempien ryhmien ruokailut katsotaan tilanne kohtaisesti.<\/p>\n<p>Kahviossa on saatavilla pient\u00e4 purtavaa aukioloaikoina.<\/p>\n<p>&nbsp;<\/p>\n<div id=\"attachment_488\" style=\"width: 632px\" class=\"wp-caption aligncenter\"><img decoding=\"async\" aria-describedby=\"caption-attachment-488\" class=\"wp-image-488 lazyload\" title=\"Salamaj\u00e4rven kansallispuisto , Koirasalmen luontotupa. Kahviotilassa osa jouluruokaa tarjolla...\" data-src=\"https:\/\/koirasalmi.com\/wp-content\/uploads\/2018\/05\/Jouluruoka-e1527425679965.jpg\" alt=\"Salamaj\u00e4rven kansallispuisto , Koirasalmen luontotupa.\" width=\"622\" height=\"429\" data-srcset=\"https:\/\/koirasalmi.com\/wp-content\/uploads\/2018\/05\/Jouluruoka-e1527425679965.jpg 1053w, https:\/\/koirasalmi.com\/wp-content\/uploads\/2018\/05\/Jouluruoka-e1527425679965-300x207.jpg 300w, https:\/\/koirasalmi.com\/wp-content\/uploads\/2018\/05\/Jouluruoka-e1527425679965-768x530.jpg 768w, https:\/\/koirasalmi.com\/wp-content\/uploads\/2018\/05\/Jouluruoka-e1527425679965-1024x706.jpg 1024w\" data-sizes=\"(max-width: 622px) 100vw, 622px\" src=\"data:image\/svg+xml;base64,PHN2ZyB3aWR0aD0iMSIgaGVpZ2h0PSIxIiB4bWxucz0iaHR0cDovL3d3dy53My5vcmcvMjAwMC9zdmciPjwvc3ZnPg==\" style=\"--smush-placeholder-width: 622px; --smush-placeholder-aspect-ratio: 622\/429;\" \/><p id=\"caption-attachment-488\" class=\"wp-caption-text\">Salamaj\u00e4rven kansallispuisto, Koirasalmen luontotupa. Jouluruokailua.<\/p><\/div>\n<p>Saatavilla my\u00f6s <strong>aamupalaa<\/strong> <strong>tilauksesta<\/strong>.<\/p>\n<ul>\n<li>Yksitt\u00e4iset aamupalat majoittujille (alle 4 hl\u00f6\u00e4) teemme j\u00e4\u00e4kaappiin valmiiksi. Isommille ryhmille valmistamme aamupalan ennalta sovittuna aikana.<\/li>\n<\/ul>\n<p>&nbsp;<\/p>\n<p>Kahvitukset kokouksiin, lounas Maahisen kodalle tai illallinen luontotuvalle&#8230; paketti kootaan aina toiveidesi ja tarpeidesi mukaan.<\/p>\n<ul>\n<li>Soppatykill\u00e4 valmistuvat ruoat my\u00f6s isompiin ulkoilmatapahtumiin.<\/li>\n<\/ul>\n<div id=\"attachment_568\" style=\"width: 632px\" class=\"wp-caption aligncenter\"><img decoding=\"async\" aria-describedby=\"caption-attachment-568\" class=\"wp-image-568 lazyload\" title=\"Salamaj\u00e4rven kansallispuisto, Koirasalmen luontotupa .Soppatykkill\u00e4 valmistumassa 120l savulohikeittoa\" data-src=\"https:\/\/koirasalmi.com\/wp-content\/uploads\/2018\/05\/19022465_1606934746018576_1810105466_o-e1527426100741.jpg\" alt=\"Salamaj\u00e4rven kansallispuisto, Koirasalmen luontotupa\" width=\"622\" height=\"394\" data-srcset=\"https:\/\/koirasalmi.com\/wp-content\/uploads\/2018\/05\/19022465_1606934746018576_1810105466_o-e1527426100741.jpg 1009w, https:\/\/koirasalmi.com\/wp-content\/uploads\/2018\/05\/19022465_1606934746018576_1810105466_o-e1527426100741-300x190.jpg 300w, https:\/\/koirasalmi.com\/wp-content\/uploads\/2018\/05\/19022465_1606934746018576_1810105466_o-e1527426100741-768x486.jpg 768w\" data-sizes=\"(max-width: 622px) 100vw, 622px\" src=\"data:image\/svg+xml;base64,PHN2ZyB3aWR0aD0iMSIgaGVpZ2h0PSIxIiB4bWxucz0iaHR0cDovL3d3dy53My5vcmcvMjAwMC9zdmciPjwvc3ZnPg==\" style=\"--smush-placeholder-width: 622px; --smush-placeholder-aspect-ratio: 622\/394;\" \/><p id=\"caption-attachment-568\" class=\"wp-caption-text\">Soppatykill\u00e4 valmistuvat isommatkin m\u00e4\u00e4r\u00e4t ruokaa.<\/p><\/div>\n<p><a href=\"http:\/\/koirasalmi.com\/index.php\/ota-yhteytta\/\" target=\"_blank\" rel=\"noopener noreferrer\">Kysy lis\u00e4\u00e4 tai pyyd\u00e4 tarjous<\/a><\/p>\n","protected":false},"excerpt":{"rendered":"<p>Salamaj\u00e4rven kansallispuisto, Koirasalmen luontotupa Valmistamme rakkaudella maukasta kotiruokaa ryhmille, hy\u00f6dynt\u00e4en ruoassamme puhtaiden l\u00e4himetsien ja -vesien antimia. Ruokailut r\u00e4\u00e4t\u00e4l\u00f6id\u00e4\u00e4n aina asiakkaan toiveet ja ruokavaliot huomioonottaen ja perusruokalistaamme muokaten. Ruokailuissa minimi ryhm\u00e4koko on 10 hl\u00f6\u00e4. Pienempien&#46;&#46;&#46;<\/p>\n","protected":false},"author":1,"featured_media":0,"parent":146,"menu_order":0,"comment_status":"closed","ping_status":"closed","template":"","meta":{"_exactmetrics_skip_tracking":false,"_exactmetrics_sitenote_active":false,"_exactmetrics_sitenote_note":"","_exactmetrics_sitenote_category":0,"footnotes":""},"class_list":["post-57","page","type-page","status-publish","hentry"],"yoast_head":"<!-- This site is optimized with the Yoast SEO plugin v26.8 - https:\/\/yoast.com\/product\/yoast-seo-wordpress\/ -->\n<title>Ruokailut - Koirasalmi.com<\/title>\n<meta name=\"description\" content=\"Valmistamme rakkaudella maukasta kotiruokaa hy\u00f6dynt\u00e4en puhtaiden l\u00e4himetsien ja -vesien antimia.Ruokailut r\u00e4\u00e4t\u00e4l\u00f6id\u00e4\u00e4n aina asiakkaan mukaisesti\" \/>\n<meta name=\"robots\" content=\"index, follow, max-snippet:-1, max-image-preview:large, max-video-preview:-1\" \/>\n<link rel=\"canonical\" href=\"https:\/\/koirasalmi.com\/index.php\/palvelut\/ruokailut\/\" \/>\n<meta property=\"og:locale\" content=\"fi_FI\" \/>\n<meta property=\"og:type\" content=\"article\" \/>\n<meta property=\"og:title\" content=\"Ruokailut - Koirasalmi.com\" \/>\n<meta property=\"og:description\" content=\"Valmistamme rakkaudella maukasta kotiruokaa hy\u00f6dynt\u00e4en puhtaiden l\u00e4himetsien ja -vesien antimia.Ruokailut r\u00e4\u00e4t\u00e4l\u00f6id\u00e4\u00e4n aina asiakkaan mukaisesti\" \/>\n<meta property=\"og:url\" content=\"https:\/\/koirasalmi.com\/index.php\/palvelut\/ruokailut\/\" \/>\n<meta property=\"og:site_name\" content=\"Koirasalmi.com\" \/>\n<meta property=\"article:publisher\" content=\"https:\/\/www.facebook.com\/koirasalmi\/\" \/>\n<meta property=\"article:modified_time\" content=\"2025-05-10T18:17:27+00:00\" \/>\n<meta property=\"og:image\" content=\"https:\/\/koirasalmi.com\/wp-content\/uploads\/2018\/05\/Jouluruoka-e1527425679965.jpg\" \/>\n\t<meta property=\"og:image:width\" content=\"1053\" \/>\n\t<meta property=\"og:image:height\" content=\"726\" \/>\n\t<meta property=\"og:image:type\" content=\"image\/jpeg\" \/>\n<meta name=\"twitter:card\" content=\"summary_large_image\" \/>\n<meta name=\"twitter:label1\" content=\"Arvioitu lukuaika\" \/>\n\t<meta name=\"twitter:data1\" content=\"2 minuuttia\" \/>\n<script type=\"application\/ld+json\" class=\"yoast-schema-graph\">{\"@context\":\"https:\/\/schema.org\",\"@graph\":[{\"@type\":\"WebPage\",\"@id\":\"https:\/\/koirasalmi.com\/index.php\/palvelut\/ruokailut\/\",\"url\":\"https:\/\/koirasalmi.com\/index.php\/palvelut\/ruokailut\/\",\"name\":\"Ruokailut - Koirasalmi.com\",\"isPartOf\":{\"@id\":\"https:\/\/koirasalmi.com\/#website\"},\"primaryImageOfPage\":{\"@id\":\"https:\/\/koirasalmi.com\/index.php\/palvelut\/ruokailut\/#primaryimage\"},\"image\":{\"@id\":\"https:\/\/koirasalmi.com\/index.php\/palvelut\/ruokailut\/#primaryimage\"},\"thumbnailUrl\":\"https:\/\/koirasalmi.com\/wp-content\/uploads\/2018\/05\/Jouluruoka-e1527425679965.jpg\",\"datePublished\":\"2018-05-08T09:38:34+00:00\",\"dateModified\":\"2025-05-10T18:17:27+00:00\",\"description\":\"Valmistamme rakkaudella maukasta kotiruokaa hy\u00f6dynt\u00e4en puhtaiden l\u00e4himetsien ja -vesien antimia.Ruokailut r\u00e4\u00e4t\u00e4l\u00f6id\u00e4\u00e4n aina asiakkaan mukaisesti\",\"breadcrumb\":{\"@id\":\"https:\/\/koirasalmi.com\/index.php\/palvelut\/ruokailut\/#breadcrumb\"},\"inLanguage\":\"fi\",\"potentialAction\":[{\"@type\":\"ReadAction\",\"target\":[\"https:\/\/koirasalmi.com\/index.php\/palvelut\/ruokailut\/\"]}]},{\"@type\":\"ImageObject\",\"inLanguage\":\"fi\",\"@id\":\"https:\/\/koirasalmi.com\/index.php\/palvelut\/ruokailut\/#primaryimage\",\"url\":\"https:\/\/koirasalmi.com\/wp-content\/uploads\/2018\/05\/Jouluruoka-e1527425679965.jpg\",\"contentUrl\":\"https:\/\/koirasalmi.com\/wp-content\/uploads\/2018\/05\/Jouluruoka-e1527425679965.jpg\"},{\"@type\":\"BreadcrumbList\",\"@id\":\"https:\/\/koirasalmi.com\/index.php\/palvelut\/ruokailut\/#breadcrumb\",\"itemListElement\":[{\"@type\":\"ListItem\",\"position\":1,\"name\":\"Home\",\"item\":\"https:\/\/koirasalmi.com\/\"},{\"@type\":\"ListItem\",\"position\":2,\"name\":\"Palvelut\",\"item\":\"https:\/\/koirasalmi.com\/index.php\/palvelut\/\"},{\"@type\":\"ListItem\",\"position\":3,\"name\":\"Ruokailut\"}]},{\"@type\":\"WebSite\",\"@id\":\"https:\/\/koirasalmi.com\/#website\",\"url\":\"https:\/\/koirasalmi.com\/\",\"name\":\"Koirasalmi.com\",\"description\":\"Koirasalmen luontotupa | Majoitusta, kahvio-\/ruokapalveluita, sauna, aktiviteetteja Salamaj\u00e4rven kansallispuistossa\",\"publisher\":{\"@id\":\"https:\/\/koirasalmi.com\/#organization\"},\"potentialAction\":[{\"@type\":\"SearchAction\",\"target\":{\"@type\":\"EntryPoint\",\"urlTemplate\":\"https:\/\/koirasalmi.com\/?s={search_term_string}\"},\"query-input\":{\"@type\":\"PropertyValueSpecification\",\"valueRequired\":true,\"valueName\":\"search_term_string\"}}],\"inLanguage\":\"fi\"},{\"@type\":\"Organization\",\"@id\":\"https:\/\/koirasalmi.com\/#organization\",\"name\":\"Koirasalmi, Luonnollisesti M&M\",\"url\":\"https:\/\/koirasalmi.com\/\",\"logo\":{\"@type\":\"ImageObject\",\"inLanguage\":\"fi\",\"@id\":\"https:\/\/koirasalmi.com\/#\/schema\/logo\/image\/\",\"url\":\"https:\/\/koirasalmi.com\/wp-content\/uploads\/2019\/10\/Koirasalmi-logo.jpg\",\"contentUrl\":\"https:\/\/koirasalmi.com\/wp-content\/uploads\/2019\/10\/Koirasalmi-logo.jpg\",\"width\":417,\"height\":184,\"caption\":\"Koirasalmi, Luonnollisesti M&M\"},\"image\":{\"@id\":\"https:\/\/koirasalmi.com\/#\/schema\/logo\/image\/\"},\"sameAs\":[\"https:\/\/www.facebook.com\/koirasalmi\/\",\"https:\/\/www.instagram.com\/koirasalmi\/\",\"https:\/\/www.youtube.com\/channel\/UCq4an76hM_pKMTv76pjXW5A?guided_help_flow=3\"]}]}<\/script>\n<!-- \/ Yoast SEO plugin. -->","yoast_head_json":{"title":"Ruokailut - Koirasalmi.com","description":"Valmistamme rakkaudella maukasta kotiruokaa hy\u00f6dynt\u00e4en puhtaiden l\u00e4himetsien ja -vesien antimia.Ruokailut r\u00e4\u00e4t\u00e4l\u00f6id\u00e4\u00e4n aina asiakkaan mukaisesti","robots":{"index":"index","follow":"follow","max-snippet":"max-snippet:-1","max-image-preview":"max-image-preview:large","max-video-preview":"max-video-preview:-1"},"canonical":"https:\/\/koirasalmi.com\/index.php\/palvelut\/ruokailut\/","og_locale":"fi_FI","og_type":"article","og_title":"Ruokailut - Koirasalmi.com","og_description":"Valmistamme rakkaudella maukasta kotiruokaa hy\u00f6dynt\u00e4en puhtaiden l\u00e4himetsien ja -vesien antimia.Ruokailut r\u00e4\u00e4t\u00e4l\u00f6id\u00e4\u00e4n aina asiakkaan mukaisesti","og_url":"https:\/\/koirasalmi.com\/index.php\/palvelut\/ruokailut\/","og_site_name":"Koirasalmi.com","article_publisher":"https:\/\/www.facebook.com\/koirasalmi\/","article_modified_time":"2025-05-10T18:17:27+00:00","og_image":[{"width":1053,"height":726,"url":"https:\/\/koirasalmi.com\/wp-content\/uploads\/2018\/05\/Jouluruoka-e1527425679965.jpg","type":"image\/jpeg"}],"twitter_card":"summary_large_image","twitter_misc":{"Arvioitu lukuaika":"2 minuuttia"},"schema":{"@context":"https:\/\/schema.org","@graph":[{"@type":"WebPage","@id":"https:\/\/koirasalmi.com\/index.php\/palvelut\/ruokailut\/","url":"https:\/\/koirasalmi.com\/index.php\/palvelut\/ruokailut\/","name":"Ruokailut - Koirasalmi.com","isPartOf":{"@id":"https:\/\/koirasalmi.com\/#website"},"primaryImageOfPage":{"@id":"https:\/\/koirasalmi.com\/index.php\/palvelut\/ruokailut\/#primaryimage"},"image":{"@id":"https:\/\/koirasalmi.com\/index.php\/palvelut\/ruokailut\/#primaryimage"},"thumbnailUrl":"https:\/\/koirasalmi.com\/wp-content\/uploads\/2018\/05\/Jouluruoka-e1527425679965.jpg","datePublished":"2018-05-08T09:38:34+00:00","dateModified":"2025-05-10T18:17:27+00:00","description":"Valmistamme rakkaudella maukasta kotiruokaa hy\u00f6dynt\u00e4en puhtaiden l\u00e4himetsien ja -vesien antimia.Ruokailut r\u00e4\u00e4t\u00e4l\u00f6id\u00e4\u00e4n aina asiakkaan mukaisesti","breadcrumb":{"@id":"https:\/\/koirasalmi.com\/index.php\/palvelut\/ruokailut\/#breadcrumb"},"inLanguage":"fi","potentialAction":[{"@type":"ReadAction","target":["https:\/\/koirasalmi.com\/index.php\/palvelut\/ruokailut\/"]}]},{"@type":"ImageObject","inLanguage":"fi","@id":"https:\/\/koirasalmi.com\/index.php\/palvelut\/ruokailut\/#primaryimage","url":"https:\/\/koirasalmi.com\/wp-content\/uploads\/2018\/05\/Jouluruoka-e1527425679965.jpg","contentUrl":"https:\/\/koirasalmi.com\/wp-content\/uploads\/2018\/05\/Jouluruoka-e1527425679965.jpg"},{"@type":"BreadcrumbList","@id":"https:\/\/koirasalmi.com\/index.php\/palvelut\/ruokailut\/#breadcrumb","itemListElement":[{"@type":"ListItem","position":1,"name":"Home","item":"https:\/\/koirasalmi.com\/"},{"@type":"ListItem","position":2,"name":"Palvelut","item":"https:\/\/koirasalmi.com\/index.php\/palvelut\/"},{"@type":"ListItem","position":3,"name":"Ruokailut"}]},{"@type":"WebSite","@id":"https:\/\/koirasalmi.com\/#website","url":"https:\/\/koirasalmi.com\/","name":"Koirasalmi.com","description":"Koirasalmen luontotupa | Majoitusta, kahvio-\/ruokapalveluita, sauna, aktiviteetteja Salamaj\u00e4rven kansallispuistossa","publisher":{"@id":"https:\/\/koirasalmi.com\/#organization"},"potentialAction":[{"@type":"SearchAction","target":{"@type":"EntryPoint","urlTemplate":"https:\/\/koirasalmi.com\/?s={search_term_string}"},"query-input":{"@type":"PropertyValueSpecification","valueRequired":true,"valueName":"search_term_string"}}],"inLanguage":"fi"},{"@type":"Organization","@id":"https:\/\/koirasalmi.com\/#organization","name":"Koirasalmi, Luonnollisesti M&M","url":"https:\/\/koirasalmi.com\/","logo":{"@type":"ImageObject","inLanguage":"fi","@id":"https:\/\/koirasalmi.com\/#\/schema\/logo\/image\/","url":"https:\/\/koirasalmi.com\/wp-content\/uploads\/2019\/10\/Koirasalmi-logo.jpg","contentUrl":"https:\/\/koirasalmi.com\/wp-content\/uploads\/2019\/10\/Koirasalmi-logo.jpg","width":417,"height":184,"caption":"Koirasalmi, Luonnollisesti M&M"},"image":{"@id":"https:\/\/koirasalmi.com\/#\/schema\/logo\/image\/"},"sameAs":["https:\/\/www.facebook.com\/koirasalmi\/","https:\/\/www.instagram.com\/koirasalmi\/","https:\/\/www.youtube.com\/channel\/UCq4an76hM_pKMTv76pjXW5A?guided_help_flow=3"]}]}},"_links":{"self":[{"href":"https:\/\/koirasalmi.com\/index.php\/wp-json\/wp\/v2\/pages\/57","targetHints":{"allow":["GET"]}}],"collection":[{"href":"https:\/\/koirasalmi.com\/index.php\/wp-json\/wp\/v2\/pages"}],"about":[{"href":"https:\/\/koirasalmi.com\/index.php\/wp-json\/wp\/v2\/types\/page"}],"author":[{"embeddable":true,"href":"https:\/\/koirasalmi.com\/index.php\/wp-json\/wp\/v2\/users\/1"}],"replies":[{"embeddable":true,"href":"https:\/\/koirasalmi.com\/index.php\/wp-json\/wp\/v2\/comments?post=57"}],"version-history":[{"count":20,"href":"https:\/\/koirasalmi.com\/index.php\/wp-json\/wp\/v2\/pages\/57\/revisions"}],"predecessor-version":[{"id":2782,"href":"https:\/\/koirasalmi.com\/index.php\/wp-json\/wp\/v2\/pages\/57\/revisions\/2782"}],"up":[{"embeddable":true,"href":"https:\/\/koirasalmi.com\/index.php\/wp-json\/wp\/v2\/pages\/146"}],"wp:attachment":[{"href":"https:\/\/koirasalmi.com\/index.php\/wp-json\/wp\/v2\/media?parent=57"}],"curies":[{"name":"wp","href":"https:\/\/api.w.org\/{rel}","templated":true}]}}