{"id":60,"date":"2018-05-08T09:41:16","date_gmt":"2018-05-08T09:41:16","guid":{"rendered":"http:\/\/koirasalmi.com\/?page_id=60"},"modified":"2025-05-18T06:09:52","modified_gmt":"2025-05-18T06:09:52","slug":"kahvio-ja-kioski","status":"publish","type":"page","link":"https:\/\/koirasalmi.com\/index.php\/palvelut\/kahvio-ja-kioski\/","title":{"rendered":"Kahvio ja kioski"},"content":{"rendered":"<div id=\"attachment_600\" style=\"width: 1034px\" class=\"wp-caption aligncenter\"><img decoding=\"async\" aria-describedby=\"caption-attachment-600\" class=\"wp-image-600 size-large lazyload\" title=\"Salamaj\u00e4rven kansallispuisto, Koirasalmen luontotupa.Luonnollisesti Maarit ja Markku tiskin takana.\" data-src=\"https:\/\/koirasalmi.com\/wp-content\/uploads\/2018\/05\/unnamed-5-1024x683.jpg\" alt=\"Salamaj\u00e4rven kansallispuisto, Koirasalmen luontotupa.Kahvio ja kioski.\" width=\"1024\" height=\"683\" data-srcset=\"https:\/\/koirasalmi.com\/wp-content\/uploads\/2018\/05\/unnamed-5-1024x683.jpg 1024w, https:\/\/koirasalmi.com\/wp-content\/uploads\/2018\/05\/unnamed-5-300x200.jpg 300w, https:\/\/koirasalmi.com\/wp-content\/uploads\/2018\/05\/unnamed-5-768x512.jpg 768w, https:\/\/koirasalmi.com\/wp-content\/uploads\/2018\/05\/unnamed-5.jpg 1155w\" data-sizes=\"(max-width: 1024px) 100vw, 1024px\" src=\"data:image\/svg+xml;base64,PHN2ZyB3aWR0aD0iMSIgaGVpZ2h0PSIxIiB4bWxucz0iaHR0cDovL3d3dy53My5vcmcvMjAwMC9zdmciPjwvc3ZnPg==\" style=\"--smush-placeholder-width: 1024px; --smush-placeholder-aspect-ratio: 1024\/683;\" \/><p id=\"caption-attachment-600\" class=\"wp-caption-text\">Salamaj\u00e4rven kansallispuisto, Koirasalmen luontotuvan kahvio ja kioski.<\/p><\/div>\n<p>Kes\u00e4aikaan luontotuvalla toimii kahvio ja kioski (katso <a href=\"https:\/\/koirasalmi.com\/index.php\/palvelut\/kahvio-ja-kioski\/kahvion-aukioloajat-ja-tapahtumat\/\" target=\"_blank\" rel=\"noopener noreferrer\">aukioloajat<\/a>). Kahviossa tarjolla on j\u00e4\u00e4tel\u00f6\u00e4, makeisia, virvoitusjuomia sek\u00e4 suolaisia ett\u00e4 makeita leivonnaisia erityisruokavaliot huomioiden. Kahviossa on tarjolla juhannuksesta aina koulujen alkuun asti la-su keittolounasta .<\/p>\n<p>Kahvio toimii my\u00f6s n\u00e4yttelytilana, jossa on esill\u00e4 erilaisia vaihtuvia taide- ym. n\u00e4yttelyit\u00e4.<\/p>\n<p>Kioskista l\u00f6yd\u00e4t monenlaista pient\u00e4 matkamuistoa sek\u00e4\u00a0 sek\u00e4 naposteltavaa.<br \/>\nSalamaj\u00e4rven kansallispuiston <strong>logotuotteita,<\/strong> lahjatavaraa, kalastustarvikkeita ja <strong>Salamaj\u00e4rven kansallispuiston karttoja<\/strong>.<\/p>\n<div id=\"attachment_570\" style=\"width: 632px\" class=\"wp-caption aligncenter\"><img decoding=\"async\" aria-describedby=\"caption-attachment-570\" class=\"wp-image-570 lazyload\" title=\"Salamaj\u00e4rven kansallispuisto. Koirasalmen luontotupa. Koirasalmi tuotteita.\" data-src=\"https:\/\/koirasalmi.com\/wp-content\/uploads\/2018\/05\/koirasalmi-e1527425148807-1024x658.jpg\" alt=\"Salamaj\u00e4rven kansallispuisto. Koirasalmen luontotupa. Koirasalmi tuotteita.\" width=\"622\" height=\"400\" data-srcset=\"https:\/\/koirasalmi.com\/wp-content\/uploads\/2018\/05\/koirasalmi-e1527425148807-1024x658.jpg 1024w, https:\/\/koirasalmi.com\/wp-content\/uploads\/2018\/05\/koirasalmi-e1527425148807-300x193.jpg 300w, https:\/\/koirasalmi.com\/wp-content\/uploads\/2018\/05\/koirasalmi-e1527425148807-768x494.jpg 768w, https:\/\/koirasalmi.com\/wp-content\/uploads\/2018\/05\/koirasalmi-e1527425148807.jpg 1036w\" data-sizes=\"(max-width: 622px) 100vw, 622px\" src=\"data:image\/svg+xml;base64,PHN2ZyB3aWR0aD0iMSIgaGVpZ2h0PSIxIiB4bWxucz0iaHR0cDovL3d3dy53My5vcmcvMjAwMC9zdmciPjwvc3ZnPg==\" style=\"--smush-placeholder-width: 622px; --smush-placeholder-aspect-ratio: 622\/400;\" \/><p id=\"caption-attachment-570\" class=\"wp-caption-text\">Salamaj\u00e4rven kansallispuisto. Koirasalmen luontotupa. Koirasalmi tuotteita.<\/p><\/div>\n<p>&nbsp;<\/p>\n<div id=\"attachment_569\" style=\"width: 632px\" class=\"wp-caption aligncenter\"><img decoding=\"async\" aria-describedby=\"caption-attachment-569\" class=\"wp-image-569 lazyload\" title=\"Salamaj\u00e4rven kansallispuisto. Koirasalmen luontotupa. Salamaj\u00e4rven kansallispuisto tuotteita.\" data-src=\"https:\/\/koirasalmi.com\/wp-content\/uploads\/2018\/05\/Puisto-e1527425213614-1024x768.jpg\" alt=\"Salamaj\u00e4rven kansallispuisto. Koirasalmen luontotupa. Salamaj\u00e4rven kansallispuisto tuotteita.\" width=\"622\" height=\"466\" data-srcset=\"https:\/\/koirasalmi.com\/wp-content\/uploads\/2018\/05\/Puisto-e1527425213614-1024x768.jpg 1024w, https:\/\/koirasalmi.com\/wp-content\/uploads\/2018\/05\/Puisto-e1527425213614-300x225.jpg 300w, https:\/\/koirasalmi.com\/wp-content\/uploads\/2018\/05\/Puisto-e1527425213614-768x576.jpg 768w, https:\/\/koirasalmi.com\/wp-content\/uploads\/2018\/05\/Puisto-e1527425213614.jpg 1066w\" data-sizes=\"(max-width: 622px) 100vw, 622px\" src=\"data:image\/svg+xml;base64,PHN2ZyB3aWR0aD0iMSIgaGVpZ2h0PSIxIiB4bWxucz0iaHR0cDovL3d3dy53My5vcmcvMjAwMC9zdmciPjwvc3ZnPg==\" style=\"--smush-placeholder-width: 622px; --smush-placeholder-aspect-ratio: 622\/466;\" \/><p id=\"caption-attachment-569\" class=\"wp-caption-text\">Salamaj\u00e4rven kansallispuisto. Koirasalmen luontotupa. Salamaj\u00e4rven kansallispuisto tuotteita.<\/p><\/div>\n<p>&nbsp;<\/p>\n<p>Suuremmille ryhmille toivomme aina ennakkovarausta.<br \/>\nLuontotuvan kahvilan tarjoilut ovat varattavissa ennakkoon ryhmille my\u00f6s muina kuin luontotuvan aukioloaikoina. Valmistamme my\u00f6s ryhmille maittavaa kotiruokaa tilauksesta<\/p>\n","protected":false},"excerpt":{"rendered":"<p>Kes\u00e4aikaan luontotuvalla toimii kahvio ja kioski (katso aukioloajat). Kahviossa tarjolla on j\u00e4\u00e4tel\u00f6\u00e4, makeisia, virvoitusjuomia sek\u00e4 suolaisia ett\u00e4 makeita leivonnaisia erityisruokavaliot huomioiden. Kahviossa on tarjolla juhannuksesta aina koulujen alkuun asti la-su keittolounasta . Kahvio toimii&#46;&#46;&#46;<\/p>\n","protected":false},"author":1,"featured_media":0,"parent":146,"menu_order":0,"comment_status":"closed","ping_status":"closed","template":"","meta":{"_exactmetrics_skip_tracking":false,"_exactmetrics_sitenote_active":false,"_exactmetrics_sitenote_note":"","_exactmetrics_sitenote_category":0,"footnotes":""},"class_list":["post-60","page","type-page","status-publish","hentry"],"yoast_head":"<!-- This site is optimized with the Yoast SEO plugin v26.8 - https:\/\/yoast.com\/product\/yoast-seo-wordpress\/ -->\n<title>Kahvio ja kioski - Koirasalmi.com<\/title>\n<meta name=\"description\" content=\"Kes\u00e4isin Koirasalmen luontotuvalla palvelevat kahvio ja kioski. Kahviossa on j\u00e4\u00e4tel\u00f6\u00e4, makeisia, virvoitusjuomia sek\u00e4 suolaisia ett\u00e4 makeita leivonnaisia, erityisruokavaliot huomioiden. Lis\u00e4ksi myynniss\u00e4 Salamaj\u00e4rven kansallispuiston logotuotteita, lahjatavaraa, kalastustarvikkeita ja karttoja.\" \/>\n<meta name=\"robots\" content=\"index, follow, max-snippet:-1, max-image-preview:large, max-video-preview:-1\" \/>\n<link rel=\"canonical\" href=\"https:\/\/koirasalmi.com\/index.php\/palvelut\/kahvio-ja-kioski\/\" \/>\n<meta property=\"og:locale\" content=\"fi_FI\" \/>\n<meta property=\"og:type\" content=\"article\" \/>\n<meta property=\"og:title\" content=\"Kahvio ja kioski - Koirasalmi.com\" \/>\n<meta property=\"og:description\" content=\"Kes\u00e4isin Koirasalmen luontotuvalla palvelevat kahvio ja kioski. Kahviossa on j\u00e4\u00e4tel\u00f6\u00e4, makeisia, virvoitusjuomia sek\u00e4 suolaisia ett\u00e4 makeita leivonnaisia, erityisruokavaliot huomioiden. Lis\u00e4ksi myynniss\u00e4 Salamaj\u00e4rven kansallispuiston logotuotteita, lahjatavaraa, kalastustarvikkeita ja karttoja.\" \/>\n<meta property=\"og:url\" content=\"https:\/\/koirasalmi.com\/index.php\/palvelut\/kahvio-ja-kioski\/\" \/>\n<meta property=\"og:site_name\" content=\"Koirasalmi.com\" \/>\n<meta property=\"article:publisher\" content=\"https:\/\/www.facebook.com\/koirasalmi\/\" \/>\n<meta property=\"article:modified_time\" content=\"2025-05-18T06:09:52+00:00\" \/>\n<meta property=\"og:image\" content=\"https:\/\/koirasalmi.com\/wp-content\/uploads\/2018\/05\/unnamed-5.jpg\" \/>\n\t<meta property=\"og:image:width\" content=\"1155\" \/>\n\t<meta property=\"og:image:height\" content=\"770\" \/>\n\t<meta property=\"og:image:type\" content=\"image\/jpeg\" \/>\n<meta name=\"twitter:card\" content=\"summary_large_image\" \/>\n<meta name=\"twitter:label1\" content=\"Arvioitu lukuaika\" \/>\n\t<meta name=\"twitter:data1\" content=\"2 minuuttia\" \/>\n<script type=\"application\/ld+json\" class=\"yoast-schema-graph\">{\"@context\":\"https:\/\/schema.org\",\"@graph\":[{\"@type\":\"WebPage\",\"@id\":\"https:\/\/koirasalmi.com\/index.php\/palvelut\/kahvio-ja-kioski\/\",\"url\":\"https:\/\/koirasalmi.com\/index.php\/palvelut\/kahvio-ja-kioski\/\",\"name\":\"Kahvio ja kioski - Koirasalmi.com\",\"isPartOf\":{\"@id\":\"https:\/\/koirasalmi.com\/#website\"},\"primaryImageOfPage\":{\"@id\":\"https:\/\/koirasalmi.com\/index.php\/palvelut\/kahvio-ja-kioski\/#primaryimage\"},\"image\":{\"@id\":\"https:\/\/koirasalmi.com\/index.php\/palvelut\/kahvio-ja-kioski\/#primaryimage\"},\"thumbnailUrl\":\"https:\/\/koirasalmi.com\/wp-content\/uploads\/2018\/05\/unnamed-5-1024x683.jpg\",\"datePublished\":\"2018-05-08T09:41:16+00:00\",\"dateModified\":\"2025-05-18T06:09:52+00:00\",\"description\":\"Kes\u00e4isin Koirasalmen luontotuvalla palvelevat kahvio ja kioski. Kahviossa on j\u00e4\u00e4tel\u00f6\u00e4, makeisia, virvoitusjuomia sek\u00e4 suolaisia ett\u00e4 makeita leivonnaisia, erityisruokavaliot huomioiden. Lis\u00e4ksi myynniss\u00e4 Salamaj\u00e4rven kansallispuiston logotuotteita, lahjatavaraa, kalastustarvikkeita ja karttoja.\",\"breadcrumb\":{\"@id\":\"https:\/\/koirasalmi.com\/index.php\/palvelut\/kahvio-ja-kioski\/#breadcrumb\"},\"inLanguage\":\"fi\",\"potentialAction\":[{\"@type\":\"ReadAction\",\"target\":[\"https:\/\/koirasalmi.com\/index.php\/palvelut\/kahvio-ja-kioski\/\"]}]},{\"@type\":\"ImageObject\",\"inLanguage\":\"fi\",\"@id\":\"https:\/\/koirasalmi.com\/index.php\/palvelut\/kahvio-ja-kioski\/#primaryimage\",\"url\":\"https:\/\/koirasalmi.com\/wp-content\/uploads\/2018\/05\/unnamed-5-1024x683.jpg\",\"contentUrl\":\"https:\/\/koirasalmi.com\/wp-content\/uploads\/2018\/05\/unnamed-5-1024x683.jpg\"},{\"@type\":\"BreadcrumbList\",\"@id\":\"https:\/\/koirasalmi.com\/index.php\/palvelut\/kahvio-ja-kioski\/#breadcrumb\",\"itemListElement\":[{\"@type\":\"ListItem\",\"position\":1,\"name\":\"Home\",\"item\":\"https:\/\/koirasalmi.com\/\"},{\"@type\":\"ListItem\",\"position\":2,\"name\":\"Palvelut\",\"item\":\"https:\/\/koirasalmi.com\/index.php\/palvelut\/\"},{\"@type\":\"ListItem\",\"position\":3,\"name\":\"Kahvio ja kioski\"}]},{\"@type\":\"WebSite\",\"@id\":\"https:\/\/koirasalmi.com\/#website\",\"url\":\"https:\/\/koirasalmi.com\/\",\"name\":\"Koirasalmi.com\",\"description\":\"Koirasalmen luontotupa | Majoitusta, kahvio-\/ruokapalveluita, sauna, aktiviteetteja Salamaj\u00e4rven kansallispuistossa\",\"publisher\":{\"@id\":\"https:\/\/koirasalmi.com\/#organization\"},\"potentialAction\":[{\"@type\":\"SearchAction\",\"target\":{\"@type\":\"EntryPoint\",\"urlTemplate\":\"https:\/\/koirasalmi.com\/?s={search_term_string}\"},\"query-input\":{\"@type\":\"PropertyValueSpecification\",\"valueRequired\":true,\"valueName\":\"search_term_string\"}}],\"inLanguage\":\"fi\"},{\"@type\":\"Organization\",\"@id\":\"https:\/\/koirasalmi.com\/#organization\",\"name\":\"Koirasalmi, Luonnollisesti M&M\",\"url\":\"https:\/\/koirasalmi.com\/\",\"logo\":{\"@type\":\"ImageObject\",\"inLanguage\":\"fi\",\"@id\":\"https:\/\/koirasalmi.com\/#\/schema\/logo\/image\/\",\"url\":\"https:\/\/koirasalmi.com\/wp-content\/uploads\/2019\/10\/Koirasalmi-logo.jpg\",\"contentUrl\":\"https:\/\/koirasalmi.com\/wp-content\/uploads\/2019\/10\/Koirasalmi-logo.jpg\",\"width\":417,\"height\":184,\"caption\":\"Koirasalmi, Luonnollisesti M&M\"},\"image\":{\"@id\":\"https:\/\/koirasalmi.com\/#\/schema\/logo\/image\/\"},\"sameAs\":[\"https:\/\/www.facebook.com\/koirasalmi\/\",\"https:\/\/www.instagram.com\/koirasalmi\/\",\"https:\/\/www.youtube.com\/channel\/UCq4an76hM_pKMTv76pjXW5A?guided_help_flow=3\"]}]}<\/script>\n<!-- \/ Yoast SEO plugin. -->","yoast_head_json":{"title":"Kahvio ja kioski - Koirasalmi.com","description":"Kes\u00e4isin Koirasalmen luontotuvalla palvelevat kahvio ja kioski. Kahviossa on j\u00e4\u00e4tel\u00f6\u00e4, makeisia, virvoitusjuomia sek\u00e4 suolaisia ett\u00e4 makeita leivonnaisia, erityisruokavaliot huomioiden. Lis\u00e4ksi myynniss\u00e4 Salamaj\u00e4rven kansallispuiston logotuotteita, lahjatavaraa, kalastustarvikkeita ja karttoja.","robots":{"index":"index","follow":"follow","max-snippet":"max-snippet:-1","max-image-preview":"max-image-preview:large","max-video-preview":"max-video-preview:-1"},"canonical":"https:\/\/koirasalmi.com\/index.php\/palvelut\/kahvio-ja-kioski\/","og_locale":"fi_FI","og_type":"article","og_title":"Kahvio ja kioski - Koirasalmi.com","og_description":"Kes\u00e4isin Koirasalmen luontotuvalla palvelevat kahvio ja kioski. Kahviossa on j\u00e4\u00e4tel\u00f6\u00e4, makeisia, virvoitusjuomia sek\u00e4 suolaisia ett\u00e4 makeita leivonnaisia, erityisruokavaliot huomioiden. Lis\u00e4ksi myynniss\u00e4 Salamaj\u00e4rven kansallispuiston logotuotteita, lahjatavaraa, kalastustarvikkeita ja karttoja.","og_url":"https:\/\/koirasalmi.com\/index.php\/palvelut\/kahvio-ja-kioski\/","og_site_name":"Koirasalmi.com","article_publisher":"https:\/\/www.facebook.com\/koirasalmi\/","article_modified_time":"2025-05-18T06:09:52+00:00","og_image":[{"width":1155,"height":770,"url":"https:\/\/koirasalmi.com\/wp-content\/uploads\/2018\/05\/unnamed-5.jpg","type":"image\/jpeg"}],"twitter_card":"summary_large_image","twitter_misc":{"Arvioitu lukuaika":"2 minuuttia"},"schema":{"@context":"https:\/\/schema.org","@graph":[{"@type":"WebPage","@id":"https:\/\/koirasalmi.com\/index.php\/palvelut\/kahvio-ja-kioski\/","url":"https:\/\/koirasalmi.com\/index.php\/palvelut\/kahvio-ja-kioski\/","name":"Kahvio ja kioski - Koirasalmi.com","isPartOf":{"@id":"https:\/\/koirasalmi.com\/#website"},"primaryImageOfPage":{"@id":"https:\/\/koirasalmi.com\/index.php\/palvelut\/kahvio-ja-kioski\/#primaryimage"},"image":{"@id":"https:\/\/koirasalmi.com\/index.php\/palvelut\/kahvio-ja-kioski\/#primaryimage"},"thumbnailUrl":"https:\/\/koirasalmi.com\/wp-content\/uploads\/2018\/05\/unnamed-5-1024x683.jpg","datePublished":"2018-05-08T09:41:16+00:00","dateModified":"2025-05-18T06:09:52+00:00","description":"Kes\u00e4isin Koirasalmen luontotuvalla palvelevat kahvio ja kioski. Kahviossa on j\u00e4\u00e4tel\u00f6\u00e4, makeisia, virvoitusjuomia sek\u00e4 suolaisia ett\u00e4 makeita leivonnaisia, erityisruokavaliot huomioiden. Lis\u00e4ksi myynniss\u00e4 Salamaj\u00e4rven kansallispuiston logotuotteita, lahjatavaraa, kalastustarvikkeita ja karttoja.","breadcrumb":{"@id":"https:\/\/koirasalmi.com\/index.php\/palvelut\/kahvio-ja-kioski\/#breadcrumb"},"inLanguage":"fi","potentialAction":[{"@type":"ReadAction","target":["https:\/\/koirasalmi.com\/index.php\/palvelut\/kahvio-ja-kioski\/"]}]},{"@type":"ImageObject","inLanguage":"fi","@id":"https:\/\/koirasalmi.com\/index.php\/palvelut\/kahvio-ja-kioski\/#primaryimage","url":"https:\/\/koirasalmi.com\/wp-content\/uploads\/2018\/05\/unnamed-5-1024x683.jpg","contentUrl":"https:\/\/koirasalmi.com\/wp-content\/uploads\/2018\/05\/unnamed-5-1024x683.jpg"},{"@type":"BreadcrumbList","@id":"https:\/\/koirasalmi.com\/index.php\/palvelut\/kahvio-ja-kioski\/#breadcrumb","itemListElement":[{"@type":"ListItem","position":1,"name":"Home","item":"https:\/\/koirasalmi.com\/"},{"@type":"ListItem","position":2,"name":"Palvelut","item":"https:\/\/koirasalmi.com\/index.php\/palvelut\/"},{"@type":"ListItem","position":3,"name":"Kahvio ja kioski"}]},{"@type":"WebSite","@id":"https:\/\/koirasalmi.com\/#website","url":"https:\/\/koirasalmi.com\/","name":"Koirasalmi.com","description":"Koirasalmen luontotupa | Majoitusta, kahvio-\/ruokapalveluita, sauna, aktiviteetteja Salamaj\u00e4rven kansallispuistossa","publisher":{"@id":"https:\/\/koirasalmi.com\/#organization"},"potentialAction":[{"@type":"SearchAction","target":{"@type":"EntryPoint","urlTemplate":"https:\/\/koirasalmi.com\/?s={search_term_string}"},"query-input":{"@type":"PropertyValueSpecification","valueRequired":true,"valueName":"search_term_string"}}],"inLanguage":"fi"},{"@type":"Organization","@id":"https:\/\/koirasalmi.com\/#organization","name":"Koirasalmi, Luonnollisesti M&M","url":"https:\/\/koirasalmi.com\/","logo":{"@type":"ImageObject","inLanguage":"fi","@id":"https:\/\/koirasalmi.com\/#\/schema\/logo\/image\/","url":"https:\/\/koirasalmi.com\/wp-content\/uploads\/2019\/10\/Koirasalmi-logo.jpg","contentUrl":"https:\/\/koirasalmi.com\/wp-content\/uploads\/2019\/10\/Koirasalmi-logo.jpg","width":417,"height":184,"caption":"Koirasalmi, Luonnollisesti M&M"},"image":{"@id":"https:\/\/koirasalmi.com\/#\/schema\/logo\/image\/"},"sameAs":["https:\/\/www.facebook.com\/koirasalmi\/","https:\/\/www.instagram.com\/koirasalmi\/","https:\/\/www.youtube.com\/channel\/UCq4an76hM_pKMTv76pjXW5A?guided_help_flow=3"]}]}},"_links":{"self":[{"href":"https:\/\/koirasalmi.com\/index.php\/wp-json\/wp\/v2\/pages\/60","targetHints":{"allow":["GET"]}}],"collection":[{"href":"https:\/\/koirasalmi.com\/index.php\/wp-json\/wp\/v2\/pages"}],"about":[{"href":"https:\/\/koirasalmi.com\/index.php\/wp-json\/wp\/v2\/types\/page"}],"author":[{"embeddable":true,"href":"https:\/\/koirasalmi.com\/index.php\/wp-json\/wp\/v2\/users\/1"}],"replies":[{"embeddable":true,"href":"https:\/\/koirasalmi.com\/index.php\/wp-json\/wp\/v2\/comments?post=60"}],"version-history":[{"count":20,"href":"https:\/\/koirasalmi.com\/index.php\/wp-json\/wp\/v2\/pages\/60\/revisions"}],"predecessor-version":[{"id":2795,"href":"https:\/\/koirasalmi.com\/index.php\/wp-json\/wp\/v2\/pages\/60\/revisions\/2795"}],"up":[{"embeddable":true,"href":"https:\/\/koirasalmi.com\/index.php\/wp-json\/wp\/v2\/pages\/146"}],"wp:attachment":[{"href":"https:\/\/koirasalmi.com\/index.php\/wp-json\/wp\/v2\/media?parent=60"}],"curies":[{"name":"wp","href":"https:\/\/api.w.org\/{rel}","templated":true}]}}