{"id":63,"date":"2018-05-08T09:44:52","date_gmt":"2018-05-08T09:44:52","guid":{"rendered":"http:\/\/koirasalmi.com\/?page_id=63"},"modified":"2025-02-25T11:13:49","modified_gmt":"2025-02-25T11:13:49","slug":"vuokrattavat-tilat","status":"publish","type":"page","link":"https:\/\/koirasalmi.com\/index.php\/palvelut\/vuokrattavat-tilat\/","title":{"rendered":"Vuokrattavat tilat"},"content":{"rendered":"<h3 style=\"text-align: center;\"><strong>Salamaj\u00e4rven kansallispuiston perinteinen rantasauna<\/strong><\/h3>\n<p>Pienen Koiraj\u00e4rven rannassa on monien mielest\u00e4 se &#8221;maailman paras sauna&#8221;<br \/>\nSaunassa on erillinen pesutila ja pukuhuone sek\u00e4 suojainen terassi josta portaat johtavat suoraan Pieneen Koiraj\u00e4rveen. Lauteille mahtuu yht\u00e4aikaa n. 8 hl\u00f6\u00e4. Lempeist\u00e4 l\u00f6ylyist\u00e4 on talvellakin helppo k\u00e4yd\u00e4 vaikka avannossa jota pidet\u00e4\u00e4n auki talvikaudella.<\/p>\n<ul>\n<li>Saunaa vuokrataan touko-lokakuussa 30 \u20ac \/ h hintaan.<\/li>\n<li>Marras-huhtikuussa minimi vuokra-aika on 2h.<\/li>\n<li>Ryhmille 10+ hl\u00f6\u00e4 sauna 100 \u20ac \/ 3 h valmiiksi l\u00e4mmitettyn\u00e4.<\/li>\n<\/ul>\n<p>Kokeile my\u00f6s <strong>Hemmottelusaunaa.<\/strong><\/p>\n<div id=\"attachment_396\" style=\"width: 632px\" class=\"wp-caption aligncenter\"><img decoding=\"async\" aria-describedby=\"caption-attachment-396\" class=\"wp-image-396 lazyload\" title=\"Salamaj\u00e4rven kansallispuisto. Koirasalmi. perinteinen rantasauna Pienell\u00e4 Koiraj\u00e4rvell\u00e4 ,jonka terassin portaat johtavat suoraan j\u00e4rveen\" data-src=\"https:\/\/koirasalmi.com\/wp-content\/uploads\/2018\/05\/P5164870-e1527426442876.jpg\" alt=\"Salamaj\u00e4rven kansallispuisto. Koirasalmi. perinteinen rantasauna Pienell\u00e4 Koiraj\u00e4rvell\u00e4.\" width=\"622\" height=\"455\" data-srcset=\"https:\/\/koirasalmi.com\/wp-content\/uploads\/2018\/05\/P5164870-e1527426442876.jpg 1047w, https:\/\/koirasalmi.com\/wp-content\/uploads\/2018\/05\/P5164870-e1527426442876-300x219.jpg 300w, https:\/\/koirasalmi.com\/wp-content\/uploads\/2018\/05\/P5164870-e1527426442876-768x562.jpg 768w, https:\/\/koirasalmi.com\/wp-content\/uploads\/2018\/05\/P5164870-e1527426442876-1024x749.jpg 1024w\" data-sizes=\"(max-width: 622px) 100vw, 622px\" src=\"data:image\/svg+xml;base64,PHN2ZyB3aWR0aD0iMSIgaGVpZ2h0PSIxIiB4bWxucz0iaHR0cDovL3d3dy53My5vcmcvMjAwMC9zdmciPjwvc3ZnPg==\" style=\"--smush-placeholder-width: 622px; --smush-placeholder-aspect-ratio: 622\/455;\" \/><p id=\"caption-attachment-396\" class=\"wp-caption-text\">Salamaj\u00e4rven kansallispuisto. Koirasalmi. Perinteinen rantasauna Pienell\u00e4 Koiraj\u00e4rvell\u00e4.<\/p><\/div>\n<h3 style=\"text-align: center;\"><strong>K<\/strong><strong>okous- kurssi- ja juhlatiloja<\/strong><\/h3>\n<p><strong>Kahviotilaa vuokrataan kahvion aukioloaikojen ulkopuolella. <\/strong><\/p>\n<ul>\n<li>Viihtyis\u00e4\u00e4n tilaan mahtuu ruokailemaan jopa 40 hl\u00f6\u00e4.<\/li>\n<li>Viereinen takkatila mukaanlaskien tilaa l\u00f6ytyy jopa 60 hl\u00f6lle.<\/li>\n<li><strong>Kokoustilojen hinta alk. 40 \u20ac \/ h.<\/strong><\/li>\n<\/ul>\n<div id=\"attachment_426\" style=\"width: 632px\" class=\"wp-caption aligncenter\"><img decoding=\"async\" aria-describedby=\"caption-attachment-426\" class=\"wp-image-426 lazyload\" title=\"Salamaj\u00e4rven kansallispuisto , Koirasalmen luontotupa. Kahviotilaan juhlien, kokouksien, kurssien ym. pitoon mahtuu noin 50hl\u00f6\u00e4\" data-src=\"https:\/\/koirasalmi.com\/wp-content\/uploads\/2018\/05\/18901650_1603818719663512_1081532094_o-e1527432996245.jpg\" alt=\"Salamaj\u00e4rven kansallispuisto , Koirasalmen luontotupa. Kahviotila juhlien, kokouksien, kurssien ym. pitoon.\" width=\"622\" height=\"338\" data-srcset=\"https:\/\/koirasalmi.com\/wp-content\/uploads\/2018\/05\/18901650_1603818719663512_1081532094_o-e1527432996245.jpg 1160w, https:\/\/koirasalmi.com\/wp-content\/uploads\/2018\/05\/18901650_1603818719663512_1081532094_o-e1527432996245-300x163.jpg 300w, https:\/\/koirasalmi.com\/wp-content\/uploads\/2018\/05\/18901650_1603818719663512_1081532094_o-e1527432996245-768x418.jpg 768w, https:\/\/koirasalmi.com\/wp-content\/uploads\/2018\/05\/18901650_1603818719663512_1081532094_o-e1527432996245-1024x557.jpg 1024w\" data-sizes=\"(max-width: 622px) 100vw, 622px\" src=\"data:image\/svg+xml;base64,PHN2ZyB3aWR0aD0iMSIgaGVpZ2h0PSIxIiB4bWxucz0iaHR0cDovL3d3dy53My5vcmcvMjAwMC9zdmciPjwvc3ZnPg==\" style=\"--smush-placeholder-width: 622px; --smush-placeholder-aspect-ratio: 622\/338;\" \/><p id=\"caption-attachment-426\" class=\"wp-caption-text\">Salamaj\u00e4rven kansallispuisto , Koirasalmen luontotupa. Kahviotila juhlien, kokouksien, kurssien ym. pitoon.<\/p><\/div>\n<h3 style=\"text-align: center;\"><strong><span style=\"vertical-align: inherit;\"><span style=\"vertical-align: inherit;\">Maahisen varauskota<\/span><\/span><\/strong><\/h3>\n<p><strong>L\u00e4himets\u00e4ss\u00e4 aivan pihapiirin tuntumassa palvelee niin retkien tukikohtana kuin illanistujaisissakin esteet\u00f6n Maahisen kota. <\/strong><\/p>\n<ul>\n<li>Kodalla voi kokoustaa tai pit\u00e4\u00e4 pienet juhlat.<\/li>\n<li>Kotaan mahtuu 30-40 hl\u00f6\u00e4.<\/li>\n<li>Varustukseen kuuluu kotakeitti\u00f6, nokipannu, teepannu sek\u00e4 valurautapannu.<\/li>\n<li><strong>Kodan hinta 30 \u20ac \/ h tai 120 \u20ac \/ 6h.<\/strong><\/li>\n<\/ul>\n<div id=\"attachment_495\" style=\"width: 632px\" class=\"wp-caption aligncenter\"><img decoding=\"async\" aria-describedby=\"caption-attachment-495\" class=\"wp-image-495 lazyload\" title=\"Salamaj\u00e4rven kansallispuisto .Koirasalmi.\u00a0 Esteet\u00f6n Maahisen varauskota kotakeitti\u00f6ll\u00e4 max. 35hl\u00f6.\" data-src=\"https:\/\/koirasalmi.com\/wp-content\/uploads\/2018\/05\/P9242237-e1527426963788-1024x766.jpg\" alt=\"Salamaj\u00e4rven kansallispuisto .Koirasalmi.\u00a0 Esteet\u00f6n Maahisen varauskota kotakeitti\u00f6ll\u00e4 max. 35hl\u00f6.\" width=\"622\" height=\"465\" data-srcset=\"https:\/\/koirasalmi.com\/wp-content\/uploads\/2018\/05\/P9242237-e1527426963788-1024x766.jpg 1024w, https:\/\/koirasalmi.com\/wp-content\/uploads\/2018\/05\/P9242237-e1527426963788-300x224.jpg 300w, https:\/\/koirasalmi.com\/wp-content\/uploads\/2018\/05\/P9242237-e1527426963788-768x574.jpg 768w, https:\/\/koirasalmi.com\/wp-content\/uploads\/2018\/05\/P9242237-e1527426963788.jpg 1047w\" data-sizes=\"(max-width: 622px) 100vw, 622px\" src=\"data:image\/svg+xml;base64,PHN2ZyB3aWR0aD0iMSIgaGVpZ2h0PSIxIiB4bWxucz0iaHR0cDovL3d3dy53My5vcmcvMjAwMC9zdmciPjwvc3ZnPg==\" style=\"--smush-placeholder-width: 622px; --smush-placeholder-aspect-ratio: 622\/465;\" \/><p id=\"caption-attachment-495\" class=\"wp-caption-text\">Salamaj\u00e4rven kansallispuisto, Koirasalmi.\u00a0 Esteet\u00f6n Maahisen varauskota kotakeitti\u00f6ll\u00e4.<\/p><\/div>\n","protected":false},"excerpt":{"rendered":"<p>Salamaj\u00e4rven kansallispuiston perinteinen rantasauna Pienen Koiraj\u00e4rven rannassa on monien mielest\u00e4 se &#8221;maailman paras sauna&#8221; Saunassa on erillinen pesutila ja pukuhuone sek\u00e4 suojainen terassi josta portaat johtavat suoraan Pieneen Koiraj\u00e4rveen. Lauteille mahtuu yht\u00e4aikaa n. 8&#46;&#46;&#46;<\/p>\n","protected":false},"author":1,"featured_media":0,"parent":146,"menu_order":0,"comment_status":"closed","ping_status":"closed","template":"","meta":{"_exactmetrics_skip_tracking":false,"_exactmetrics_sitenote_active":false,"_exactmetrics_sitenote_note":"","_exactmetrics_sitenote_category":0,"footnotes":""},"class_list":["post-63","page","type-page","status-publish","hentry"],"yoast_head":"<!-- This site is optimized with the Yoast SEO plugin v26.8 - https:\/\/yoast.com\/product\/yoast-seo-wordpress\/ -->\n<title>Vuokrattavat tilat - Koirasalmi.com<\/title>\n<meta name=\"description\" content=\"alamaj\u00e4rven kansallispuistossa Koirasalmen luontotuvalta voit vuokrata erilaisia tiloja majoitukseen, saunomiseen, kurssi-,kokous- tai juhlatiloiksi\" \/>\n<meta name=\"robots\" content=\"index, follow, max-snippet:-1, max-image-preview:large, max-video-preview:-1\" \/>\n<link rel=\"canonical\" href=\"https:\/\/koirasalmi.com\/index.php\/palvelut\/vuokrattavat-tilat\/\" \/>\n<meta property=\"og:locale\" content=\"fi_FI\" \/>\n<meta property=\"og:type\" content=\"article\" \/>\n<meta property=\"og:title\" content=\"Vuokrattavat tilat - Koirasalmi.com\" \/>\n<meta property=\"og:description\" content=\"alamaj\u00e4rven kansallispuistossa Koirasalmen luontotuvalta voit vuokrata erilaisia tiloja majoitukseen, saunomiseen, kurssi-,kokous- tai juhlatiloiksi\" \/>\n<meta property=\"og:url\" content=\"https:\/\/koirasalmi.com\/index.php\/palvelut\/vuokrattavat-tilat\/\" \/>\n<meta property=\"og:site_name\" content=\"Koirasalmi.com\" \/>\n<meta property=\"article:publisher\" content=\"https:\/\/www.facebook.com\/koirasalmi\/\" \/>\n<meta property=\"article:modified_time\" content=\"2025-02-25T11:13:49+00:00\" \/>\n<meta property=\"og:image\" content=\"https:\/\/koirasalmi.com\/wp-content\/uploads\/2018\/05\/P5164870-e1527426442876.jpg\" \/>\n\t<meta property=\"og:image:width\" content=\"1047\" \/>\n\t<meta property=\"og:image:height\" content=\"766\" \/>\n\t<meta property=\"og:image:type\" content=\"image\/jpeg\" \/>\n<meta name=\"twitter:card\" content=\"summary_large_image\" \/>\n<meta name=\"twitter:label1\" content=\"Arvioitu lukuaika\" \/>\n\t<meta name=\"twitter:data1\" content=\"2 minuuttia\" \/>\n<script type=\"application\/ld+json\" class=\"yoast-schema-graph\">{\"@context\":\"https:\/\/schema.org\",\"@graph\":[{\"@type\":\"WebPage\",\"@id\":\"https:\/\/koirasalmi.com\/index.php\/palvelut\/vuokrattavat-tilat\/\",\"url\":\"https:\/\/koirasalmi.com\/index.php\/palvelut\/vuokrattavat-tilat\/\",\"name\":\"Vuokrattavat tilat - Koirasalmi.com\",\"isPartOf\":{\"@id\":\"https:\/\/koirasalmi.com\/#website\"},\"primaryImageOfPage\":{\"@id\":\"https:\/\/koirasalmi.com\/index.php\/palvelut\/vuokrattavat-tilat\/#primaryimage\"},\"image\":{\"@id\":\"https:\/\/koirasalmi.com\/index.php\/palvelut\/vuokrattavat-tilat\/#primaryimage\"},\"thumbnailUrl\":\"https:\/\/koirasalmi.com\/wp-content\/uploads\/2018\/05\/P5164870-e1527426442876.jpg\",\"datePublished\":\"2018-05-08T09:44:52+00:00\",\"dateModified\":\"2025-02-25T11:13:49+00:00\",\"description\":\"alamaj\u00e4rven kansallispuistossa Koirasalmen luontotuvalta voit vuokrata erilaisia tiloja majoitukseen, saunomiseen, kurssi-,kokous- tai juhlatiloiksi\",\"breadcrumb\":{\"@id\":\"https:\/\/koirasalmi.com\/index.php\/palvelut\/vuokrattavat-tilat\/#breadcrumb\"},\"inLanguage\":\"fi\",\"potentialAction\":[{\"@type\":\"ReadAction\",\"target\":[\"https:\/\/koirasalmi.com\/index.php\/palvelut\/vuokrattavat-tilat\/\"]}]},{\"@type\":\"ImageObject\",\"inLanguage\":\"fi\",\"@id\":\"https:\/\/koirasalmi.com\/index.php\/palvelut\/vuokrattavat-tilat\/#primaryimage\",\"url\":\"https:\/\/koirasalmi.com\/wp-content\/uploads\/2018\/05\/P5164870-e1527426442876.jpg\",\"contentUrl\":\"https:\/\/koirasalmi.com\/wp-content\/uploads\/2018\/05\/P5164870-e1527426442876.jpg\",\"width\":1047,\"height\":766,\"caption\":\"Salamaj\u00e4rven kansallispuisto, Koirasalmen rantasaunan terassi.\"},{\"@type\":\"BreadcrumbList\",\"@id\":\"https:\/\/koirasalmi.com\/index.php\/palvelut\/vuokrattavat-tilat\/#breadcrumb\",\"itemListElement\":[{\"@type\":\"ListItem\",\"position\":1,\"name\":\"Home\",\"item\":\"https:\/\/koirasalmi.com\/\"},{\"@type\":\"ListItem\",\"position\":2,\"name\":\"Palvelut\",\"item\":\"https:\/\/koirasalmi.com\/index.php\/palvelut\/\"},{\"@type\":\"ListItem\",\"position\":3,\"name\":\"Vuokrattavat tilat\"}]},{\"@type\":\"WebSite\",\"@id\":\"https:\/\/koirasalmi.com\/#website\",\"url\":\"https:\/\/koirasalmi.com\/\",\"name\":\"Koirasalmi.com\",\"description\":\"Koirasalmen luontotupa | Majoitusta, kahvio-\/ruokapalveluita, sauna, aktiviteetteja Salamaj\u00e4rven kansallispuistossa\",\"publisher\":{\"@id\":\"https:\/\/koirasalmi.com\/#organization\"},\"potentialAction\":[{\"@type\":\"SearchAction\",\"target\":{\"@type\":\"EntryPoint\",\"urlTemplate\":\"https:\/\/koirasalmi.com\/?s={search_term_string}\"},\"query-input\":{\"@type\":\"PropertyValueSpecification\",\"valueRequired\":true,\"valueName\":\"search_term_string\"}}],\"inLanguage\":\"fi\"},{\"@type\":\"Organization\",\"@id\":\"https:\/\/koirasalmi.com\/#organization\",\"name\":\"Koirasalmi, Luonnollisesti M&M\",\"url\":\"https:\/\/koirasalmi.com\/\",\"logo\":{\"@type\":\"ImageObject\",\"inLanguage\":\"fi\",\"@id\":\"https:\/\/koirasalmi.com\/#\/schema\/logo\/image\/\",\"url\":\"https:\/\/koirasalmi.com\/wp-content\/uploads\/2019\/10\/Koirasalmi-logo.jpg\",\"contentUrl\":\"https:\/\/koirasalmi.com\/wp-content\/uploads\/2019\/10\/Koirasalmi-logo.jpg\",\"width\":417,\"height\":184,\"caption\":\"Koirasalmi, Luonnollisesti M&M\"},\"image\":{\"@id\":\"https:\/\/koirasalmi.com\/#\/schema\/logo\/image\/\"},\"sameAs\":[\"https:\/\/www.facebook.com\/koirasalmi\/\",\"https:\/\/www.instagram.com\/koirasalmi\/\",\"https:\/\/www.youtube.com\/channel\/UCq4an76hM_pKMTv76pjXW5A?guided_help_flow=3\"]}]}<\/script>\n<!-- \/ Yoast SEO plugin. -->","yoast_head_json":{"title":"Vuokrattavat tilat - Koirasalmi.com","description":"alamaj\u00e4rven kansallispuistossa Koirasalmen luontotuvalta voit vuokrata erilaisia tiloja majoitukseen, saunomiseen, kurssi-,kokous- tai juhlatiloiksi","robots":{"index":"index","follow":"follow","max-snippet":"max-snippet:-1","max-image-preview":"max-image-preview:large","max-video-preview":"max-video-preview:-1"},"canonical":"https:\/\/koirasalmi.com\/index.php\/palvelut\/vuokrattavat-tilat\/","og_locale":"fi_FI","og_type":"article","og_title":"Vuokrattavat tilat - Koirasalmi.com","og_description":"alamaj\u00e4rven kansallispuistossa Koirasalmen luontotuvalta voit vuokrata erilaisia tiloja majoitukseen, saunomiseen, kurssi-,kokous- tai juhlatiloiksi","og_url":"https:\/\/koirasalmi.com\/index.php\/palvelut\/vuokrattavat-tilat\/","og_site_name":"Koirasalmi.com","article_publisher":"https:\/\/www.facebook.com\/koirasalmi\/","article_modified_time":"2025-02-25T11:13:49+00:00","og_image":[{"width":1047,"height":766,"url":"https:\/\/koirasalmi.com\/wp-content\/uploads\/2018\/05\/P5164870-e1527426442876.jpg","type":"image\/jpeg"}],"twitter_card":"summary_large_image","twitter_misc":{"Arvioitu lukuaika":"2 minuuttia"},"schema":{"@context":"https:\/\/schema.org","@graph":[{"@type":"WebPage","@id":"https:\/\/koirasalmi.com\/index.php\/palvelut\/vuokrattavat-tilat\/","url":"https:\/\/koirasalmi.com\/index.php\/palvelut\/vuokrattavat-tilat\/","name":"Vuokrattavat tilat - Koirasalmi.com","isPartOf":{"@id":"https:\/\/koirasalmi.com\/#website"},"primaryImageOfPage":{"@id":"https:\/\/koirasalmi.com\/index.php\/palvelut\/vuokrattavat-tilat\/#primaryimage"},"image":{"@id":"https:\/\/koirasalmi.com\/index.php\/palvelut\/vuokrattavat-tilat\/#primaryimage"},"thumbnailUrl":"https:\/\/koirasalmi.com\/wp-content\/uploads\/2018\/05\/P5164870-e1527426442876.jpg","datePublished":"2018-05-08T09:44:52+00:00","dateModified":"2025-02-25T11:13:49+00:00","description":"alamaj\u00e4rven kansallispuistossa Koirasalmen luontotuvalta voit vuokrata erilaisia tiloja majoitukseen, saunomiseen, kurssi-,kokous- tai juhlatiloiksi","breadcrumb":{"@id":"https:\/\/koirasalmi.com\/index.php\/palvelut\/vuokrattavat-tilat\/#breadcrumb"},"inLanguage":"fi","potentialAction":[{"@type":"ReadAction","target":["https:\/\/koirasalmi.com\/index.php\/palvelut\/vuokrattavat-tilat\/"]}]},{"@type":"ImageObject","inLanguage":"fi","@id":"https:\/\/koirasalmi.com\/index.php\/palvelut\/vuokrattavat-tilat\/#primaryimage","url":"https:\/\/koirasalmi.com\/wp-content\/uploads\/2018\/05\/P5164870-e1527426442876.jpg","contentUrl":"https:\/\/koirasalmi.com\/wp-content\/uploads\/2018\/05\/P5164870-e1527426442876.jpg","width":1047,"height":766,"caption":"Salamaj\u00e4rven kansallispuisto, Koirasalmen rantasaunan terassi."},{"@type":"BreadcrumbList","@id":"https:\/\/koirasalmi.com\/index.php\/palvelut\/vuokrattavat-tilat\/#breadcrumb","itemListElement":[{"@type":"ListItem","position":1,"name":"Home","item":"https:\/\/koirasalmi.com\/"},{"@type":"ListItem","position":2,"name":"Palvelut","item":"https:\/\/koirasalmi.com\/index.php\/palvelut\/"},{"@type":"ListItem","position":3,"name":"Vuokrattavat tilat"}]},{"@type":"WebSite","@id":"https:\/\/koirasalmi.com\/#website","url":"https:\/\/koirasalmi.com\/","name":"Koirasalmi.com","description":"Koirasalmen luontotupa | Majoitusta, kahvio-\/ruokapalveluita, sauna, aktiviteetteja Salamaj\u00e4rven kansallispuistossa","publisher":{"@id":"https:\/\/koirasalmi.com\/#organization"},"potentialAction":[{"@type":"SearchAction","target":{"@type":"EntryPoint","urlTemplate":"https:\/\/koirasalmi.com\/?s={search_term_string}"},"query-input":{"@type":"PropertyValueSpecification","valueRequired":true,"valueName":"search_term_string"}}],"inLanguage":"fi"},{"@type":"Organization","@id":"https:\/\/koirasalmi.com\/#organization","name":"Koirasalmi, Luonnollisesti M&M","url":"https:\/\/koirasalmi.com\/","logo":{"@type":"ImageObject","inLanguage":"fi","@id":"https:\/\/koirasalmi.com\/#\/schema\/logo\/image\/","url":"https:\/\/koirasalmi.com\/wp-content\/uploads\/2019\/10\/Koirasalmi-logo.jpg","contentUrl":"https:\/\/koirasalmi.com\/wp-content\/uploads\/2019\/10\/Koirasalmi-logo.jpg","width":417,"height":184,"caption":"Koirasalmi, Luonnollisesti M&M"},"image":{"@id":"https:\/\/koirasalmi.com\/#\/schema\/logo\/image\/"},"sameAs":["https:\/\/www.facebook.com\/koirasalmi\/","https:\/\/www.instagram.com\/koirasalmi\/","https:\/\/www.youtube.com\/channel\/UCq4an76hM_pKMTv76pjXW5A?guided_help_flow=3"]}]}},"_links":{"self":[{"href":"https:\/\/koirasalmi.com\/index.php\/wp-json\/wp\/v2\/pages\/63","targetHints":{"allow":["GET"]}}],"collection":[{"href":"https:\/\/koirasalmi.com\/index.php\/wp-json\/wp\/v2\/pages"}],"about":[{"href":"https:\/\/koirasalmi.com\/index.php\/wp-json\/wp\/v2\/types\/page"}],"author":[{"embeddable":true,"href":"https:\/\/koirasalmi.com\/index.php\/wp-json\/wp\/v2\/users\/1"}],"replies":[{"embeddable":true,"href":"https:\/\/koirasalmi.com\/index.php\/wp-json\/wp\/v2\/comments?post=63"}],"version-history":[{"count":20,"href":"https:\/\/koirasalmi.com\/index.php\/wp-json\/wp\/v2\/pages\/63\/revisions"}],"predecessor-version":[{"id":2710,"href":"https:\/\/koirasalmi.com\/index.php\/wp-json\/wp\/v2\/pages\/63\/revisions\/2710"}],"up":[{"embeddable":true,"href":"https:\/\/koirasalmi.com\/index.php\/wp-json\/wp\/v2\/pages\/146"}],"wp:attachment":[{"href":"https:\/\/koirasalmi.com\/index.php\/wp-json\/wp\/v2\/media?parent=63"}],"curies":[{"name":"wp","href":"https:\/\/api.w.org\/{rel}","templated":true}]}}