{"id":78,"date":"2018-05-08T09:53:05","date_gmt":"2018-05-08T09:53:05","guid":{"rendered":"http:\/\/koirasalmi.com\/?page_id=78"},"modified":"2025-06-28T10:47:51","modified_gmt":"2025-06-28T10:47:51","slug":"aktiviteetit","status":"publish","type":"page","link":"https:\/\/koirasalmi.com\/index.php\/aktiviteetit\/","title":{"rendered":"Aktiviteetit"},"content":{"rendered":"<h3><strong>Salamaj\u00e4rven kansallispuistossa voit patikoida vaihtelevissa maastoissa mets\u00e4isilt\u00e4 poluilta soiden yli kulkeville pitkoksille<\/strong><\/h3>\n<p>Salamaj\u00e4rven kansallispuistossa on merkittyj\u00e4 polkuja yhteens\u00e4 noin 60 km. Polkureitit ovat oleellinen osa\u00a0<a href=\"https:\/\/www.luontoon.fi\/peuranpolku\" target=\"_blank\" rel=\"noopener noreferrer\">Peuran polku<\/a> -retkeilyreittiverkostoa. Hyvin merkityt rengasreitit (2 &#8211; 58 km) l\u00e4htev\u00e4t luontotuvan pihasta. Reittien varrella on useita huolletuja tulipaikkoja, kotia ja laavuja jotka ovat kaikkien retkeilij\u00f6iden vapaassa k\u00e4yt\u00f6ss\u00e4.<\/p>\n<p><a href=\"http:\/\/www.luontoon.fi\/salamajarvi\/reitit\" target=\"_blank\" rel=\"noopener noreferrer\">Lis\u00e4tietoja reiteist\u00e4\u00a0<\/a><\/p>\n<p><a href=\"https:\/\/julkaisut.metsa.fi\/wp-content\/uploads\/sites\/2\/2023\/05\/salamajarvifin.pdf\">Salamaj\u00e4rven kansallispuiston esite ja kartta<\/a> (luontoon.fi)<\/p>\n<p><img decoding=\"async\" class=\"wp-image-504 size-large lazyload\" title=\"Salamaj\u00e4rven kansallispuisto, Koirasalmen luontotupa, pitkokset pyydyskoskelle Pahkar\u00e4meen halki\" data-src=\"https:\/\/koirasalmi.com\/wp-content\/uploads\/2018\/05\/DSC_0515-e1527427422246-1024x523.jpg\" alt=\"Salamaj\u00e4rven kansallispuisto, Koirasalmen luontotupa, pitkokset pyydyskoskelle\" width=\"1024\" height=\"523\" data-srcset=\"https:\/\/koirasalmi.com\/wp-content\/uploads\/2018\/05\/DSC_0515-e1527427422246-1024x523.jpg 1024w, https:\/\/koirasalmi.com\/wp-content\/uploads\/2018\/05\/DSC_0515-e1527427422246-300x153.jpg 300w, https:\/\/koirasalmi.com\/wp-content\/uploads\/2018\/05\/DSC_0515-e1527427422246-768x393.jpg 768w, https:\/\/koirasalmi.com\/wp-content\/uploads\/2018\/05\/DSC_0515-e1527427422246.jpg 1473w\" data-sizes=\"(max-width: 1024px) 100vw, 1024px\" src=\"data:image\/svg+xml;base64,PHN2ZyB3aWR0aD0iMSIgaGVpZ2h0PSIxIiB4bWxucz0iaHR0cDovL3d3dy53My5vcmcvMjAwMC9zdmciPjwvc3ZnPg==\" style=\"--smush-placeholder-width: 1024px; --smush-placeholder-aspect-ratio: 1024\/523;\" \/><\/p>\n<p>Salamaj\u00e4rven kansallispuisto, Koirasalmen luontotupa, pitkokset Pyydyskoskelle.<\/p>\n<h3><\/h3>\n<h3><strong>Kalastus\u00a0<\/strong><\/h3>\n<p><a href=\"https:\/\/www.eraluvat.fi\/kalastus\/kalastusmaksut-ja-luvat\/vapalupa\/alueet.html?q=Kivij%C3%A4rvi\" target=\"_blank\" rel=\"noopener noreferrer\">Mets\u00e4hallituksen taimen- ja kirjolohikohteet l\u00f6ytyv\u00e4t t\u00e4\u00e4lt\u00e4.<\/a><\/p>\n<p>Iso Koiraj\u00e4rvi tunnetaan taimenistaan , mutta saaliiksi saattaa p\u00e4\u00e4ty\u00e4 my\u00f6s siika, hauki tai komea ahven.<br \/>\nVeneit\u00e4 Koiraj\u00e4rvelle vuokrataan luontotuvalta jonka rannassa veneet sijaitsevat. Hinta 20 \u20ac\/vrk.<\/p>\n<p>Kirjolohta istutetaan kolmeen l\u00e4hilampeen, jotka ovat rannalta kalastettavia kohteita. Lammille on matkaa 1-7 km Koirasalmesta.<\/p>\n<p>Kaunislammen lupa-alueeseen kuuluu Ahven-, Heikin- ja Kaunislampi.<br \/>\nKoiraj\u00e4rveen ja Heikinlampeen on saatavilla my\u00f6s yhdistelm\u00e4lupa mik\u00e4li haluat kalastaa sek\u00e4 taimenta ett\u00e4 kirjolohta.<\/p>\n<p>Kalastusluvat,\u00a0 hinnat ja takemmat kohdetiedot l\u00f6yd\u00e4t osoitteesta <a href=\"https:\/\/www.eraluvat.fi\/kalastus\" target=\"_blank\" rel=\"noopener noreferrer\">Er\u00e4luvat.fi<\/a><\/p>\n<p>Mik\u00e4li olet estynyt ostamaan luvan suoraan er\u00e4luvat -sivustolta, myymme lupia +5\u20ac palvelumaksua vastaan my\u00f6s Koirasalmen luontotuvalta kahvion <a href=\"https:\/\/koirasalmi.com\/index.php\/palvelut\/kahvio-ja-kioski\/kahvion-aukioloajat\/\" target=\"_blank\" rel=\"noopener noreferrer\"><strong>aukiloloaikoina<\/strong><\/a>.<\/p>\n<p>Koiraj\u00e4rvelle veneen voi varata ennakkoon soittamalla muulloinkin kun kahvion aukioloaikoina.<\/p>\n<p>Venevuokrat Koiraj\u00e4rvelle\u00a0 15\u20ac\/9h, 20\u20ac\/24h<\/p>\n<p>&nbsp;<\/p>\n<div id=\"attachment_509\" style=\"width: 632px\" class=\"wp-caption aligncenter\"><img decoding=\"async\" aria-describedby=\"caption-attachment-509\" class=\"wp-image-509 size-full lazyload\" title=\"Salamaj\u00e4rven kansallispuisto, Ison Koiraj\u00e4rven taimenia perhokalastuksella saatuna\" data-src=\"https:\/\/koirasalmi.com\/wp-content\/uploads\/2018\/05\/Taimenia-Esa-Franttila.jpg\" alt=\"Salamaj\u00e4rven kansallispuisto, Ison Koiraj\u00e4rven taimenia\" width=\"622\" height=\"350\" data-srcset=\"https:\/\/koirasalmi.com\/wp-content\/uploads\/2018\/05\/Taimenia-Esa-Franttila.jpg 622w, https:\/\/koirasalmi.com\/wp-content\/uploads\/2018\/05\/Taimenia-Esa-Franttila-300x169.jpg 300w\" data-sizes=\"(max-width: 622px) 100vw, 622px\" src=\"data:image\/svg+xml;base64,PHN2ZyB3aWR0aD0iMSIgaGVpZ2h0PSIxIiB4bWxucz0iaHR0cDovL3d3dy53My5vcmcvMjAwMC9zdmciPjwvc3ZnPg==\" style=\"--smush-placeholder-width: 622px; --smush-placeholder-aspect-ratio: 622\/350;\" \/><p id=\"caption-attachment-509\" class=\"wp-caption-text\">Salamaj\u00e4rven kansallispuisto, Ison Koiraj\u00e4rven taimenia.<\/p><\/div>\n<p>&nbsp;<\/p>\n<h3><strong>Melonta<\/strong><\/h3>\n<p>Er\u00e4maiseen Koiraj\u00e4rveen on mahdollista tutustua my\u00f6s vuokraamalla inkkarikanootin tai yhden melottavan kajakin\u00a0 luontotuvalta. J\u00e4rven er\u00e4mainen kauneus ja sen luonto paljastuukin parhaiten pieni\u00e4 saaria kiertelem\u00e4ll\u00e4 ja luontoa tarkkailemalla hiljaisuuden keskell\u00e4.<\/p>\n<div id=\"attachment_510\" style=\"width: 632px\" class=\"wp-caption aligncenter\"><img decoding=\"async\" aria-describedby=\"caption-attachment-510\" class=\"wp-image-510 lazyload\" title=\"Salamaj\u00e4rven kansallispuisto , melontaa Isolla Koiraj\u00e4rvell\u00e4 inkkarikanootilla\" data-src=\"https:\/\/koirasalmi.com\/wp-content\/uploads\/2018\/05\/DSC_0024-e1527427788348-1024x512.jpg\" alt=\"Salamaj\u00e4rven kansallispuisto, melontaa Isolla Koiraj\u00e4rvell\u00e4\" width=\"622\" height=\"311\" data-srcset=\"https:\/\/koirasalmi.com\/wp-content\/uploads\/2018\/05\/DSC_0024-e1527427788348-1024x512.jpg 1024w, https:\/\/koirasalmi.com\/wp-content\/uploads\/2018\/05\/DSC_0024-e1527427788348-300x150.jpg 300w, https:\/\/koirasalmi.com\/wp-content\/uploads\/2018\/05\/DSC_0024-e1527427788348-768x384.jpg 768w, https:\/\/koirasalmi.com\/wp-content\/uploads\/2018\/05\/DSC_0024-e1527427788348.jpg 1462w\" data-sizes=\"(max-width: 622px) 100vw, 622px\" src=\"data:image\/svg+xml;base64,PHN2ZyB3aWR0aD0iMSIgaGVpZ2h0PSIxIiB4bWxucz0iaHR0cDovL3d3dy53My5vcmcvMjAwMC9zdmciPjwvc3ZnPg==\" style=\"--smush-placeholder-width: 622px; --smush-placeholder-aspect-ratio: 622\/311;\" \/><p id=\"caption-attachment-510\" class=\"wp-caption-text\">Salamaj\u00e4rven kansallispuisto , melontaa Isolla Koiraj\u00e4rvell\u00e4<\/p><\/div>\n<h3><strong>Suppailu<\/strong><\/h3>\n<p>Pienen Koiraj\u00e4rven kierr\u00e4t helposti sup laudalla. Suppailemaan p\u00e4\u00e4set laiturilta, rannasta tai saunan terassin kautta portailta. Sauna tuo lis\u00e4mukavuutta suppailun v\u00e4liss\u00e4 tai sen j\u00e4lkeen varsinkin viile\u00e4ll\u00e4 s\u00e4\u00e4ll\u00e4 joten varaa samalla saunavuoro rantasaunalta.<\/p>\n<p>&nbsp;<\/p>\n<h3><strong>Geok\u00e4tk\u00f6ily<\/strong><\/h3>\n<p>Koirasalmen l\u00e4hist\u00f6ll\u00e4 sijaitsee useita mielenkiintoisia geok\u00e4tk\u00f6j\u00e4.<\/p>\n<div id=\"attachment_596\" style=\"width: 632px\" class=\"wp-caption aligncenter\"><img decoding=\"async\" aria-describedby=\"caption-attachment-596\" class=\"wp-image-596 lazyload\" title=\"Salamaj\u00e4rven kansallispuisto , geok\u00e4tk\u00f6j\u00e4 l\u00f6ytyy Koirasalmen alueelta\" data-src=\"https:\/\/koirasalmi.com\/wp-content\/uploads\/2018\/05\/Geok\u00e4tk\u00f6ily-e1527755820374.jpg\" alt=\" Salamaj\u00e4rven kansallispuisto, geok\u00e4tk\u00f6ily\u00e4 Koirasalmessa\" width=\"622\" height=\"350\" data-srcset=\"https:\/\/koirasalmi.com\/wp-content\/uploads\/2018\/05\/Geok\u00e4tk\u00f6ily-e1527755820374.jpg 850w, https:\/\/koirasalmi.com\/wp-content\/uploads\/2018\/05\/Geok\u00e4tk\u00f6ily-e1527755820374-300x169.jpg 300w, https:\/\/koirasalmi.com\/wp-content\/uploads\/2018\/05\/Geok\u00e4tk\u00f6ily-e1527755820374-768x432.jpg 768w\" data-sizes=\"(max-width: 622px) 100vw, 622px\" src=\"data:image\/svg+xml;base64,PHN2ZyB3aWR0aD0iMSIgaGVpZ2h0PSIxIiB4bWxucz0iaHR0cDovL3d3dy53My5vcmcvMjAwMC9zdmciPjwvc3ZnPg==\" style=\"--smush-placeholder-width: 622px; --smush-placeholder-aspect-ratio: 622\/350;\" \/><p id=\"caption-attachment-596\" class=\"wp-caption-text\">Salamaj\u00e4rven kansallispuisto, geok\u00e4tk\u00f6ily\u00e4 Koirasalmessa.<\/p><\/div>\n<h3><strong>Pihapelit<\/strong><\/h3>\n<p>Luontotuvan pihapiirist\u00e4 l\u00f6ytyy tekemist\u00e4 kaiken ik\u00e4isille. Mm. hiekkalaatikko ja keinut, tikkataulu ja ketjunheittopeli. Kahviosta voit kysy\u00e4 lis\u00e4\u00e4 pelej\u00e4.<\/p>\n<h3><strong>Lumikenk\u00e4ily<\/strong><\/h3>\n<p>Lumikengill\u00e4 p\u00e4\u00e4see helposti tutustumaan talviseen kansallispuistoon. Luontotuvalta voit vuokrata lumikeng\u00e4t, mik\u00e4li omia ei ole ja saat tarvittavat tiedot maastosta.<\/p>\n<ul>\n<li>Lumikeng\u00e4t voi varata soittamalla.<\/li>\n<\/ul>\n<div id=\"attachment_498\" style=\"width: 632px\" class=\"wp-caption aligncenter\"><img decoding=\"async\" aria-describedby=\"caption-attachment-498\" class=\"wp-image-498 lazyload\" title=\"Salamaj\u00e4rven kansallispuisto , lumikenk\u00e4ilyreitti Koiravuoren kautta Koirasalmeen\" data-src=\"https:\/\/koirasalmi.com\/wp-content\/uploads\/2018\/05\/P4060022-e1527428011262.jpg\" alt=\"Salamaj\u00e4rven kansallispuisto , lumikenk\u00e4ily\u00e4 Koiravuorella\" width=\"622\" height=\"832\" data-srcset=\"https:\/\/koirasalmi.com\/wp-content\/uploads\/2018\/05\/P4060022-e1527428011262.jpg 2062w, https:\/\/koirasalmi.com\/wp-content\/uploads\/2018\/05\/P4060022-e1527428011262-224x300.jpg 224w, https:\/\/koirasalmi.com\/wp-content\/uploads\/2018\/05\/P4060022-e1527428011262-768x1028.jpg 768w, https:\/\/koirasalmi.com\/wp-content\/uploads\/2018\/05\/P4060022-e1527428011262-765x1024.jpg 765w\" data-sizes=\"(max-width: 622px) 100vw, 622px\" src=\"data:image\/svg+xml;base64,PHN2ZyB3aWR0aD0iMSIgaGVpZ2h0PSIxIiB4bWxucz0iaHR0cDovL3d3dy53My5vcmcvMjAwMC9zdmciPjwvc3ZnPg==\" style=\"--smush-placeholder-width: 622px; --smush-placeholder-aspect-ratio: 622\/832;\" \/><p id=\"caption-attachment-498\" class=\"wp-caption-text\">Salamaj\u00e4rven kansallispuisto, lumikenk\u00e4ily\u00e4 Koiravuorella.<\/p><\/div>\n<h3><strong>Hiihto mets\u00e4suksilla ja liukulumikengill\u00e4<\/strong><\/h3>\n<p>Mets\u00e4suksilla hiiht\u00e4minen kansallispuiston useilla suoalueilla on kokemisen arvoista. Mets\u00e4suksia ja liukulumikenki\u00e4 vuokrataan luontotuvalta puhelimitse. Valmiita latuja ei ole tarjolla mutta sit\u00e4kin enemm\u00e4n puhdasta hankea jonne voi jokainen oman j\u00e4lkens\u00e4 hiiht\u00e4\u00e4. Valmiille j\u00e4ljellekin tosin saattaa l\u00f6yt\u00e4\u00e4 ja kev\u00e4ttalvella hankikelit ovat yleisi\u00e4.<\/p>\n<div id=\"attachment_497\" style=\"width: 632px\" class=\"wp-caption aligncenter\"><img decoding=\"async\" aria-describedby=\"caption-attachment-497\" class=\"wp-image-497 lazyload\" title=\"Salamaj\u00e4rven kansallispuisto , hiihtovaeltajia Ison Koiraj\u00e4rven j\u00e4\u00e4ll\u00e4\" data-src=\"https:\/\/koirasalmi.com\/wp-content\/uploads\/2018\/05\/J\u00e4ms\u00e4n-er\u00e4opas-opiskelijat.jpg\" alt=\"Salamaj\u00e4rven kansallispuisto , hiihtovaellusta\" width=\"622\" height=\"469\" data-srcset=\"https:\/\/koirasalmi.com\/wp-content\/uploads\/2018\/05\/J\u00e4ms\u00e4n-er\u00e4opas-opiskelijat.jpg 800w, https:\/\/koirasalmi.com\/wp-content\/uploads\/2018\/05\/J\u00e4ms\u00e4n-er\u00e4opas-opiskelijat-300x226.jpg 300w, https:\/\/koirasalmi.com\/wp-content\/uploads\/2018\/05\/J\u00e4ms\u00e4n-er\u00e4opas-opiskelijat-768x579.jpg 768w\" data-sizes=\"(max-width: 622px) 100vw, 622px\" src=\"data:image\/svg+xml;base64,PHN2ZyB3aWR0aD0iMSIgaGVpZ2h0PSIxIiB4bWxucz0iaHR0cDovL3d3dy53My5vcmcvMjAwMC9zdmciPjwvc3ZnPg==\" style=\"--smush-placeholder-width: 622px; --smush-placeholder-aspect-ratio: 622\/469;\" \/><p id=\"caption-attachment-497\" class=\"wp-caption-text\">Salamaj\u00e4rven kansallispuisto, hiihtovaellusta.<\/p><\/div>\n<p><a href=\"http:\/\/koirasalmi.com\/index.php\/yritykset-ryhmat\/ohjelmia\/\" target=\"_blank\" rel=\"noopener noreferrer\">Valmiita ohjelmia<\/a><\/p>\n<p>&nbsp;<\/p>\n<p>&nbsp;<\/p>\n","protected":false},"excerpt":{"rendered":"<p>Salamaj\u00e4rven kansallispuistossa voit patikoida vaihtelevissa maastoissa mets\u00e4isilt\u00e4 poluilta soiden yli kulkeville pitkoksille Salamaj\u00e4rven kansallispuistossa on merkittyj\u00e4 polkuja yhteens\u00e4 noin 60 km. Polkureitit ovat oleellinen osa\u00a0Peuran polku -retkeilyreittiverkostoa. Hyvin merkityt rengasreitit (2 &#8211; 58 km)&#46;&#46;&#46;<\/p>\n","protected":false},"author":1,"featured_media":0,"parent":0,"menu_order":0,"comment_status":"closed","ping_status":"closed","template":"","meta":{"_exactmetrics_skip_tracking":false,"_exactmetrics_sitenote_active":false,"_exactmetrics_sitenote_note":"","_exactmetrics_sitenote_category":0,"footnotes":""},"class_list":["post-78","page","type-page","status-publish","hentry"],"yoast_head":"<!-- This site is optimized with the Yoast SEO plugin v26.8 - https:\/\/yoast.com\/product\/yoast-seo-wordpress\/ -->\n<title>Aktiviteetit - Koirasalmi.com<\/title>\n<meta name=\"description\" content=\"Salamaj\u00e4rven kansallispuistossa voit patikoida vaihtelevissa maastoissa mets\u00e4isilt\u00e4 poluilta soiden yli kulkevilla pitkoksilla\" \/>\n<meta name=\"robots\" content=\"index, follow, max-snippet:-1, max-image-preview:large, max-video-preview:-1\" \/>\n<link rel=\"canonical\" href=\"https:\/\/koirasalmi.com\/index.php\/aktiviteetit\/\" \/>\n<meta property=\"og:locale\" content=\"fi_FI\" \/>\n<meta property=\"og:type\" content=\"article\" \/>\n<meta property=\"og:title\" content=\"Aktiviteetit - Koirasalmi.com\" \/>\n<meta property=\"og:description\" content=\"Salamaj\u00e4rven kansallispuistossa voit patikoida vaihtelevissa maastoissa mets\u00e4isilt\u00e4 poluilta soiden yli kulkevilla pitkoksilla\" \/>\n<meta property=\"og:url\" content=\"https:\/\/koirasalmi.com\/index.php\/aktiviteetit\/\" \/>\n<meta property=\"og:site_name\" content=\"Koirasalmi.com\" \/>\n<meta property=\"article:publisher\" content=\"https:\/\/www.facebook.com\/koirasalmi\/\" \/>\n<meta property=\"article:modified_time\" content=\"2025-06-28T10:47:51+00:00\" \/>\n<meta property=\"og:image\" content=\"https:\/\/koirasalmi.com\/wp-content\/uploads\/2018\/05\/DSC_0515-e1527427422246.jpg\" \/>\n\t<meta property=\"og:image:width\" content=\"1473\" \/>\n\t<meta property=\"og:image:height\" content=\"753\" \/>\n\t<meta property=\"og:image:type\" content=\"image\/jpeg\" \/>\n<meta name=\"twitter:card\" content=\"summary_large_image\" \/>\n<meta name=\"twitter:label1\" content=\"Arvioitu lukuaika\" \/>\n\t<meta name=\"twitter:data1\" content=\"4 minuuttia\" \/>\n<script type=\"application\/ld+json\" class=\"yoast-schema-graph\">{\"@context\":\"https:\/\/schema.org\",\"@graph\":[{\"@type\":\"WebPage\",\"@id\":\"https:\/\/koirasalmi.com\/index.php\/aktiviteetit\/\",\"url\":\"https:\/\/koirasalmi.com\/index.php\/aktiviteetit\/\",\"name\":\"Aktiviteetit - Koirasalmi.com\",\"isPartOf\":{\"@id\":\"https:\/\/koirasalmi.com\/#website\"},\"primaryImageOfPage\":{\"@id\":\"https:\/\/koirasalmi.com\/index.php\/aktiviteetit\/#primaryimage\"},\"image\":{\"@id\":\"https:\/\/koirasalmi.com\/index.php\/aktiviteetit\/#primaryimage\"},\"thumbnailUrl\":\"https:\/\/koirasalmi.com\/wp-content\/uploads\/2018\/05\/DSC_0515-e1527427422246-1024x523.jpg\",\"datePublished\":\"2018-05-08T09:53:05+00:00\",\"dateModified\":\"2025-06-28T10:47:51+00:00\",\"description\":\"Salamaj\u00e4rven kansallispuistossa voit patikoida vaihtelevissa maastoissa mets\u00e4isilt\u00e4 poluilta soiden yli kulkevilla pitkoksilla\",\"breadcrumb\":{\"@id\":\"https:\/\/koirasalmi.com\/index.php\/aktiviteetit\/#breadcrumb\"},\"inLanguage\":\"fi\",\"potentialAction\":[{\"@type\":\"ReadAction\",\"target\":[\"https:\/\/koirasalmi.com\/index.php\/aktiviteetit\/\"]}]},{\"@type\":\"ImageObject\",\"inLanguage\":\"fi\",\"@id\":\"https:\/\/koirasalmi.com\/index.php\/aktiviteetit\/#primaryimage\",\"url\":\"https:\/\/koirasalmi.com\/wp-content\/uploads\/2018\/05\/DSC_0515-e1527427422246-1024x523.jpg\",\"contentUrl\":\"https:\/\/koirasalmi.com\/wp-content\/uploads\/2018\/05\/DSC_0515-e1527427422246-1024x523.jpg\"},{\"@type\":\"BreadcrumbList\",\"@id\":\"https:\/\/koirasalmi.com\/index.php\/aktiviteetit\/#breadcrumb\",\"itemListElement\":[{\"@type\":\"ListItem\",\"position\":1,\"name\":\"Home\",\"item\":\"https:\/\/koirasalmi.com\/\"},{\"@type\":\"ListItem\",\"position\":2,\"name\":\"Aktiviteetit\"}]},{\"@type\":\"WebSite\",\"@id\":\"https:\/\/koirasalmi.com\/#website\",\"url\":\"https:\/\/koirasalmi.com\/\",\"name\":\"Koirasalmi.com\",\"description\":\"Koirasalmen luontotupa | Majoitusta, kahvio-\/ruokapalveluita, sauna, aktiviteetteja Salamaj\u00e4rven kansallispuistossa\",\"publisher\":{\"@id\":\"https:\/\/koirasalmi.com\/#organization\"},\"potentialAction\":[{\"@type\":\"SearchAction\",\"target\":{\"@type\":\"EntryPoint\",\"urlTemplate\":\"https:\/\/koirasalmi.com\/?s={search_term_string}\"},\"query-input\":{\"@type\":\"PropertyValueSpecification\",\"valueRequired\":true,\"valueName\":\"search_term_string\"}}],\"inLanguage\":\"fi\"},{\"@type\":\"Organization\",\"@id\":\"https:\/\/koirasalmi.com\/#organization\",\"name\":\"Koirasalmi, Luonnollisesti M&M\",\"url\":\"https:\/\/koirasalmi.com\/\",\"logo\":{\"@type\":\"ImageObject\",\"inLanguage\":\"fi\",\"@id\":\"https:\/\/koirasalmi.com\/#\/schema\/logo\/image\/\",\"url\":\"https:\/\/koirasalmi.com\/wp-content\/uploads\/2019\/10\/Koirasalmi-logo.jpg\",\"contentUrl\":\"https:\/\/koirasalmi.com\/wp-content\/uploads\/2019\/10\/Koirasalmi-logo.jpg\",\"width\":417,\"height\":184,\"caption\":\"Koirasalmi, Luonnollisesti M&M\"},\"image\":{\"@id\":\"https:\/\/koirasalmi.com\/#\/schema\/logo\/image\/\"},\"sameAs\":[\"https:\/\/www.facebook.com\/koirasalmi\/\",\"https:\/\/www.instagram.com\/koirasalmi\/\",\"https:\/\/www.youtube.com\/channel\/UCq4an76hM_pKMTv76pjXW5A?guided_help_flow=3\"]}]}<\/script>\n<!-- \/ Yoast SEO plugin. -->","yoast_head_json":{"title":"Aktiviteetit - Koirasalmi.com","description":"Salamaj\u00e4rven kansallispuistossa voit patikoida vaihtelevissa maastoissa mets\u00e4isilt\u00e4 poluilta soiden yli kulkevilla pitkoksilla","robots":{"index":"index","follow":"follow","max-snippet":"max-snippet:-1","max-image-preview":"max-image-preview:large","max-video-preview":"max-video-preview:-1"},"canonical":"https:\/\/koirasalmi.com\/index.php\/aktiviteetit\/","og_locale":"fi_FI","og_type":"article","og_title":"Aktiviteetit - Koirasalmi.com","og_description":"Salamaj\u00e4rven kansallispuistossa voit patikoida vaihtelevissa maastoissa mets\u00e4isilt\u00e4 poluilta soiden yli kulkevilla pitkoksilla","og_url":"https:\/\/koirasalmi.com\/index.php\/aktiviteetit\/","og_site_name":"Koirasalmi.com","article_publisher":"https:\/\/www.facebook.com\/koirasalmi\/","article_modified_time":"2025-06-28T10:47:51+00:00","og_image":[{"width":1473,"height":753,"url":"https:\/\/koirasalmi.com\/wp-content\/uploads\/2018\/05\/DSC_0515-e1527427422246.jpg","type":"image\/jpeg"}],"twitter_card":"summary_large_image","twitter_misc":{"Arvioitu lukuaika":"4 minuuttia"},"schema":{"@context":"https:\/\/schema.org","@graph":[{"@type":"WebPage","@id":"https:\/\/koirasalmi.com\/index.php\/aktiviteetit\/","url":"https:\/\/koirasalmi.com\/index.php\/aktiviteetit\/","name":"Aktiviteetit - Koirasalmi.com","isPartOf":{"@id":"https:\/\/koirasalmi.com\/#website"},"primaryImageOfPage":{"@id":"https:\/\/koirasalmi.com\/index.php\/aktiviteetit\/#primaryimage"},"image":{"@id":"https:\/\/koirasalmi.com\/index.php\/aktiviteetit\/#primaryimage"},"thumbnailUrl":"https:\/\/koirasalmi.com\/wp-content\/uploads\/2018\/05\/DSC_0515-e1527427422246-1024x523.jpg","datePublished":"2018-05-08T09:53:05+00:00","dateModified":"2025-06-28T10:47:51+00:00","description":"Salamaj\u00e4rven kansallispuistossa voit patikoida vaihtelevissa maastoissa mets\u00e4isilt\u00e4 poluilta soiden yli kulkevilla pitkoksilla","breadcrumb":{"@id":"https:\/\/koirasalmi.com\/index.php\/aktiviteetit\/#breadcrumb"},"inLanguage":"fi","potentialAction":[{"@type":"ReadAction","target":["https:\/\/koirasalmi.com\/index.php\/aktiviteetit\/"]}]},{"@type":"ImageObject","inLanguage":"fi","@id":"https:\/\/koirasalmi.com\/index.php\/aktiviteetit\/#primaryimage","url":"https:\/\/koirasalmi.com\/wp-content\/uploads\/2018\/05\/DSC_0515-e1527427422246-1024x523.jpg","contentUrl":"https:\/\/koirasalmi.com\/wp-content\/uploads\/2018\/05\/DSC_0515-e1527427422246-1024x523.jpg"},{"@type":"BreadcrumbList","@id":"https:\/\/koirasalmi.com\/index.php\/aktiviteetit\/#breadcrumb","itemListElement":[{"@type":"ListItem","position":1,"name":"Home","item":"https:\/\/koirasalmi.com\/"},{"@type":"ListItem","position":2,"name":"Aktiviteetit"}]},{"@type":"WebSite","@id":"https:\/\/koirasalmi.com\/#website","url":"https:\/\/koirasalmi.com\/","name":"Koirasalmi.com","description":"Koirasalmen luontotupa | Majoitusta, kahvio-\/ruokapalveluita, sauna, aktiviteetteja Salamaj\u00e4rven kansallispuistossa","publisher":{"@id":"https:\/\/koirasalmi.com\/#organization"},"potentialAction":[{"@type":"SearchAction","target":{"@type":"EntryPoint","urlTemplate":"https:\/\/koirasalmi.com\/?s={search_term_string}"},"query-input":{"@type":"PropertyValueSpecification","valueRequired":true,"valueName":"search_term_string"}}],"inLanguage":"fi"},{"@type":"Organization","@id":"https:\/\/koirasalmi.com\/#organization","name":"Koirasalmi, Luonnollisesti M&M","url":"https:\/\/koirasalmi.com\/","logo":{"@type":"ImageObject","inLanguage":"fi","@id":"https:\/\/koirasalmi.com\/#\/schema\/logo\/image\/","url":"https:\/\/koirasalmi.com\/wp-content\/uploads\/2019\/10\/Koirasalmi-logo.jpg","contentUrl":"https:\/\/koirasalmi.com\/wp-content\/uploads\/2019\/10\/Koirasalmi-logo.jpg","width":417,"height":184,"caption":"Koirasalmi, Luonnollisesti M&M"},"image":{"@id":"https:\/\/koirasalmi.com\/#\/schema\/logo\/image\/"},"sameAs":["https:\/\/www.facebook.com\/koirasalmi\/","https:\/\/www.instagram.com\/koirasalmi\/","https:\/\/www.youtube.com\/channel\/UCq4an76hM_pKMTv76pjXW5A?guided_help_flow=3"]}]}},"_links":{"self":[{"href":"https:\/\/koirasalmi.com\/index.php\/wp-json\/wp\/v2\/pages\/78","targetHints":{"allow":["GET"]}}],"collection":[{"href":"https:\/\/koirasalmi.com\/index.php\/wp-json\/wp\/v2\/pages"}],"about":[{"href":"https:\/\/koirasalmi.com\/index.php\/wp-json\/wp\/v2\/types\/page"}],"author":[{"embeddable":true,"href":"https:\/\/koirasalmi.com\/index.php\/wp-json\/wp\/v2\/users\/1"}],"replies":[{"embeddable":true,"href":"https:\/\/koirasalmi.com\/index.php\/wp-json\/wp\/v2\/comments?post=78"}],"version-history":[{"count":22,"href":"https:\/\/koirasalmi.com\/index.php\/wp-json\/wp\/v2\/pages\/78\/revisions"}],"predecessor-version":[{"id":2863,"href":"https:\/\/koirasalmi.com\/index.php\/wp-json\/wp\/v2\/pages\/78\/revisions\/2863"}],"wp:attachment":[{"href":"https:\/\/koirasalmi.com\/index.php\/wp-json\/wp\/v2\/media?parent=78"}],"curies":[{"name":"wp","href":"https:\/\/api.w.org\/{rel}","templated":true}]}}