{"id":97,"date":"2018-05-08T10:30:20","date_gmt":"2018-05-08T10:30:20","guid":{"rendered":"http:\/\/koirasalmi.com\/?page_id=97"},"modified":"2025-02-25T11:18:29","modified_gmt":"2025-02-25T11:18:29","slug":"ohjelmia","status":"publish","type":"page","link":"https:\/\/koirasalmi.com\/index.php\/yritykset-ryhmat\/ohjelmia\/","title":{"rendered":"Ohjelmia"},"content":{"rendered":"<h3>Ohjelmia yrityksille ja ryhmille tilauksesta<\/h3>\n<div id=\"attachment_539\" style=\"width: 310px\" class=\"wp-caption alignnone\"><img decoding=\"async\" aria-describedby=\"caption-attachment-539\" class=\"wp-image-539 size-medium lazyload\" title=\" Salamaj\u00e4rven kansallispuistossa soilla samoilua kauniina kes\u00e4p\u00e4iv\u00e4n\u00e4\" data-src=\"https:\/\/koirasalmi.com\/wp-content\/uploads\/2018\/05\/Pb300006-1-300x225.jpg\" alt=\" Salamaj\u00e4rven kansallispuistossa soilla samoilua\" width=\"300\" height=\"225\" data-srcset=\"https:\/\/koirasalmi.com\/wp-content\/uploads\/2018\/05\/Pb300006-1-300x225.jpg 300w, https:\/\/koirasalmi.com\/wp-content\/uploads\/2018\/05\/Pb300006-1-768x576.jpg 768w, https:\/\/koirasalmi.com\/wp-content\/uploads\/2018\/05\/Pb300006-1-1024x768.jpg 1024w, https:\/\/koirasalmi.com\/wp-content\/uploads\/2018\/05\/Pb300006-1.jpg 2048w\" data-sizes=\"(max-width: 300px) 100vw, 300px\" src=\"data:image\/svg+xml;base64,PHN2ZyB3aWR0aD0iMSIgaGVpZ2h0PSIxIiB4bWxucz0iaHR0cDovL3d3dy53My5vcmcvMjAwMC9zdmciPjwvc3ZnPg==\" style=\"--smush-placeholder-width: 300px; --smush-placeholder-aspect-ratio: 300\/225;\" \/><p id=\"caption-attachment-539\" class=\"wp-caption-text\">Salamaj\u00e4rven kansallispuistossa soilla samoilua.<\/p><\/div>\n<p>Virksistysp\u00e4iv\u00e4\u00e4n tarjolla mm:<\/p>\n<ul>\n<li>Luonto-mindfulness<\/li>\n<li>Hyv\u00e4n olon polulla<\/li>\n<li>Tiiviiksi tiimiksi<\/li>\n<li>Stressinsallintaa ja kiireenkesytyst\u00e4<\/li>\n<li>Rentouttavaa \u00e4\u00e4nimatkaa keh\u00e4rummun ja laulun kera<\/li>\n<li>Mets\u00e4nhenkien mailla -retki Pienen Koiraj\u00e4rven ymp\u00e4ri muinaisten tarujen, loitsujen ja aistiharjoitusten siivitt\u00e4m\u00e4n\u00e4.<\/li>\n<li>Melonta-patikkaa&#8230;<\/li>\n<\/ul>\n<p><a href=\"http:\/\/koirasalmi.com\/index.php\/ota-yhteytta\/\" target=\"_blank\" rel=\"noopener noreferrer\">Kysy lis\u00e4\u00e4<\/a>, teemme mielell\u00e4mme tarjouksen ryhm\u00e4llesi!<\/p>\n","protected":false},"excerpt":{"rendered":"<p>Ohjelmia yrityksille ja ryhmille tilauksesta Virksistysp\u00e4iv\u00e4\u00e4n tarjolla mm: Luonto-mindfulness Hyv\u00e4n olon polulla Tiiviiksi tiimiksi Stressinsallintaa ja kiireenkesytyst\u00e4 Rentouttavaa \u00e4\u00e4nimatkaa keh\u00e4rummun ja laulun kera Mets\u00e4nhenkien mailla -retki Pienen Koiraj\u00e4rven ymp\u00e4ri muinaisten tarujen, loitsujen ja aistiharjoitusten&#46;&#46;&#46;<\/p>\n","protected":false},"author":1,"featured_media":0,"parent":81,"menu_order":0,"comment_status":"closed","ping_status":"closed","template":"","meta":{"_exactmetrics_skip_tracking":false,"_exactmetrics_sitenote_active":false,"_exactmetrics_sitenote_note":"","_exactmetrics_sitenote_category":0,"footnotes":""},"class_list":["post-97","page","type-page","status-publish","hentry"],"yoast_head":"<!-- This site is optimized with the Yoast SEO plugin v26.8 - https:\/\/yoast.com\/product\/yoast-seo-wordpress\/ -->\n<title>Ohjelmia - Koirasalmi.com<\/title>\n<meta name=\"description\" content=\"Ohjelmia yrityksille ja ryhmille tilauksesta. R\u00e4\u00e4t\u00e4l\u00f6imme teille sopivan paketin virkistysp\u00e4ivi\u00e4nne varten. Paketti voi olla my\u00f6s p\u00e4iv\u00e4retki .\" \/>\n<meta name=\"robots\" content=\"index, follow, max-snippet:-1, max-image-preview:large, max-video-preview:-1\" \/>\n<link rel=\"canonical\" href=\"https:\/\/koirasalmi.com\/index.php\/yritykset-ryhmat\/ohjelmia\/\" \/>\n<meta property=\"og:locale\" content=\"fi_FI\" \/>\n<meta property=\"og:type\" content=\"article\" \/>\n<meta property=\"og:title\" content=\"Ohjelmia - Koirasalmi.com\" \/>\n<meta property=\"og:description\" content=\"Ohjelmia yrityksille ja ryhmille tilauksesta. R\u00e4\u00e4t\u00e4l\u00f6imme teille sopivan paketin virkistysp\u00e4ivi\u00e4nne varten. Paketti voi olla my\u00f6s p\u00e4iv\u00e4retki .\" \/>\n<meta property=\"og:url\" content=\"https:\/\/koirasalmi.com\/index.php\/yritykset-ryhmat\/ohjelmia\/\" \/>\n<meta property=\"og:site_name\" content=\"Koirasalmi.com\" \/>\n<meta property=\"article:publisher\" content=\"https:\/\/www.facebook.com\/koirasalmi\/\" \/>\n<meta property=\"article:modified_time\" content=\"2025-02-25T11:18:29+00:00\" \/>\n<meta property=\"og:image\" content=\"https:\/\/koirasalmi.com\/wp-content\/uploads\/2018\/05\/Pb300006-1.jpg\" \/>\n\t<meta property=\"og:image:width\" content=\"2048\" \/>\n\t<meta property=\"og:image:height\" content=\"1536\" \/>\n\t<meta property=\"og:image:type\" content=\"image\/jpeg\" \/>\n<meta name=\"twitter:card\" content=\"summary_large_image\" \/>\n<meta name=\"twitter:label1\" content=\"Arvioitu lukuaika\" \/>\n\t<meta name=\"twitter:data1\" content=\"1 minuutti\" \/>\n<script type=\"application\/ld+json\" class=\"yoast-schema-graph\">{\"@context\":\"https:\/\/schema.org\",\"@graph\":[{\"@type\":\"WebPage\",\"@id\":\"https:\/\/koirasalmi.com\/index.php\/yritykset-ryhmat\/ohjelmia\/\",\"url\":\"https:\/\/koirasalmi.com\/index.php\/yritykset-ryhmat\/ohjelmia\/\",\"name\":\"Ohjelmia - Koirasalmi.com\",\"isPartOf\":{\"@id\":\"https:\/\/koirasalmi.com\/#website\"},\"primaryImageOfPage\":{\"@id\":\"https:\/\/koirasalmi.com\/index.php\/yritykset-ryhmat\/ohjelmia\/#primaryimage\"},\"image\":{\"@id\":\"https:\/\/koirasalmi.com\/index.php\/yritykset-ryhmat\/ohjelmia\/#primaryimage\"},\"thumbnailUrl\":\"https:\/\/koirasalmi.com\/wp-content\/uploads\/2018\/05\/Pb300006-1-300x225.jpg\",\"datePublished\":\"2018-05-08T10:30:20+00:00\",\"dateModified\":\"2025-02-25T11:18:29+00:00\",\"description\":\"Ohjelmia yrityksille ja ryhmille tilauksesta. R\u00e4\u00e4t\u00e4l\u00f6imme teille sopivan paketin virkistysp\u00e4ivi\u00e4nne varten. Paketti voi olla my\u00f6s p\u00e4iv\u00e4retki .\",\"breadcrumb\":{\"@id\":\"https:\/\/koirasalmi.com\/index.php\/yritykset-ryhmat\/ohjelmia\/#breadcrumb\"},\"inLanguage\":\"fi\",\"potentialAction\":[{\"@type\":\"ReadAction\",\"target\":[\"https:\/\/koirasalmi.com\/index.php\/yritykset-ryhmat\/ohjelmia\/\"]}]},{\"@type\":\"ImageObject\",\"inLanguage\":\"fi\",\"@id\":\"https:\/\/koirasalmi.com\/index.php\/yritykset-ryhmat\/ohjelmia\/#primaryimage\",\"url\":\"https:\/\/koirasalmi.com\/wp-content\/uploads\/2018\/05\/Pb300006-1-300x225.jpg\",\"contentUrl\":\"https:\/\/koirasalmi.com\/wp-content\/uploads\/2018\/05\/Pb300006-1-300x225.jpg\"},{\"@type\":\"BreadcrumbList\",\"@id\":\"https:\/\/koirasalmi.com\/index.php\/yritykset-ryhmat\/ohjelmia\/#breadcrumb\",\"itemListElement\":[{\"@type\":\"ListItem\",\"position\":1,\"name\":\"Home\",\"item\":\"https:\/\/koirasalmi.com\/\"},{\"@type\":\"ListItem\",\"position\":2,\"name\":\"Yritykset\/ryhm\u00e4t\",\"item\":\"https:\/\/koirasalmi.com\/index.php\/yritykset-ryhmat\/\"},{\"@type\":\"ListItem\",\"position\":3,\"name\":\"Ohjelmia\"}]},{\"@type\":\"WebSite\",\"@id\":\"https:\/\/koirasalmi.com\/#website\",\"url\":\"https:\/\/koirasalmi.com\/\",\"name\":\"Koirasalmi.com\",\"description\":\"Koirasalmen luontotupa | Majoitusta, kahvio-\/ruokapalveluita, sauna, aktiviteetteja Salamaj\u00e4rven kansallispuistossa\",\"publisher\":{\"@id\":\"https:\/\/koirasalmi.com\/#organization\"},\"potentialAction\":[{\"@type\":\"SearchAction\",\"target\":{\"@type\":\"EntryPoint\",\"urlTemplate\":\"https:\/\/koirasalmi.com\/?s={search_term_string}\"},\"query-input\":{\"@type\":\"PropertyValueSpecification\",\"valueRequired\":true,\"valueName\":\"search_term_string\"}}],\"inLanguage\":\"fi\"},{\"@type\":\"Organization\",\"@id\":\"https:\/\/koirasalmi.com\/#organization\",\"name\":\"Koirasalmi, Luonnollisesti M&M\",\"url\":\"https:\/\/koirasalmi.com\/\",\"logo\":{\"@type\":\"ImageObject\",\"inLanguage\":\"fi\",\"@id\":\"https:\/\/koirasalmi.com\/#\/schema\/logo\/image\/\",\"url\":\"https:\/\/koirasalmi.com\/wp-content\/uploads\/2019\/10\/Koirasalmi-logo.jpg\",\"contentUrl\":\"https:\/\/koirasalmi.com\/wp-content\/uploads\/2019\/10\/Koirasalmi-logo.jpg\",\"width\":417,\"height\":184,\"caption\":\"Koirasalmi, Luonnollisesti M&M\"},\"image\":{\"@id\":\"https:\/\/koirasalmi.com\/#\/schema\/logo\/image\/\"},\"sameAs\":[\"https:\/\/www.facebook.com\/koirasalmi\/\",\"https:\/\/www.instagram.com\/koirasalmi\/\",\"https:\/\/www.youtube.com\/channel\/UCq4an76hM_pKMTv76pjXW5A?guided_help_flow=3\"]}]}<\/script>\n<!-- \/ Yoast SEO plugin. -->","yoast_head_json":{"title":"Ohjelmia - Koirasalmi.com","description":"Ohjelmia yrityksille ja ryhmille tilauksesta. R\u00e4\u00e4t\u00e4l\u00f6imme teille sopivan paketin virkistysp\u00e4ivi\u00e4nne varten. Paketti voi olla my\u00f6s p\u00e4iv\u00e4retki .","robots":{"index":"index","follow":"follow","max-snippet":"max-snippet:-1","max-image-preview":"max-image-preview:large","max-video-preview":"max-video-preview:-1"},"canonical":"https:\/\/koirasalmi.com\/index.php\/yritykset-ryhmat\/ohjelmia\/","og_locale":"fi_FI","og_type":"article","og_title":"Ohjelmia - Koirasalmi.com","og_description":"Ohjelmia yrityksille ja ryhmille tilauksesta. R\u00e4\u00e4t\u00e4l\u00f6imme teille sopivan paketin virkistysp\u00e4ivi\u00e4nne varten. Paketti voi olla my\u00f6s p\u00e4iv\u00e4retki .","og_url":"https:\/\/koirasalmi.com\/index.php\/yritykset-ryhmat\/ohjelmia\/","og_site_name":"Koirasalmi.com","article_publisher":"https:\/\/www.facebook.com\/koirasalmi\/","article_modified_time":"2025-02-25T11:18:29+00:00","og_image":[{"width":2048,"height":1536,"url":"https:\/\/koirasalmi.com\/wp-content\/uploads\/2018\/05\/Pb300006-1.jpg","type":"image\/jpeg"}],"twitter_card":"summary_large_image","twitter_misc":{"Arvioitu lukuaika":"1 minuutti"},"schema":{"@context":"https:\/\/schema.org","@graph":[{"@type":"WebPage","@id":"https:\/\/koirasalmi.com\/index.php\/yritykset-ryhmat\/ohjelmia\/","url":"https:\/\/koirasalmi.com\/index.php\/yritykset-ryhmat\/ohjelmia\/","name":"Ohjelmia - Koirasalmi.com","isPartOf":{"@id":"https:\/\/koirasalmi.com\/#website"},"primaryImageOfPage":{"@id":"https:\/\/koirasalmi.com\/index.php\/yritykset-ryhmat\/ohjelmia\/#primaryimage"},"image":{"@id":"https:\/\/koirasalmi.com\/index.php\/yritykset-ryhmat\/ohjelmia\/#primaryimage"},"thumbnailUrl":"https:\/\/koirasalmi.com\/wp-content\/uploads\/2018\/05\/Pb300006-1-300x225.jpg","datePublished":"2018-05-08T10:30:20+00:00","dateModified":"2025-02-25T11:18:29+00:00","description":"Ohjelmia yrityksille ja ryhmille tilauksesta. R\u00e4\u00e4t\u00e4l\u00f6imme teille sopivan paketin virkistysp\u00e4ivi\u00e4nne varten. Paketti voi olla my\u00f6s p\u00e4iv\u00e4retki .","breadcrumb":{"@id":"https:\/\/koirasalmi.com\/index.php\/yritykset-ryhmat\/ohjelmia\/#breadcrumb"},"inLanguage":"fi","potentialAction":[{"@type":"ReadAction","target":["https:\/\/koirasalmi.com\/index.php\/yritykset-ryhmat\/ohjelmia\/"]}]},{"@type":"ImageObject","inLanguage":"fi","@id":"https:\/\/koirasalmi.com\/index.php\/yritykset-ryhmat\/ohjelmia\/#primaryimage","url":"https:\/\/koirasalmi.com\/wp-content\/uploads\/2018\/05\/Pb300006-1-300x225.jpg","contentUrl":"https:\/\/koirasalmi.com\/wp-content\/uploads\/2018\/05\/Pb300006-1-300x225.jpg"},{"@type":"BreadcrumbList","@id":"https:\/\/koirasalmi.com\/index.php\/yritykset-ryhmat\/ohjelmia\/#breadcrumb","itemListElement":[{"@type":"ListItem","position":1,"name":"Home","item":"https:\/\/koirasalmi.com\/"},{"@type":"ListItem","position":2,"name":"Yritykset\/ryhm\u00e4t","item":"https:\/\/koirasalmi.com\/index.php\/yritykset-ryhmat\/"},{"@type":"ListItem","position":3,"name":"Ohjelmia"}]},{"@type":"WebSite","@id":"https:\/\/koirasalmi.com\/#website","url":"https:\/\/koirasalmi.com\/","name":"Koirasalmi.com","description":"Koirasalmen luontotupa | Majoitusta, kahvio-\/ruokapalveluita, sauna, aktiviteetteja Salamaj\u00e4rven kansallispuistossa","publisher":{"@id":"https:\/\/koirasalmi.com\/#organization"},"potentialAction":[{"@type":"SearchAction","target":{"@type":"EntryPoint","urlTemplate":"https:\/\/koirasalmi.com\/?s={search_term_string}"},"query-input":{"@type":"PropertyValueSpecification","valueRequired":true,"valueName":"search_term_string"}}],"inLanguage":"fi"},{"@type":"Organization","@id":"https:\/\/koirasalmi.com\/#organization","name":"Koirasalmi, Luonnollisesti M&M","url":"https:\/\/koirasalmi.com\/","logo":{"@type":"ImageObject","inLanguage":"fi","@id":"https:\/\/koirasalmi.com\/#\/schema\/logo\/image\/","url":"https:\/\/koirasalmi.com\/wp-content\/uploads\/2019\/10\/Koirasalmi-logo.jpg","contentUrl":"https:\/\/koirasalmi.com\/wp-content\/uploads\/2019\/10\/Koirasalmi-logo.jpg","width":417,"height":184,"caption":"Koirasalmi, Luonnollisesti M&M"},"image":{"@id":"https:\/\/koirasalmi.com\/#\/schema\/logo\/image\/"},"sameAs":["https:\/\/www.facebook.com\/koirasalmi\/","https:\/\/www.instagram.com\/koirasalmi\/","https:\/\/www.youtube.com\/channel\/UCq4an76hM_pKMTv76pjXW5A?guided_help_flow=3"]}]}},"_links":{"self":[{"href":"https:\/\/koirasalmi.com\/index.php\/wp-json\/wp\/v2\/pages\/97","targetHints":{"allow":["GET"]}}],"collection":[{"href":"https:\/\/koirasalmi.com\/index.php\/wp-json\/wp\/v2\/pages"}],"about":[{"href":"https:\/\/koirasalmi.com\/index.php\/wp-json\/wp\/v2\/types\/page"}],"author":[{"embeddable":true,"href":"https:\/\/koirasalmi.com\/index.php\/wp-json\/wp\/v2\/users\/1"}],"replies":[{"embeddable":true,"href":"https:\/\/koirasalmi.com\/index.php\/wp-json\/wp\/v2\/comments?post=97"}],"version-history":[{"count":17,"href":"https:\/\/koirasalmi.com\/index.php\/wp-json\/wp\/v2\/pages\/97\/revisions"}],"predecessor-version":[{"id":2711,"href":"https:\/\/koirasalmi.com\/index.php\/wp-json\/wp\/v2\/pages\/97\/revisions\/2711"}],"up":[{"embeddable":true,"href":"https:\/\/koirasalmi.com\/index.php\/wp-json\/wp\/v2\/pages\/81"}],"wp:attachment":[{"href":"https:\/\/koirasalmi.com\/index.php\/wp-json\/wp\/v2\/media?parent=97"}],"curies":[{"name":"wp","href":"https:\/\/api.w.org\/{rel}","templated":true}]}}